{"id":161240,"date":"2022-03-30T08:51:35","date_gmt":"2022-03-30T06:51:35","guid":{"rendered":"https:\/\/pizbube.ch\/?post_type=product&#038;p=161240"},"modified":"2025-03-14T12:13:23","modified_gmt":"2025-03-14T11:13:23","slug":"ski-de-randonnee-les-plus-belles-cabanes-et-refuges-non-gardes-du-mont-blanc-a-la-mediterranee","status":"publish","type":"product","link":"https:\/\/pizbube.ch\/en\/shop\/ski-de-randonnee-les-plus-belles-cabanes-et-refuges-non-gardes-du-mont-blanc-a-la-mediterranee\/","title":{"rendered":"SKI DE RANDONNEE &#8211; Les plus belles cabanes et refuges non gard\u00e9s du Mont-Blanc \u00e0 la M\u00e9diterran\u00e9e"},"content":{"rendered":"<p>Ce livre vous propose de vous \u00e9vader en pleine nature skis aux pieds, du massif du Mont-Blanc \u00e0 la Corse, en passant par le Mercantour. Amateurs d\u2019aventure hivernale et skieurs de tous niveaux, vous avez dans les mains une s\u00e9lection des plus belles cabanes et refuges o\u00f9 passer la nuit. Construisez votre itin\u00e9raire de randonn\u00e9e \u00e0 ski \u00e0 partir de celui qui vous est propos\u00e9, faites votre sac et partez d\u00e9couvrir ces petites p\u00e9pites, nich\u00e9es au c\u0153ur de nos montagnes fran\u00e7aises.<\/p>\n<p>Toutes les infos dont vous avez besoin sont pr\u00e9sentes : acc\u00e8s, altitude, comment se chauffer, quoi prendre pour manger et pour dormir, itin\u00e9raire de ski int\u00e9ressant aux alentours, etc. Au fil des pages et \u00e0 travers la s\u00e9lection de photos, c\u2019est un v\u00e9ritable appel de la nature qui vous pousse \u00e0 franchir le pas de votre porte.<\/p>\n<p>Shams Eybert-Berard est guide de haute montagne, passionn\u00e9 de ski de randonn\u00e9e, et d\u2019aventures hivernales, en France et \u00e0 travers l\u2019Asie centrale. Voyageur dans l\u2019\u00e2me, il a sillonn\u00e9 les Alpes, du Mont-Blanc \u00e0 la Corse, \u00e0 la recherche de cabanes insolites, il partage avec nous ses plus belles d\u00e9couvertes.<\/p>\n<p>218 pages<\/p>","protected":false},"excerpt":{"rendered":"<p>Ce livre vous propose de vous \u00e9vader en pleine nature skis aux pieds, du massif du Mont-Blanc \u00e0 la Corse, en passant par le Mercantour. Amateurs d\u2019aventure hivernale et skieurs de tous niveaux, vous avez dans les mains une s\u00e9lection des plus belles cabanes et refuges o\u00f9 passer la nuit. Construisez votre itin\u00e9raire de randonn\u00e9e [&#8230;]\n","protected":false},"featured_media":161248,"template":"","meta":[],"product_brand":[],"product_cat":[21540],"product_tag":[],"class_list":{"0":"post-161240","1":"product","2":"type-product","3":"status-publish","4":"has-post-thumbnail","6":"product_cat-fuehrerliteratur-alpin-winter","7":"pa_autor-eybert-berard","8":"pa_erscheinungsjahr-27013","9":"pa_region-frankreich","10":"pa_sprache-fr","12":"first","13":"instock","14":"taxable","15":"shipping-taxable","16":"purchasable","17":"product-type-simple"},"_links":{"self":[{"href":"https:\/\/pizbube.ch\/en\/wp-json\/wp\/v2\/product\/161240","targetHints":{"allow":["GET"]}}],"collection":[{"href":"https:\/\/pizbube.ch\/en\/wp-json\/wp\/v2\/product"}],"about":[{"href":"https:\/\/pizbube.ch\/en\/wp-json\/wp\/v2\/types\/product"}],"wp:featuredmedia":[{"embeddable":true,"href":"https:\/\/pizbube.ch\/en\/wp-json\/wp\/v2\/media\/161248"}],"wp:attachment":[{"href":"https:\/\/pizbube.ch\/en\/wp-json\/wp\/v2\/media?parent=161240"}],"wp:term":[{"taxonomy":"product_brand","embeddable":true,"href":"https:\/\/pizbube.ch\/en\/wp-json\/wp\/v2\/product_brand?post=161240"},{"taxonomy":"product_cat","embeddable":true,"href":"https:\/\/pizbube.ch\/en\/wp-json\/wp\/v2\/product_cat?post=161240"},{"taxonomy":"product_tag","embeddable":true,"href":"https:\/\/pizbube.ch\/en\/wp-json\/wp\/v2\/product_tag?post=161240"}],"curies":[{"name":"wp","href":"https:\/\/api.w.org\/{rel}","templated":true}]}}