{"id":161255,"date":"2022-03-30T10:26:59","date_gmt":"2022-03-30T08:26:59","guid":{"rendered":"https:\/\/pizbube.ch\/?post_type=product&#038;p=161255"},"modified":"2022-11-16T09:53:14","modified_gmt":"2022-11-16T08:53:14","slug":"raus-aus-zuerich-25-streifzuege-durch-die-natur","status":"publish","type":"product","link":"https:\/\/pizbube.ch\/en\/shop\/raus-aus-zuerich-25-streifzuege-durch-die-natur\/","title":{"rendered":"Raus aus Z\u00fcrich &#8211; 25 Streifz\u00fcge durch die Natur"},"content":{"rendered":"<p class=\"subheadline\">Wandern in der N\u00e4he von Z\u00fcrich<\/p>\n<p>25 Wanderungen f\u00fcr das ganze Jahr.<br \/>\nNaturkundliche, historische und kulturelle Hintergr\u00fcnde.<br \/>\nMit Bahn und Bus maximal 1 Stunde von Z\u00fcrich entfernt.<\/p>\n<p>Natur pur in der Umgebung von Z\u00fcrich: Wilde B\u00e4che, kleine Schluchten, rollende H\u00fcgel, leichte Gipfel, Hochmoore, Seen und Weiher \u2013 es ist alles da, was es f\u00fcr erlebnisreiche Erholung im Gr\u00fcnen braucht. Und das alles h\u00f6chstens eine Stunde von Z\u00fcrich entfernt.Wer auf der Suche nach guten Ideen ist, um allein, mit der Familie oder Freunden eine Halbtageswanderung, einen Abendspaziergang oder einen lockeren Ausflug zu unternehmen, wird in diesem Buch f\u00fcndig.<\/p>\n<p>Die Auswahl reicht vom verwildernden Sihlwald bis zum stillen Leisental, vom lauschigen Meilemer Dorfbachtobel bis zum moorigen Pf\u00e4ffikersee und vom aussichtsreichen Zugerberg bis zum Vogelreservat am Flachsee. Alle Routen sind bestens mit \u00f6ffentlichen Verkehrsmitteln erschlossen, die meisten ganzj\u00e4hrig begehbar. Jede Wanderung ist detailliert beschrieben, ausf\u00fchrliche Texte vermitteln ein lebendiges Bild der besuchten Regionen.<\/p>\n<p><span class=\"book_info\">1. Auflage 2022,<br \/>\nEinband: Broschur mit Klappe<br \/>\nUmfang: 208 Seiten<br \/>\nFormat: 14.5 cm x 22 cm<\/span><\/p>","protected":false},"excerpt":{"rendered":"<p>Wandern in der N\u00e4he von Z\u00fcrich 25 Wanderungen f\u00fcr das ganze Jahr. Naturkundliche, historische und kulturelle Hintergr\u00fcnde. Mit Bahn und Bus maximal 1 Stunde von Z\u00fcrich entfernt. Natur pur in der Umgebung von Z\u00fcrich: Wilde B\u00e4che, kleine Schluchten, rollende H\u00fcgel, leichte Gipfel, Hochmoore, Seen und Weiher \u2013 es ist alles da, was es f\u00fcr erlebnisreiche [&#8230;]\n","protected":false},"featured_media":161256,"template":"","meta":[],"product_brand":[],"product_cat":[21605],"product_tag":[],"class_list":{"0":"post-161255","1":"product","2":"type-product","3":"status-publish","4":"has-post-thumbnail","6":"product_cat-wanderfuehrer-trekking","7":"pa_autor-volken","8":"pa_erscheinungsjahr-27013","9":"pa_region-schweiz","10":"pa_sprache-de","12":"first","13":"instock","14":"taxable","15":"shipping-taxable","16":"purchasable","17":"product-type-simple"},"_links":{"self":[{"href":"https:\/\/pizbube.ch\/en\/wp-json\/wp\/v2\/product\/161255","targetHints":{"allow":["GET"]}}],"collection":[{"href":"https:\/\/pizbube.ch\/en\/wp-json\/wp\/v2\/product"}],"about":[{"href":"https:\/\/pizbube.ch\/en\/wp-json\/wp\/v2\/types\/product"}],"wp:featuredmedia":[{"embeddable":true,"href":"https:\/\/pizbube.ch\/en\/wp-json\/wp\/v2\/media\/161256"}],"wp:attachment":[{"href":"https:\/\/pizbube.ch\/en\/wp-json\/wp\/v2\/media?parent=161255"}],"wp:term":[{"taxonomy":"product_brand","embeddable":true,"href":"https:\/\/pizbube.ch\/en\/wp-json\/wp\/v2\/product_brand?post=161255"},{"taxonomy":"product_cat","embeddable":true,"href":"https:\/\/pizbube.ch\/en\/wp-json\/wp\/v2\/product_cat?post=161255"},{"taxonomy":"product_tag","embeddable":true,"href":"https:\/\/pizbube.ch\/en\/wp-json\/wp\/v2\/product_tag?post=161255"}],"curies":[{"name":"wp","href":"https:\/\/api.w.org\/{rel}","templated":true}]}}