{"id":161363,"date":"2022-04-06T09:20:31","date_gmt":"2022-04-06T07:20:31","guid":{"rendered":"https:\/\/pizbube.ch\/?post_type=product&#038;p=161363"},"modified":"2025-02-18T16:35:29","modified_gmt":"2025-02-18T15:35:29","slug":"von-wegen-eine-frau-allein-auf-der-via-alpina-2363-kilometer-zu-fuss-von-triest-nach-monaco","status":"publish","type":"product","link":"https:\/\/pizbube.ch\/en\/shop\/von-wegen-eine-frau-allein-auf-der-via-alpina-2363-kilometer-zu-fuss-von-triest-nach-monaco\/","title":{"rendered":"VON WEGEN &#8211; Eine Frau allein auf der Via Alpina &#8211; 2363 Kilometer zu Fuss von Triest nach Monaco"},"content":{"rendered":"<p>Christina Ragettli \u00fcberquert in vier Monaten auf der anspruchsvollen roten Via Alpina die Alpen von Triest nach Monaco. Die junge Schweizerin wandert allein mit Zelt und Gaskocher im Rucksack auf 2363 Kilometer durch sechs L\u00e4nder und erlebt dabei einige Abenteuer und verr\u00fcckte Geschichten, die sie zum Teil an ihre Grenzen bringen.<\/p>\n<p>Trotz Schmerzen, K\u00e4lte, tagelangem Regen und scheinbar un\u00fcberwindbaren Herausforderungen &#8211; sie wandert jeden Tag weiter und nennt ihre Erlebnisse fortan Lebenslektionen. Christina Ragettli ist keine Extremsportlerin. Sie ist eine gew\u00f6hnliche junge Frau, die ihren Traum von einer Fernwanderung verwirklicht. Fernwanderungen \u2013 nur etwas f\u00fcr extreme Sportlerinnen und Sportler? VON WEGEN! Christina Ragettli zeigt, dass es auch mit pink lackierten N\u00e4geln geht.<\/p>\n<p>Mit einem Vorwort von Andri Ragettli<\/p>\n<p><span class=\"value\">300 Seiten<\/span>, Papaerback<\/p>","protected":false},"excerpt":{"rendered":"<p>Christina Ragettli \u00fcberquert in vier Monaten auf der anspruchsvollen roten Via Alpina die Alpen von Triest nach Monaco. Die junge Schweizerin wandert allein mit Zelt und Gaskocher im Rucksack auf 2363 Kilometer durch sechs L\u00e4nder und erlebt dabei einige Abenteuer und verr\u00fcckte Geschichten, die sie zum Teil an ihre Grenzen bringen. Trotz Schmerzen, K\u00e4lte, tagelangem [&#8230;]\n","protected":false},"featured_media":161364,"template":"","meta":[],"product_brand":[],"product_cat":[21629,21542],"product_tag":[],"class_list":{"0":"post-161363","1":"product","2":"type-product","3":"status-publish","4":"has-post-thumbnail","6":"product_cat-belletristik","7":"product_cat-sachbuecher-dokumentationen","8":"pa_autor-ragettli","9":"pa_erscheinungsjahr-27129","10":"pa_region-schweiz","11":"pa_sprache-de","13":"first","14":"instock","15":"taxable","16":"shipping-taxable","17":"purchasable","18":"product-type-simple"},"_links":{"self":[{"href":"https:\/\/pizbube.ch\/en\/wp-json\/wp\/v2\/product\/161363","targetHints":{"allow":["GET"]}}],"collection":[{"href":"https:\/\/pizbube.ch\/en\/wp-json\/wp\/v2\/product"}],"about":[{"href":"https:\/\/pizbube.ch\/en\/wp-json\/wp\/v2\/types\/product"}],"wp:featuredmedia":[{"embeddable":true,"href":"https:\/\/pizbube.ch\/en\/wp-json\/wp\/v2\/media\/161364"}],"wp:attachment":[{"href":"https:\/\/pizbube.ch\/en\/wp-json\/wp\/v2\/media?parent=161363"}],"wp:term":[{"taxonomy":"product_brand","embeddable":true,"href":"https:\/\/pizbube.ch\/en\/wp-json\/wp\/v2\/product_brand?post=161363"},{"taxonomy":"product_cat","embeddable":true,"href":"https:\/\/pizbube.ch\/en\/wp-json\/wp\/v2\/product_cat?post=161363"},{"taxonomy":"product_tag","embeddable":true,"href":"https:\/\/pizbube.ch\/en\/wp-json\/wp\/v2\/product_tag?post=161363"}],"curies":[{"name":"wp","href":"https:\/\/api.w.org\/{rel}","templated":true}]}}