{"id":161402,"date":"2022-04-07T16:30:04","date_gmt":"2022-04-07T14:30:04","guid":{"rendered":"https:\/\/pizbube.ch\/?post_type=product&#038;p=161402"},"modified":"2026-04-15T09:30:32","modified_gmt":"2026-04-15T07:30:32","slug":"briancon-climbs-2","status":"publish","type":"product","link":"https:\/\/pizbube.ch\/en\/shop\/briancon-climbs-2\/","title":{"rendered":"Briancon Climbs"},"content":{"rendered":"<p>Escalade Haut Val Durance, Queyras &#8211; Hautes Alpes<\/p>\n<p>This is a comprehensive guidebook covering the rock climbing in the Durance Valley around the towns of Briancon, Ailefroide, La Vallouise, L&#8217;Argentiere- la-bessee and Guillestre. The Durance Valley is located in the Hautes Alps near Grenoble that is sometimes referred to as the Southern Alps or the Ecrins.<\/p>\n<div id=\"comp-jujz8oyj\" class=\"_2Hij5\" data-testid=\"richTextElement\">\n<p class=\"font_8\"><span class=\"color_14\">For its 13th edition, the new guide-book &#171;Brian\u00e7on Climbs&#187; 2022 contains several novelties. Its layout has been modified a little, 12 new sectors have been added, and each climbing site has been updated with the opening or removal of tracnks since 2019. <\/span><\/p>\n<p class=\"font_8\"><span class=\"color_14\">The topo covers several regions: the Vall\u00e9e de la Clar\u00e9e and Vall\u00e9e Etroite, the Guisane Valley, Brian\u00e7on, Vallouise, L&#8217;Argenti\u00e8re-La Bess\u00e9e\/ Ailefroide, La R<\/span><span class=\"color_14\">oche de Rame, Freissin\u00e8res, Tramouillon-Saint Cr\u00e9pin Valley, Guillestre, Queyras and the Embrunais. Climbing sites are often high in altitude. It was favored the opening of new sites on the North face for the summer climb. With this topo, you discover a department where nature is still preserved. <\/span><\/p>\n<p class=\"font_8\">\u200b<span class=\"color_14\">By purchasing this guide-book, you contribute to the opening of new climbing routes and the maintenance of existing sites.<\/span><\/p>\n<\/div>\n<p>This is the new 13th edition of Brian\u00e7on Climbs&#8230;<br \/>\nit describes twelve new sectors \/ areas, the general layout and appearance of the guide has been updated as has the access information for the crags included where this has changed.<\/p>\n<p>No of Pages: 384<\/p>\n<p><strong>SONDERPREIS 13. AUFLAGE: CHF 29.00 STATT 59.80<\/strong><\/p>\n<p>&nbsp;<\/p>\n<div id=\"comp-jb3n1vq6\" class=\"_2Hij5\" data-testid=\"richTextElement\">\n<p class=\"font_8\">Pour sa\u00a0 13\u00e8me \u00e9dition, le nouveau topo &#171;Brian\u00e7on Climbs&#187; 2022 contient plusieurs nouveaut\u00e9s. Sa mise en page a \u00e9t\u00e9 un peu modifi\u00e9e,\u00a0 12 nouveaux secteurs ont \u00e9t\u00e9 ajout\u00e9s, et chaque site de grimpe a \u00e9t\u00e9 mis \u00e0 jour par rapport \u00e0 l&#8217;ouverture ou la suppression de voies depuis 2019.<\/p>\n<p class=\"font_8\">Le topo couvre plusieurs r\u00e9gions : la Vall\u00e9e de la Clar\u00e9e et Vall\u00e9e Etroite, la Vall\u00e9e de la Guisane, Brian\u00e7on, Vallouise, L&#8217;Argenti\u00e8re-La Bess\u00e9e \/ Ailefroide, La Roche de Rame, Freissin\u00e8res, la Vall\u00e9e de Tramouillon-Saint Cr\u00e9pin, Guillestre, Queyras et l&#8217;Embrunais. Les sites d&#8217;escalade sont souvent hauts en altitude. Il a \u00e9t\u00e9 privil\u00e9gi\u00e9 l&#8217;ouverture de nouveaux sites en face Nord pour la grimpe estivale. Avec ce topo, vous d\u00e9couvrez un d\u00e9partement o\u00f9 la nature est encore pr\u00e9serv\u00e9e.<\/p>\n<p class=\"font_8\">En achetant ce topo, vous contribuez \u00e0 l&#8217;ouverture de nouvelles voies d&#8217;escalade et \u00e0 l&#8217;entretien des sites existants.<\/p>\n<p>384 pages<\/p>\n<\/div>","protected":false},"excerpt":{"rendered":"<p>Escalade Haut Val Durance, Queyras &#8211; Hautes Alpes This is a comprehensive guidebook covering the rock climbing in the Durance Valley around the towns of Briancon, Ailefroide, La Vallouise, L&#8217;Argentiere- la-bessee and Guillestre. The Durance Valley is located in the Hautes Alps near Grenoble that is sometimes referred to as the Southern Alps or the [&#8230;]\n","protected":false},"featured_media":161403,"template":"","meta":[],"product_brand":[],"product_cat":[21539],"product_tag":[],"class_list":{"0":"post-161402","1":"product","2":"type-product","3":"status-publish","4":"has-post-thumbnail","6":"product_cat-fuehrerliteratur-sportklettern-bouldern","7":"pa_autor-rolland","8":"pa_erscheinungsjahr-27013","9":"pa_region-frankreich","10":"pa_sprache-fr-en","12":"first","13":"instock","14":"sale","15":"taxable","16":"shipping-taxable","17":"purchasable","18":"product-type-simple"},"_links":{"self":[{"href":"https:\/\/pizbube.ch\/en\/wp-json\/wp\/v2\/product\/161402","targetHints":{"allow":["GET"]}}],"collection":[{"href":"https:\/\/pizbube.ch\/en\/wp-json\/wp\/v2\/product"}],"about":[{"href":"https:\/\/pizbube.ch\/en\/wp-json\/wp\/v2\/types\/product"}],"wp:featuredmedia":[{"embeddable":true,"href":"https:\/\/pizbube.ch\/en\/wp-json\/wp\/v2\/media\/161403"}],"wp:attachment":[{"href":"https:\/\/pizbube.ch\/en\/wp-json\/wp\/v2\/media?parent=161402"}],"wp:term":[{"taxonomy":"product_brand","embeddable":true,"href":"https:\/\/pizbube.ch\/en\/wp-json\/wp\/v2\/product_brand?post=161402"},{"taxonomy":"product_cat","embeddable":true,"href":"https:\/\/pizbube.ch\/en\/wp-json\/wp\/v2\/product_cat?post=161402"},{"taxonomy":"product_tag","embeddable":true,"href":"https:\/\/pizbube.ch\/en\/wp-json\/wp\/v2\/product_tag?post=161402"}],"curies":[{"name":"wp","href":"https:\/\/api.w.org\/{rel}","templated":true}]}}