{"id":161454,"date":"2022-04-13T10:22:20","date_gmt":"2022-04-13T08:22:20","guid":{"rendered":"https:\/\/pizbube.ch\/?post_type=product&#038;p=161454"},"modified":"2025-10-08T09:29:17","modified_gmt":"2025-10-08T07:29:17","slug":"bergseensucht-uri-magical-mountainlakes-uri","status":"publish","type":"product","link":"https:\/\/pizbube.ch\/en\/shop\/bergseensucht-uri-magical-mountainlakes-uri\/","title":{"rendered":"BERGSEENSUCHT URI \/ Magical Mountainlakes Uri"},"content":{"rendered":"<p>48-mal auftauchen, eintauchen und abtauchen.<\/p>\n<p>Die Schweiz ist ein Land voller wundervoller Seen &#8211; und der Kanton Uri erst recht: Hier finden sich so viele und vor allem vielf\u00e4ltige, einzigartige Bergseen. Und davon bekommt man Bergseensucht.<br \/>\nBettina Mattia, die Bergseefee, hat in den vergangenen f\u00fcnf Jahren zahlreiche Bergseen des Kantons Uri erwandert, entdeckt und lieben gelernt.<\/p>\n<p>Und aus Liebe zu den wunderbar-bet\u00f6renden Landschaften nun einen weiteren Bildband kreiert: Neu nun auch die Bergseensucht Edition Uri \u2013 48-mal auftauchen, eintauchen und abtauchen. Ein Abbild der sch\u00f6nsten Bergseenlandschaft der Schweiz.<\/p>\n<p>Wissen, wo&#8217;s langgeht: Wer im Buch den zu jedem Bergsee integrierten QR-Code abfotografiert, erh\u00e4lt obendrauf noch alle wichtigen Info&#8217;s zu den Wanderwegen und Zugang mit \u00f6ffentlichen Verkehrsmitteln. Perfekt zum planen Ihrer n\u00e4chsten Wanderung!<\/p>\n<p>1. Auflage 2022<br \/>\nEinband Hardcover, 304 Seiten, 25&#215;25 cm<br \/>\nmit Schutzumschlag in Englisch, abnehmbar<br \/>\nZweisprachig Deutsch &amp; Englisch<\/p>","protected":false},"excerpt":{"rendered":"<p>48-mal auftauchen, eintauchen und abtauchen. Die Schweiz ist ein Land voller wundervoller Seen &#8211; und der Kanton Uri erst recht: Hier finden sich so viele und vor allem vielf\u00e4ltige, einzigartige Bergseen. Und davon bekommt man Bergseensucht. Bettina Mattia, die Bergseefee, hat in den vergangenen f\u00fcnf Jahren zahlreiche Bergseen des Kantons Uri erwandert, entdeckt und lieben [&#8230;]\n","protected":false},"featured_media":161456,"template":"","meta":[],"product_brand":[],"product_cat":[21542],"product_tag":[27506],"class_list":{"0":"post-161454","1":"product","2":"type-product","3":"status-publish","4":"has-post-thumbnail","6":"product_cat-sachbuecher-dokumentationen","7":"product_tag-bergsehnsucht-uri","8":"pa_autor-mattia","9":"pa_erscheinungsjahr-27013","10":"pa_region-schweiz","11":"pa_sprache-de-en","13":"first","14":"instock","15":"taxable","16":"shipping-taxable","17":"purchasable","18":"product-type-simple"},"_links":{"self":[{"href":"https:\/\/pizbube.ch\/en\/wp-json\/wp\/v2\/product\/161454","targetHints":{"allow":["GET"]}}],"collection":[{"href":"https:\/\/pizbube.ch\/en\/wp-json\/wp\/v2\/product"}],"about":[{"href":"https:\/\/pizbube.ch\/en\/wp-json\/wp\/v2\/types\/product"}],"wp:featuredmedia":[{"embeddable":true,"href":"https:\/\/pizbube.ch\/en\/wp-json\/wp\/v2\/media\/161456"}],"wp:attachment":[{"href":"https:\/\/pizbube.ch\/en\/wp-json\/wp\/v2\/media?parent=161454"}],"wp:term":[{"taxonomy":"product_brand","embeddable":true,"href":"https:\/\/pizbube.ch\/en\/wp-json\/wp\/v2\/product_brand?post=161454"},{"taxonomy":"product_cat","embeddable":true,"href":"https:\/\/pizbube.ch\/en\/wp-json\/wp\/v2\/product_cat?post=161454"},{"taxonomy":"product_tag","embeddable":true,"href":"https:\/\/pizbube.ch\/en\/wp-json\/wp\/v2\/product_tag?post=161454"}],"curies":[{"name":"wp","href":"https:\/\/api.w.org\/{rel}","templated":true}]}}