{"id":161461,"date":"2022-04-13T11:29:55","date_gmt":"2022-04-13T09:29:55","guid":{"rendered":"https:\/\/pizbube.ch\/?post_type=product&#038;p=161461"},"modified":"2022-04-13T11:29:55","modified_gmt":"2022-04-13T09:29:55","slug":"turkart-leirvassbu-150000","status":"publish","type":"product","link":"https:\/\/pizbube.ch\/en\/shop\/turkart-leirvassbu-150000\/","title":{"rendered":"Turkart Leirvassbu 1:50&#8217;000"},"content":{"rendered":"<p align=\"left\"><span style=\"color: #000000;font-family: Arial;font-size: small\">Diese wetterfeste topographische Karte im Ma\u00dfstab 1:50.000 aus den norwegischen Verlagen Fri Flyt AS und Mesterkart zeigt im farbigen \u00dcberdr\u00fcck Sommer- und Winterrouten f\u00fcr Skifahrer und Wanderer f\u00fcr die Region Jotunheimens rund um Leirvassbu. Die Touren f\u00fchren auf die Berge Sm\u00f8rstabbtindane, Storebj\u00f8rn, Visbretinden, Galdh\u00f8piggen und H\u00f8gvagltindane.<\/span><\/p>\n<p align=\"left\"><span style=\"color: #000000;font-family: Arial;font-size: small\">Karteninhalt:<br \/>\ntopographische Karte mit Stra\u00dfen, Wegen, Orten, Wohnpl\u00e4tzen, Gew\u00e4ssern, Landschaftsnamen, Grenzen, Landschaftsformen, H\u00f6henlinien, H\u00f6henpunkte etc.; touristische Informationen im farbigen Aufdruck: markierte und unmarkierte Wanderwege und Skirouren, H\u00fctten, Wintersporteinrichtungen, Serviceeinrichtungn u.a.; UTM-Gitter eingedruckt, Kartendatum: WGS84, Legende: norwegisch, englisch<\/span><\/p>\n<p align=\"left\"><span style=\"font-family: Arial;font-size: small\"><span style=\"color: #000000\">Auflage:<\/span><\/span><span style=\"color: #000000;font-family: Arial;font-size: small\"> 2012 mit Aktualisierungen 2020<\/span><\/p>\n<p class=\"text-left font-italic text-body\">Kart for Leirvassbu i Jotunheimen med inntegnede ruter for fotturer og skiturer.<br \/>\nKartet for hele \u00e5ret med inntegnede g\u00e5turer og skiturer. Kartet er utformet av Mesterkart, prisbel\u00f8nt kartmaker anerkjent for \u00e5 lage kart med sv\u00e6rt h\u00f8y kvalitet.<\/p>\n<p>Leirvassbukartet dekker flotte omr\u00e5der i Jotunheimen, blant annet Sm\u00f8rstabbtindane, Storebj\u00f8rn, Visbretinden, Galdh\u00f8piggen, H\u00f8gvagltindane.<\/p>\n<p class=\"text-left font-italic text-body\">Leirvassbu fjellstue ligger fantastisk plassert i Jotunheimen ved Leirvatnet i Leirdalen. Hytta ligger 1400 moh og er et godt utgangspunkt for toppturer sommer som vinter, med en rekke 2000-meterstoppar rett utanfor d\u00f8ra. Faktisk kan du n\u00e5 nesten 50 topper over 2000 mo.h fra hytta.<\/p>","protected":false},"excerpt":{"rendered":"<p>Diese wetterfeste topographische Karte im Ma\u00dfstab 1:50.000 aus den norwegischen Verlagen Fri Flyt AS und Mesterkart zeigt im farbigen \u00dcberdr\u00fcck Sommer- und Winterrouten f\u00fcr Skifahrer und Wanderer f\u00fcr die Region Jotunheimens rund um Leirvassbu. Die Touren f\u00fchren auf die Berge Sm\u00f8rstabbtindane, Storebj\u00f8rn, Visbretinden, Galdh\u00f8piggen und H\u00f8gvagltindane. Karteninhalt: topographische Karte mit Stra\u00dfen, Wegen, Orten, Wohnpl\u00e4tzen, Gew\u00e4ssern, [&#8230;]\n","protected":false},"featured_media":161462,"template":"","meta":[],"product_brand":[],"product_cat":[21543],"product_tag":[],"class_list":{"0":"post-161461","1":"product","2":"type-product","3":"status-publish","4":"has-post-thumbnail","6":"product_cat-landkarten","7":"pa_autor-mesterkart-friflyt","8":"pa_erscheinungsjahr-21558","9":"pa_region-skandinavien-norwegen-schweden-finnland","10":"pa_sprache-norweg-en","12":"first","13":"instock","14":"taxable","15":"shipping-taxable","16":"purchasable","17":"product-type-simple"},"_links":{"self":[{"href":"https:\/\/pizbube.ch\/en\/wp-json\/wp\/v2\/product\/161461","targetHints":{"allow":["GET"]}}],"collection":[{"href":"https:\/\/pizbube.ch\/en\/wp-json\/wp\/v2\/product"}],"about":[{"href":"https:\/\/pizbube.ch\/en\/wp-json\/wp\/v2\/types\/product"}],"wp:featuredmedia":[{"embeddable":true,"href":"https:\/\/pizbube.ch\/en\/wp-json\/wp\/v2\/media\/161462"}],"wp:attachment":[{"href":"https:\/\/pizbube.ch\/en\/wp-json\/wp\/v2\/media?parent=161461"}],"wp:term":[{"taxonomy":"product_brand","embeddable":true,"href":"https:\/\/pizbube.ch\/en\/wp-json\/wp\/v2\/product_brand?post=161461"},{"taxonomy":"product_cat","embeddable":true,"href":"https:\/\/pizbube.ch\/en\/wp-json\/wp\/v2\/product_cat?post=161461"},{"taxonomy":"product_tag","embeddable":true,"href":"https:\/\/pizbube.ch\/en\/wp-json\/wp\/v2\/product_tag?post=161461"}],"curies":[{"name":"wp","href":"https:\/\/api.w.org\/{rel}","templated":true}]}}