{"id":161482,"date":"2022-04-14T15:15:45","date_gmt":"2022-04-14T13:15:45","guid":{"rendered":"https:\/\/pizbube.ch\/?post_type=product&#038;p=161482"},"modified":"2024-07-26T12:28:25","modified_gmt":"2024-07-26T10:28:25","slug":"multipitch-nelle-valli-torinesi","status":"publish","type":"product","link":"https:\/\/pizbube.ch\/en\/shop\/multipitch-nelle-valli-torinesi\/","title":{"rendered":"MULTIPITCH nelle VALLI TORINESI"},"content":{"rendered":"<p>MULTIPITCH nelle VALLI TORINESI<\/p>\n<p><em>90 vie a pi\u00f9 tiri per chi arriva dalla falesia<\/em><\/p>\n<p>Vi sar\u00e0 capitato di vedere qualcuno in falesia che osa proseguire oltre la lunghezza di un singolo monotiro. Cordini a tracolla, scarpe all\u2019imbrago e zaino in spalla. Lo avrete anche sentito urlare frasi strane al suo compagno, legato alle due corde che li uniscono. Perch\u00e9 \u00e8 questo che si fa in via lunga. Ci si lega insieme, si crea un legame. Ogni emozione \u00e8 condivisa. Ecco, se per almeno un attimo li avete guardati sognanti o incuriositi, allora questa \u00e8 la guida per voi. Un percorso completo vi permetter\u00e0 di seguire le orme di chi guardate con il naso al cielo ma con i piedi a terra.<\/p>\n<p>Perch\u00e9 le guide a questo servono, a indicarci il cammino, a trasportarci verso una meta. Ci legheremo con voi e vi porteremo a scoprire le vie lunghe pi\u00f9 facili e interessanti del torinese, dal 4c al 6b+. Tutti i <em>multipitch<\/em> presenti, inseriti e proposti in progressione, sono stati selezionati per offrirvi un\u2019arrampicata divertente e <em>plaisir<\/em>. L\u2019obiettivo \u00e8 migliorare la sicurezza, la confidenza e il grado in via lunga, evitando spiacevoli sorprese.<\/p>\n<p>Ma non\u00e8 solo un semplice elenco di vie sportive, al suo interno troverete curiosit\u00e0, cenni storici, ripassi tecnici e brevi approfondimenti. Insomma, un vero e proprio libro che vi terr\u00e0 compagnia anche nelle giornate lontane dalla roccia.<\/p>\n<p>288 pagine<\/p>\n<p>&nbsp;<\/p>\n<p>MULTIPITCH nelle VALLI TORINESI<\/p>\n<p><em>90 Mehrseilla\u0308ngen fu\u0308r alle, die nur Kletterga\u0308rten kennen<\/em><\/p>\n<p>Es ist dir wahrscheinlich schon mal passiert Es ist dir wahrscheinlich schon mal passiert, dass du im Klettergarten jemanden beobachten konntest, der mit Reepschnu\u0308ren, Rucksack und Kletterschuhen am Gurt die 30 m einer einzelnen Seilla\u0308nge hinter sich gelassen und dabei seinem Seilpartner am anderen Ende der zwei Seile komische Sachen zugerufen hat. Das ist genau das, was man in einer Mehrseilroute so macht. Wenn du mindestens einen Augenblick fasziniert von den beiden warst, dann ist dieser Fu\u0308hrer genau das richtige fu\u0308r dich.<\/p>\n<p>Ein vollsta\u0308ndiger Leitfaden, der es dir ermo\u0308glichen wird, all jenen zu folgen, die du jenseits des ersten Umlenkers im Klettergarten beobachtet hast. Wir werden <strong>die einfachsten und interessantesten Mehrseilrouten der Gegend um Turin vorstellen<\/strong>, mit Schwierigkeitsgraden von 4c bis 6b+. Alle hier vorgeschlagenen Multipitch wurden eigens dafu\u0308r ausgewa\u0308hlt, um dir tolle tage im Fels und viel Kletterspa\u00df zu bieten. Das Ziel dieses Buches ist es, die Sicherheit und das Vertrauen in einer Mehrseiltour zu verbessern, um so unangenehme U\u0308berraschungen zu vermeiden. Es ist nicht einfach nur eine Auflistung an langen Sportrouten, neben den Routenbeschreibungen findest du auch Infos zur Geschichte, Technik und kurze Vertiefungen zum Thema. Alles in allem ein toller Begleiter, auch an Tagen fernab vom Fels.<\/p>\n<p>288 Seiten, in ital. Sprache<\/p>","protected":false},"excerpt":{"rendered":"<p>MULTIPITCH nelle VALLI TORINESI 90 vie a pi\u00f9 tiri per chi arriva dalla falesia Vi sar\u00e0 capitato di vedere qualcuno in falesia che osa proseguire oltre la lunghezza di un singolo monotiro. Cordini a tracolla, scarpe all\u2019imbrago e zaino in spalla. Lo avrete anche sentito urlare frasi strane al suo compagno, legato alle due corde [&#8230;]\n","protected":false},"featured_media":161483,"template":"","meta":[],"product_brand":[],"product_cat":[21539],"product_tag":[],"class_list":{"0":"post-161482","1":"product","2":"type-product","3":"status-publish","4":"has-post-thumbnail","6":"product_cat-fuehrerliteratur-sportklettern-bouldern","7":"pa_autor-gandiglio-allegri-carone","8":"pa_erscheinungsjahr-27013","9":"pa_region-italien","10":"pa_sprache-it","12":"first","13":"instock","14":"taxable","15":"shipping-taxable","16":"purchasable","17":"product-type-simple"},"_links":{"self":[{"href":"https:\/\/pizbube.ch\/en\/wp-json\/wp\/v2\/product\/161482","targetHints":{"allow":["GET"]}}],"collection":[{"href":"https:\/\/pizbube.ch\/en\/wp-json\/wp\/v2\/product"}],"about":[{"href":"https:\/\/pizbube.ch\/en\/wp-json\/wp\/v2\/types\/product"}],"wp:featuredmedia":[{"embeddable":true,"href":"https:\/\/pizbube.ch\/en\/wp-json\/wp\/v2\/media\/161483"}],"wp:attachment":[{"href":"https:\/\/pizbube.ch\/en\/wp-json\/wp\/v2\/media?parent=161482"}],"wp:term":[{"taxonomy":"product_brand","embeddable":true,"href":"https:\/\/pizbube.ch\/en\/wp-json\/wp\/v2\/product_brand?post=161482"},{"taxonomy":"product_cat","embeddable":true,"href":"https:\/\/pizbube.ch\/en\/wp-json\/wp\/v2\/product_cat?post=161482"},{"taxonomy":"product_tag","embeddable":true,"href":"https:\/\/pizbube.ch\/en\/wp-json\/wp\/v2\/product_tag?post=161482"}],"curies":[{"name":"wp","href":"https:\/\/api.w.org\/{rel}","templated":true}]}}