{"id":161530,"date":"2022-04-20T09:19:01","date_gmt":"2022-04-20T07:19:01","guid":{"rendered":"https:\/\/pizbube.ch\/?post_type=product&#038;p=161530"},"modified":"2022-04-20T09:28:22","modified_gmt":"2022-04-20T07:28:22","slug":"das-herz-der-hoehe-eine-kultur-und-seelengeschichte-des-bergsteigens","status":"publish","type":"product","link":"https:\/\/pizbube.ch\/en\/shop\/das-herz-der-hoehe-eine-kultur-und-seelengeschichte-des-bergsteigens\/","title":{"rendered":"Das Herz der H\u00f6he &#8211; Eine Kultur- und Seelengeschichte des Bergsteigens"},"content":{"rendered":"<p><span class=\"value\">\u00c4u\u00dfere Rekorde, Erstersteigungen und menschliche H\u00f6chstleistungen &#8211; sie standen h\u00e4ufig im Mittelpunkt, wenn es um die Geschichtsschreibung des Alpinismus ging. Dieser Band hat ein anderes Interesse: Er versucht, den inneren Zust\u00e4nden der Bergg\u00e4nger und den historischen Ver\u00e4nderungen der Seele beim Bergsteigen auf den Grund zu gehen. <\/span><\/p>\n<p><span class=\"value\">Die zug\u00e4nglichen Quellen lassen erkennen, dass der Drang, auf die Berge zu steigen, eine historisch junge Erscheinung ist. Und sie erz\u00e4hlen erstaunlich offen von Erfahrungen, die im Nachhinein oft als peinlich empfunden wurden: von dem Eingest\u00e4ndnis, am Berg k\u00f6rperlich versagt zu haben, von der Erfahrung von Angst, von ungewohnten k\u00f6rperlichen Irritationen und von einem unerwarteten, tiefen Erschrecken nach dem Erreichen des Gipfels da, wo wir Heutigen uns erleichtert, stolz und gl\u00fccklich einen Berggru\u00df zurufen.<\/span><\/p>\n<p>Fester Einband, 430 Seiten;<br \/>\n<span class=\"value\">schwarz-weiss Illustrationen<\/span><\/p>","protected":false},"excerpt":{"rendered":"<p>\u00c4u\u00dfere Rekorde, Erstersteigungen und menschliche H\u00f6chstleistungen &#8211; sie standen h\u00e4ufig im Mittelpunkt, wenn es um die Geschichtsschreibung des Alpinismus ging. Dieser Band hat ein anderes Interesse: Er versucht, den inneren Zust\u00e4nden der Bergg\u00e4nger und den historischen Ver\u00e4nderungen der Seele beim Bergsteigen auf den Grund zu gehen. Die zug\u00e4nglichen Quellen lassen erkennen, dass der Drang, auf [&#8230;]\n","protected":false},"featured_media":161531,"template":"","meta":[],"product_brand":[],"product_cat":[21542],"product_tag":[],"class_list":{"0":"post-161530","1":"product","2":"type-product","3":"status-publish","4":"has-post-thumbnail","6":"product_cat-sachbuecher-dokumentationen","7":"pa_autor-scharfe","8":"pa_erscheinungsjahr-25440","9":"pa_region-deutschland","10":"pa_sprache-de","12":"first","13":"instock","14":"taxable","15":"shipping-taxable","16":"purchasable","17":"product-type-simple"},"_links":{"self":[{"href":"https:\/\/pizbube.ch\/en\/wp-json\/wp\/v2\/product\/161530","targetHints":{"allow":["GET"]}}],"collection":[{"href":"https:\/\/pizbube.ch\/en\/wp-json\/wp\/v2\/product"}],"about":[{"href":"https:\/\/pizbube.ch\/en\/wp-json\/wp\/v2\/types\/product"}],"wp:featuredmedia":[{"embeddable":true,"href":"https:\/\/pizbube.ch\/en\/wp-json\/wp\/v2\/media\/161531"}],"wp:attachment":[{"href":"https:\/\/pizbube.ch\/en\/wp-json\/wp\/v2\/media?parent=161530"}],"wp:term":[{"taxonomy":"product_brand","embeddable":true,"href":"https:\/\/pizbube.ch\/en\/wp-json\/wp\/v2\/product_brand?post=161530"},{"taxonomy":"product_cat","embeddable":true,"href":"https:\/\/pizbube.ch\/en\/wp-json\/wp\/v2\/product_cat?post=161530"},{"taxonomy":"product_tag","embeddable":true,"href":"https:\/\/pizbube.ch\/en\/wp-json\/wp\/v2\/product_tag?post=161530"}],"curies":[{"name":"wp","href":"https:\/\/api.w.org\/{rel}","templated":true}]}}