{"id":161677,"date":"2022-04-27T14:49:18","date_gmt":"2022-04-27T12:49:18","guid":{"rendered":"https:\/\/pizbube.ch\/?post_type=product&#038;p=161677"},"modified":"2022-04-29T08:24:35","modified_gmt":"2022-04-29T06:24:35","slug":"flora-helvetica-exkursionsflora","status":"publish","type":"product","link":"https:\/\/pizbube.ch\/en\/shop\/flora-helvetica-exkursionsflora\/","title":{"rendered":"Flora Helvetica &#8211; Exkursionsflora"},"content":{"rendered":"<div class=\"shortdesc headlines\">\n<p>Mit der \u00abExkursionsflora\u00bb k\u00f6nnen alle in der Schweiz vorkommenden Gef\u00e4\u00dfpflanzen mit ausf\u00fchrlichen und leicht verst\u00e4ndlichen Bestimmungsschl\u00fcsseln identifiziert werden, wobei gro\u00dfer Wert auf gut erkennbare, feldtaugliche Merkmale gelegt wurde.<br \/>\nBei vielen Arten erleichtern Detailzeichnungen die Bestimmung. Mit den Angaben zu Lebensraum, Bl\u00fchzeitpunkt und Verbreitung, veranschaulicht durch \u00fcber 3000 Verbreitungskarten, erh\u00e4lt man in kompakter Weise die wichtigsten Zusatzinformationen.<\/p>\n<p>Die \u00abExkursionsflora\u00bb behandelt s\u00e4mtliche 4000 in der Schweiz wild vorkommenden Arten der offiziellen Checkliste von Info Flora. F\u00fcr die 2. Auflage wurde das Werk von Info Flora erweitert, \u00fcberarbeitet und aktualisiert.<\/p>\n<ul>\n<li>Der unentbehrliche Begleiter zur \u00abFlora Helvetica\u00bb \u2013 jetzt in \u00fcberarbeiteter und erg\u00e4nzter 2. Auflage.<\/li>\n<li>Alltagstauglich und genau: Detailzeichnungen und die Beschreibung gut erkennbarer Merkmale erleichtern die Bestimmung.<\/li>\n<li>S\u00e4mtliche 4000 in der Schweiz wild vorkommenden Arten.<\/li>\n<li>Feldtaugliches Gewicht durch D\u00fcnndruckpapier.<\/li>\n<\/ul>\n<\/div>\n<p>2., \u00fcberarbeitete Auflage 2022<br \/>\n848 Seiten, \u00fcber 2250 Zeichnungen, 22 Tafelseiten<br \/>\nFlexobroschur, 13 x 19,3 cm, 680 g<\/p>","protected":false},"excerpt":{"rendered":"<p>Mit der \u00abExkursionsflora\u00bb k\u00f6nnen alle in der Schweiz vorkommenden Gef\u00e4\u00dfpflanzen mit ausf\u00fchrlichen und leicht verst\u00e4ndlichen Bestimmungsschl\u00fcsseln identifiziert werden, wobei gro\u00dfer Wert auf gut erkennbare, feldtaugliche Merkmale gelegt wurde. Bei vielen Arten erleichtern Detailzeichnungen die Bestimmung. Mit den Angaben zu Lebensraum, Bl\u00fchzeitpunkt und Verbreitung, veranschaulicht durch \u00fcber 3000 Verbreitungskarten, erh\u00e4lt man in kompakter Weise die wichtigsten [&#8230;]\n","protected":false},"featured_media":161678,"template":"","meta":[],"product_brand":[],"product_cat":[21538,21542],"product_tag":[],"class_list":{"0":"post-161677","1":"product","2":"type-product","3":"status-publish","4":"has-post-thumbnail","6":"product_cat-lehrbuecher","7":"product_cat-sachbuecher-dokumentationen","8":"pa_autor-info-flora-hrsg","9":"pa_erscheinungsjahr-27013","10":"pa_region-fauna-flora-geologie-glaziologie","11":"pa_region-schweiz","12":"pa_sprache-de","14":"first","15":"instock","16":"taxable","17":"shipping-taxable","18":"purchasable","19":"product-type-simple"},"_links":{"self":[{"href":"https:\/\/pizbube.ch\/en\/wp-json\/wp\/v2\/product\/161677","targetHints":{"allow":["GET"]}}],"collection":[{"href":"https:\/\/pizbube.ch\/en\/wp-json\/wp\/v2\/product"}],"about":[{"href":"https:\/\/pizbube.ch\/en\/wp-json\/wp\/v2\/types\/product"}],"wp:featuredmedia":[{"embeddable":true,"href":"https:\/\/pizbube.ch\/en\/wp-json\/wp\/v2\/media\/161678"}],"wp:attachment":[{"href":"https:\/\/pizbube.ch\/en\/wp-json\/wp\/v2\/media?parent=161677"}],"wp:term":[{"taxonomy":"product_brand","embeddable":true,"href":"https:\/\/pizbube.ch\/en\/wp-json\/wp\/v2\/product_brand?post=161677"},{"taxonomy":"product_cat","embeddable":true,"href":"https:\/\/pizbube.ch\/en\/wp-json\/wp\/v2\/product_cat?post=161677"},{"taxonomy":"product_tag","embeddable":true,"href":"https:\/\/pizbube.ch\/en\/wp-json\/wp\/v2\/product_tag?post=161677"}],"curies":[{"name":"wp","href":"https:\/\/api.w.org\/{rel}","templated":true}]}}