{"id":161696,"date":"2022-04-27T17:55:02","date_gmt":"2022-04-27T15:55:02","guid":{"rendered":"https:\/\/pizbube.ch\/?post_type=product&#038;p=161696"},"modified":"2022-04-27T17:55:02","modified_gmt":"2022-04-27T15:55:02","slug":"derborence-eine-graphic-novel","status":"publish","type":"product","link":"https:\/\/pizbube.ch\/en\/shop\/derborence-eine-graphic-novel\/","title":{"rendered":"Derborence &#8211; Eine Graphic Novel"},"content":{"rendered":"<p><em>Derborence <\/em>ist die Geschichte eines Berges.<br \/>\nEs ist auch die Geschichte von trauernden Dorfbewohnern, die glauben, Geister zu sehen: von einem Mann, der herumalbert und den Verstand verliert, und von einer Frau, die die Hoffnung nicht aufgibt.<\/p>\n<p class=\"p1\">Eine tragische Geschichte, liebenswerte Charaktere und raue Berglandschaften: Das ber\u00fchmte Buch von Charles Ferdinand Ramuz eignet sich wunderbar zur Illustration. Es wurde ausgew\u00e4hlt, um die neue Helvetiq-Kollektion zu lancieren: ein Triptychon an Graphic Novels aus dem Werk des grossen franz\u00f6sischsprachigen Schriftstellers.<\/p>\n<p class=\"p1\">Durch die Adaption und Illustration von <em>Derborence <\/em>hat Fabian Menor versucht, die Verbindungen zwischen den Charakteren hervorzuheben. Er w\u00e4hlte Pinsel und Tusche, um die besondere Atmosph\u00e4re des Hochgebirges optisch zu vermitteln.<\/p>\n<p>128 Seiten; 18&#215;26 cm<\/p>","protected":false},"excerpt":{"rendered":"<p>Derborence ist die Geschichte eines Berges. Es ist auch die Geschichte von trauernden Dorfbewohnern, die glauben, Geister zu sehen: von einem Mann, der herumalbert und den Verstand verliert, und von einer Frau, die die Hoffnung nicht aufgibt. Eine tragische Geschichte, liebenswerte Charaktere und raue Berglandschaften: Das ber\u00fchmte Buch von Charles Ferdinand Ramuz eignet sich wunderbar [&#8230;]\n","protected":false},"featured_media":161697,"template":"","meta":[],"product_brand":[],"product_cat":[21629,21580,21542],"product_tag":[],"class_list":{"0":"post-161696","1":"product","2":"type-product","3":"status-publish","4":"has-post-thumbnail","6":"product_cat-belletristik","7":"product_cat-kunst-kultur","8":"product_cat-sachbuecher-dokumentationen","9":"pa_autor-menor-ramuz","10":"pa_erscheinungsjahr-27013","11":"pa_region-schweiz","12":"pa_sprache-de","14":"first","15":"instock","16":"taxable","17":"shipping-taxable","18":"purchasable","19":"product-type-simple"},"_links":{"self":[{"href":"https:\/\/pizbube.ch\/en\/wp-json\/wp\/v2\/product\/161696","targetHints":{"allow":["GET"]}}],"collection":[{"href":"https:\/\/pizbube.ch\/en\/wp-json\/wp\/v2\/product"}],"about":[{"href":"https:\/\/pizbube.ch\/en\/wp-json\/wp\/v2\/types\/product"}],"wp:featuredmedia":[{"embeddable":true,"href":"https:\/\/pizbube.ch\/en\/wp-json\/wp\/v2\/media\/161697"}],"wp:attachment":[{"href":"https:\/\/pizbube.ch\/en\/wp-json\/wp\/v2\/media?parent=161696"}],"wp:term":[{"taxonomy":"product_brand","embeddable":true,"href":"https:\/\/pizbube.ch\/en\/wp-json\/wp\/v2\/product_brand?post=161696"},{"taxonomy":"product_cat","embeddable":true,"href":"https:\/\/pizbube.ch\/en\/wp-json\/wp\/v2\/product_cat?post=161696"},{"taxonomy":"product_tag","embeddable":true,"href":"https:\/\/pizbube.ch\/en\/wp-json\/wp\/v2\/product_tag?post=161696"}],"curies":[{"name":"wp","href":"https:\/\/api.w.org\/{rel}","templated":true}]}}