{"id":161721,"date":"2022-04-29T08:45:32","date_gmt":"2022-04-29T06:45:32","guid":{"rendered":"https:\/\/pizbube.ch\/?post_type=product&#038;p=161721"},"modified":"2022-04-29T08:45:33","modified_gmt":"2022-04-29T06:45:33","slug":"der-berg-analog","status":"publish","type":"product","link":"https:\/\/pizbube.ch\/en\/shop\/der-berg-analog\/","title":{"rendered":"Der Berg Analog"},"content":{"rendered":"<p>Der Berg ist ein Bindeglied zwischen Himmel und Erde, Menschen und G\u00f6ttern: Symbol des Aufstiegs und Allegorie des h\u00f6chsten Seins. Eine solche Analogiekraft kann jedoch nur ein Berg aus\u00fcben, dessen Gipfel den Menschen unzug\u00e4nglich ist. Dazu aber muss er geographisch verortbar sein, also tats\u00e4chlich existieren, wenn er den Weg zum H\u00f6heren nicht nur bedeuten, sondern als reale M\u00f6glichkeit darstellen soll.<\/p>\n<p>Ausgehend von dieser Deduktion macht sich eine Gruppe von Bergsteigern auf die Suche nach jenem unsichtbaren, aber notwendig existierenden Berg: dem Analog. Mit Ausdauer, Witz und Kenntnissen in nicht-euklidischer Geometrie erreichen sie schlie\u00dflich eine Welt voller fremder Gesetze und Mythen, in der jeder Schritt hinauf zum Gipfel einen Verlust der alten Gewissheiten mit sich bringt.<\/p>\n<p><em>Der Berg Analog<\/em> ist vieles zugleich: Science-Fiction- und Abenteuerroman, philosophische Meditation und alpinistischer Traktat. Ernst und Ironie, meta- und pataphysische Spekulationen werden von Ren\u00e9 Daumal zu einem Werk von vielfachem Schriftsinn verwoben. Die vorliegende Ausgabe macht dieses auf deutsch lange vergriffene Buch in einer neuen \u00dcbersetzung zug\u00e4nglich, die erstmals den vollst\u00e4ndigen Text bietet.<\/p>\n<p>Herausgeber: Maximilian Gille\u00dfen, Anton Stuckardt<br \/>\n\u00dcbersetzung: Maximilian Gille\u00dfen<br \/>\nGestaltung: Anton Stuckardt, Simon Knebl, Andrea di Serego, Arno Schlipf, Leonie Lude<\/p>","protected":false},"excerpt":{"rendered":"<p>Der Berg ist ein Bindeglied zwischen Himmel und Erde, Menschen und G\u00f6ttern: Symbol des Aufstiegs und Allegorie des h\u00f6chsten Seins. Eine solche Analogiekraft kann jedoch nur ein Berg aus\u00fcben, dessen Gipfel den Menschen unzug\u00e4nglich ist. Dazu aber muss er geographisch verortbar sein, also tats\u00e4chlich existieren, wenn er den Weg zum H\u00f6heren nicht nur bedeuten, sondern [&#8230;]\n","protected":false},"featured_media":161722,"template":"","meta":[],"product_brand":[],"product_cat":[21629,21580],"product_tag":[],"class_list":{"0":"post-161721","1":"product","2":"type-product","3":"status-publish","4":"has-post-thumbnail","6":"product_cat-belletristik","7":"product_cat-kunst-kultur","8":"pa_autor-daumal","9":"pa_erscheinungsjahr-27013","10":"pa_region-frankreich","11":"pa_sprache-de","13":"first","14":"instock","15":"taxable","16":"shipping-taxable","17":"purchasable","18":"product-type-simple"},"_links":{"self":[{"href":"https:\/\/pizbube.ch\/en\/wp-json\/wp\/v2\/product\/161721","targetHints":{"allow":["GET"]}}],"collection":[{"href":"https:\/\/pizbube.ch\/en\/wp-json\/wp\/v2\/product"}],"about":[{"href":"https:\/\/pizbube.ch\/en\/wp-json\/wp\/v2\/types\/product"}],"wp:featuredmedia":[{"embeddable":true,"href":"https:\/\/pizbube.ch\/en\/wp-json\/wp\/v2\/media\/161722"}],"wp:attachment":[{"href":"https:\/\/pizbube.ch\/en\/wp-json\/wp\/v2\/media?parent=161721"}],"wp:term":[{"taxonomy":"product_brand","embeddable":true,"href":"https:\/\/pizbube.ch\/en\/wp-json\/wp\/v2\/product_brand?post=161721"},{"taxonomy":"product_cat","embeddable":true,"href":"https:\/\/pizbube.ch\/en\/wp-json\/wp\/v2\/product_cat?post=161721"},{"taxonomy":"product_tag","embeddable":true,"href":"https:\/\/pizbube.ch\/en\/wp-json\/wp\/v2\/product_tag?post=161721"}],"curies":[{"name":"wp","href":"https:\/\/api.w.org\/{rel}","templated":true}]}}