{"id":161748,"date":"2022-04-30T10:53:15","date_gmt":"2022-04-30T08:53:15","guid":{"rendered":"https:\/\/pizbube.ch\/?post_type=product&#038;p=161748"},"modified":"2024-10-01T11:38:15","modified_gmt":"2024-10-01T09:38:15","slug":"escalade-dans-le-doubs","status":"publish","type":"product","link":"https:\/\/pizbube.ch\/en\/shop\/escalade-dans-le-doubs\/","title":{"rendered":"Escalade dans le Doubs"},"content":{"rendered":"<p>Avec plus de 350 pages et pr\u00e9sentant l&#8217;ensemble des sites naturels d&#8217;escalade du d\u00e9partement du Doubs,<br \/>\nce topo est le document indispensable pour pouvoir \u00e9voluer sereinement sur l&#8217;une des quasi 3000 longueurs que rec\u00e8lent nos plateaux et vall\u00e9es plus ou moins encaiss\u00e9es.<\/p>\n<p>Quel que soit la saison, votre niveau et vos envies, vous y trouverez \u00e9galement pour s\u00fbr les voies qui sauront combler vos attentes.<\/p>\n<p>Vous y trouverez \u00e9galement une mine d&#8217;informations sur la faune et la flore des milieux rupestres ainsi que sur les h\u00e9bergements et restaurations possibles.<\/p>\n<p>Le topo d\u00e9partemental des sites naturels d&#8217;escalade du Doubs enfin disponible !!!! Apr\u00e8s l&#8217;\u00e9dition en 2014 du topo de Rurey et en 2015 des topos de Baume les Dames et Cl\u00e9mont, le CT FFME 25 vient d&#8217;\u00e9diter un topo qui regroupe et d\u00e9crit l&#8217;ensemble des 43 sites et plus de 3000 voies du d\u00e9partement du Doubs.<\/p>\n<p>Il est le document indispensable pour tous les grimpeurs souhaitant profiter pleinement des sites de notre d\u00e9partement. Il fait \u00e9galement une petite intrusion en Suisse pour vous pr\u00e9senter les 100 voies du site de la Heutatte \u00e9quip\u00e9es par le Club Verticool.<\/p>\n<p>De nombreuses nouvelles voies sur beaucoup de sites y seront d\u00e9crites ainsi qu&#8217;un tout nouveau site du cot\u00e9 du plateau de Maiche. De belles surprises en perspective sur du rocher tout neuf et du gros devers.<\/p>","protected":false},"excerpt":{"rendered":"<p>Avec plus de 350 pages et pr\u00e9sentant l&#8217;ensemble des sites naturels d&#8217;escalade du d\u00e9partement du Doubs, ce topo est le document indispensable pour pouvoir \u00e9voluer sereinement sur l&#8217;une des quasi 3000 longueurs que rec\u00e8lent nos plateaux et vall\u00e9es plus ou moins encaiss\u00e9es. Quel que soit la saison, votre niveau et vos envies, vous y trouverez [&#8230;]\n","protected":false},"featured_media":161749,"template":"","meta":[],"product_brand":[],"product_cat":[21539],"product_tag":[],"class_list":{"0":"post-161748","1":"product","2":"type-product","3":"status-publish","4":"has-post-thumbnail","6":"product_cat-fuehrerliteratur-sportklettern-bouldern","7":"pa_autor-blanchon","8":"pa_erscheinungsjahr-27013","9":"pa_sprache-fr","11":"first","12":"instock","13":"taxable","14":"shipping-taxable","15":"purchasable","16":"product-type-simple"},"_links":{"self":[{"href":"https:\/\/pizbube.ch\/en\/wp-json\/wp\/v2\/product\/161748","targetHints":{"allow":["GET"]}}],"collection":[{"href":"https:\/\/pizbube.ch\/en\/wp-json\/wp\/v2\/product"}],"about":[{"href":"https:\/\/pizbube.ch\/en\/wp-json\/wp\/v2\/types\/product"}],"wp:featuredmedia":[{"embeddable":true,"href":"https:\/\/pizbube.ch\/en\/wp-json\/wp\/v2\/media\/161749"}],"wp:attachment":[{"href":"https:\/\/pizbube.ch\/en\/wp-json\/wp\/v2\/media?parent=161748"}],"wp:term":[{"taxonomy":"product_brand","embeddable":true,"href":"https:\/\/pizbube.ch\/en\/wp-json\/wp\/v2\/product_brand?post=161748"},{"taxonomy":"product_cat","embeddable":true,"href":"https:\/\/pizbube.ch\/en\/wp-json\/wp\/v2\/product_cat?post=161748"},{"taxonomy":"product_tag","embeddable":true,"href":"https:\/\/pizbube.ch\/en\/wp-json\/wp\/v2\/product_tag?post=161748"}],"curies":[{"name":"wp","href":"https:\/\/api.w.org\/{rel}","templated":true}]}}