{"id":161752,"date":"2022-04-30T11:32:01","date_gmt":"2022-04-30T09:32:01","guid":{"rendered":"https:\/\/pizbube.ch\/?post_type=product&#038;p=161752"},"modified":"2022-05-13T09:34:35","modified_gmt":"2022-05-13T07:34:35","slug":"besser-bouldern-kopie","status":"publish","type":"product","link":"https:\/\/pizbube.ch\/en\/shop\/besser-bouldern-kopie\/","title":{"rendered":"Besser Bouldern"},"content":{"rendered":"<div id=\"description\" class=\"tab-pane fade show active\" role=\"tabpanel\">\n<div class=\"product-description\">\n<p>Bouldern hat in den letzten Jahren einen Boom erlebt und eine rasante Entwicklung hingelegt.<br \/>\nImmer mehr dynamische Elemente haben Eingang in diesen Sport genommen.<\/p>\n<p>Dieses Lehrbuch f\u00fchrt s\u00e4mtliche Aspekte des Bouldersports auf, richtet sich aber mit den Kapiteln Bewegungslehre, Coaching und dem komplett neu erarbeiteten Kapitel \u00fcber das moderne Boulden, wie es die Autoren nennen, haupts\u00e4chlich an Fortgeschrittene. Ein idealer Begleiter, wenn du dein Tun selber oder auch in der Gruppe reflektieren m\u00f6chtest.<\/p>\n<p>Da sich die Bewegungslehre kaum von der beim Sportklettern unterscheidet, findet jeder ambitionierte Kletterer ebenfalls wertvolle Tipps in diesem Buch, denn auch in schweren Kletterrouten werden Schl\u00fcsselstellen h\u00e4ufig erst &#171;ausgebouldert&#187;.<br \/>\nDer fr\u00e4nkische Boulderexperte Andi Hofmann, Mitglied im DAV-Lehrteam, hat das Buch auf den aktuellsten Stand des Wissens gehoben und sich f\u00fcr das moderne Bouldern mit Niklas Wiechmann einen weiteren Experten mit an Board geholt.<\/p>\n<p>Andi Hofmann hat seine tiefgreifende Bewegungsanalysen auf den aktuellen Stand gebracht und erstmals wird in diesem Lehrbuch ein praxisnaher Einstieg in das \u201emoderne Bouldern\u201c zusammen mit Co-Autor Niklas Wiechmann vorgestellt.<br \/>\nDie zahlreichen Zeichnungen von Erbse lockern das Buch nicht nur auf, sondern machen daraus ein reines Lesevergn\u00fcgen.<\/p>\n<\/div>\n<\/div>\n<p>264 Seiten<br \/>\n3. Auflage 2022<\/p>","protected":false},"excerpt":{"rendered":"<p>Bouldern hat in den letzten Jahren einen Boom erlebt und eine rasante Entwicklung hingelegt. Immer mehr dynamische Elemente haben Eingang in diesen Sport genommen. Dieses Lehrbuch f\u00fchrt s\u00e4mtliche Aspekte des Bouldersports auf, richtet sich aber mit den Kapiteln Bewegungslehre, Coaching und dem komplett neu erarbeiteten Kapitel \u00fcber das moderne Boulden, wie es die Autoren nennen, [&#8230;]\n","protected":false},"featured_media":161588,"template":"","meta":[],"product_brand":[],"product_cat":[21538],"product_tag":[],"class_list":{"0":"post-161752","1":"product","2":"type-product","3":"status-publish","4":"has-post-thumbnail","6":"product_cat-lehrbuecher","7":"pa_autor-hofmann","8":"pa_erscheinungsjahr-27013","9":"pa_region-klettertechnik","10":"pa_sprache-de","12":"first","13":"instock","14":"taxable","15":"shipping-taxable","16":"purchasable","17":"product-type-simple"},"_links":{"self":[{"href":"https:\/\/pizbube.ch\/en\/wp-json\/wp\/v2\/product\/161752","targetHints":{"allow":["GET"]}}],"collection":[{"href":"https:\/\/pizbube.ch\/en\/wp-json\/wp\/v2\/product"}],"about":[{"href":"https:\/\/pizbube.ch\/en\/wp-json\/wp\/v2\/types\/product"}],"wp:featuredmedia":[{"embeddable":true,"href":"https:\/\/pizbube.ch\/en\/wp-json\/wp\/v2\/media\/161588"}],"wp:attachment":[{"href":"https:\/\/pizbube.ch\/en\/wp-json\/wp\/v2\/media?parent=161752"}],"wp:term":[{"taxonomy":"product_brand","embeddable":true,"href":"https:\/\/pizbube.ch\/en\/wp-json\/wp\/v2\/product_brand?post=161752"},{"taxonomy":"product_cat","embeddable":true,"href":"https:\/\/pizbube.ch\/en\/wp-json\/wp\/v2\/product_cat?post=161752"},{"taxonomy":"product_tag","embeddable":true,"href":"https:\/\/pizbube.ch\/en\/wp-json\/wp\/v2\/product_tag?post=161752"}],"curies":[{"name":"wp","href":"https:\/\/api.w.org\/{rel}","templated":true}]}}