{"id":161799,"date":"2022-05-04T10:08:14","date_gmt":"2022-05-04T08:08:14","guid":{"rendered":"https:\/\/pizbube.ch\/?post_type=product&#038;p=161799"},"modified":"2026-01-09T09:37:21","modified_gmt":"2026-01-09T08:37:21","slug":"rota-vicentina","status":"publish","type":"product","link":"https:\/\/pizbube.ch\/en\/shop\/rota-vicentina\/","title":{"rendered":"Rota Vicentina"},"content":{"rendered":"<p class=\"mt-3\">Portugal S\u00fcd: Von Santiago do Cac\u00e9m zum Cabo de S\u00e3o Vicente &#8211; Alle Etappen des Fischerwegs und des Historischen Wegs \u2013 mit 13 zus\u00e4tzlichen Rundtouren<\/p>\n<p><span class=\"value\">Raue Klippenpfade, stille Korkeichenw\u00e4lder und endlose Atlantikk\u00fcsten \u2013 Wandern an der Costa Vicentina an Portugals S\u00fcdwestspitze ist ein Traum. Nur einen Sprung von der Algarve entfernt, bietet die Region eine unverf\u00e4lschte Natur und einzigartige Ausblicke. Der Rother Wanderf\u00fchrer \u00bbPortugal S\u00fcd: Rota Vicentina\u00ab erschlie\u00dft diese faszinierende Region mit zwei zertifizierten Fernwanderwegen und 13 abwechslungsreichen Rundtouren.<\/span><\/p>\n<p>Der Historische Weg f\u00fchrt in 13 Etappen von Santiago do Cac\u00e9m bis zum s\u00fcdwestlichsten Punkt Europas \u2013 dem Cabo de S\u00e3o Vicente. Er verl\u00e4uft durch stille T\u00e4ler, vertr\u00e4umte D\u00f6rfer und die Weite des Alentejo. Der parallel verlaufende Fischerweg folgt auf ebenso vielen Etappen der spektakul\u00e4ren Atlantikk\u00fcste \u2013 \u00fcber steile Klippen, an einsamen Str\u00e4nden und durch kleine Fischerd\u00f6rfer. Wer lieber k\u00fcrzere Touren geht, findet mit den 13 Rundwanderungen ideale Tagesetappen zum Entdecken.<\/p>\n<p>Ob mehrt\u00e4gige Wanderung oder Tagesausflug: Der Wanderf\u00fchrer liefert alles, was man f\u00fcr eine perfekte Tour an der Costa Vicentina braucht \u2013 pr\u00e4zise Wegbeschreibungen, detaillierte Karten, H\u00f6henprofile sowie Infos zu Unterk\u00fcnften, Einkehrm\u00f6glichkeiten und dem \u00f6ffentlichen Nahverkehr. Gepr\u00fcfte GPS-Tracks, die zum Download bereitstehen, machen die Orientierung unterwegs einfach.<\/p>\n<p>Die Autoren Franz Halbartschlager und Gerhard Ru\u00df sind profunde Kenner Portugals. Neben den Wanderungen geben sie wertvolle Hinweise zu Kultur, Geschichte und Sehenswertem entlang der Rota Vicentina.<\/p>\n<p>&nbsp;<\/p>\n<p>Die \u00bbRota Vicentina\u00ab sind ausgezeichnet mit dem europaweiten Qualit\u00e4tspr\u00e4dikat \u00bbLeading Quality Trails \u2013 Best of Europe\u00ab.<\/p>\n<p>39 H\u00f6henprofile, 47 Wanderk\u00e4rtchen im Ma\u00dfstab 1:50.000\/1:75.000, zwei \u00dcbersichtskarten im Ma\u00dfstab 1:800.000 und 1:1.700.000, GPS-Tracks zum Download<br \/>\n152 Seiten; 18 Etappen, 9 Rundtouren<br \/>\n5. Auflage 2025<\/p>","protected":false},"excerpt":{"rendered":"<p>Portugal S\u00fcd: Von Santiago do Cac\u00e9m zum Cabo de S\u00e3o Vicente &#8211; Alle Etappen des Fischerwegs und des Historischen Wegs \u2013 mit 13 zus\u00e4tzlichen Rundtouren Raue Klippenpfade, stille Korkeichenw\u00e4lder und endlose Atlantikk\u00fcsten \u2013 Wandern an der Costa Vicentina an Portugals S\u00fcdwestspitze ist ein Traum. Nur einen Sprung von der Algarve entfernt, bietet die Region eine [&#8230;]\n","protected":false},"featured_media":182755,"template":"","meta":[],"product_brand":[],"product_cat":[21605],"product_tag":[],"class_list":{"0":"post-161799","1":"product","2":"type-product","3":"status-publish","4":"has-post-thumbnail","6":"product_cat-wanderfuehrer-trekking","7":"pa_autor-halbartschlager-russ","8":"pa_erscheinungsjahr-27415","9":"pa_region-portugal","10":"pa_sprache-de","12":"first","13":"instock","14":"taxable","15":"shipping-taxable","16":"purchasable","17":"product-type-simple"},"_links":{"self":[{"href":"https:\/\/pizbube.ch\/en\/wp-json\/wp\/v2\/product\/161799","targetHints":{"allow":["GET"]}}],"collection":[{"href":"https:\/\/pizbube.ch\/en\/wp-json\/wp\/v2\/product"}],"about":[{"href":"https:\/\/pizbube.ch\/en\/wp-json\/wp\/v2\/types\/product"}],"wp:featuredmedia":[{"embeddable":true,"href":"https:\/\/pizbube.ch\/en\/wp-json\/wp\/v2\/media\/182755"}],"wp:attachment":[{"href":"https:\/\/pizbube.ch\/en\/wp-json\/wp\/v2\/media?parent=161799"}],"wp:term":[{"taxonomy":"product_brand","embeddable":true,"href":"https:\/\/pizbube.ch\/en\/wp-json\/wp\/v2\/product_brand?post=161799"},{"taxonomy":"product_cat","embeddable":true,"href":"https:\/\/pizbube.ch\/en\/wp-json\/wp\/v2\/product_cat?post=161799"},{"taxonomy":"product_tag","embeddable":true,"href":"https:\/\/pizbube.ch\/en\/wp-json\/wp\/v2\/product_tag?post=161799"}],"curies":[{"name":"wp","href":"https:\/\/api.w.org\/{rel}","templated":true}]}}