{"id":161817,"date":"2022-05-04T16:44:25","date_gmt":"2022-05-04T14:44:25","guid":{"rendered":"https:\/\/pizbube.ch\/?post_type=product&#038;p=161817"},"modified":"2025-12-04T17:41:37","modified_gmt":"2025-12-04T16:41:37","slug":"kletterfuehrer-elbsandstein-plaisir","status":"publish","type":"product","link":"https:\/\/pizbube.ch\/en\/shop\/kletterfuehrer-elbsandstein-plaisir\/","title":{"rendered":"Kletterf\u00fchrer Elbsandstein Plaisir"},"content":{"rendered":"<p>Elbsandstein Plaisir &#8211; Der Kletterf\u00fchrer f\u00fcr Genusskletterer, Gebietsfremde und Anf\u00e4nger<\/p>\n<p>Das Elbsandsteingebirge s\u00fcd\u00f6stlich von Dresden ist mit Sicherheit eins der landschaftlich sch\u00f6nsten und besten Klettergebiete Europas. Bizarre Felst\u00fcrme, romantische Schluchten, endlose W\u00e4lder \u2013 schon die Maler der Romantik waren vom Felsenland rechts und links der Elbe fasziniert.<\/p>\n<p>Eine \u00fcber 150-j\u00e4hrige Klettertradition hat hier ein recht strenges Regelwerk bewahrt: Es stecken nur wenige Sicherungsringe und es d\u00fcrfen keine metallischen Klemmkeile oder Friends benutzt werden. Doch daraus zu schlie\u00dfen, das Klettern an den \u00fcber tausend T\u00fcrmen sei schlecht gesichert oder gar gef\u00e4hrlich, ist falsch. Viele der \u00fcber 21000 Kletterwege lassen sich mit den vorhandenen Ringen und zus\u00e4tzlich gelegten Schlingen hervorragend absichern.<\/p>\n<p>Im vorliegenden, reich bebilderten F\u00fchrer haben Helmut Schulze und Valentin H\u00f6lker eine Auswahl von \u00fcber 300 der lohnendsten Sandsteinrouten, vorwiegend in den Schwierigkeitsgraden I bis VII, zusammengestellt \u2013 mit \u00fcbersichtlichen Topos und wichtigen Tipps zur Absicherung. So soll Genusskletterern, Gebietsfremden oder Anf\u00e4ngern der Einstieg ins Elbsandsteinklettern erleichtert werden.<\/p>\n<p>Die 2. Auflage beinhaltet insgesamt 46 neue Felsen und fast 150 neue Wege, macht zusammen knapp 100 neue Seiten.<\/p>\n<p>Affensteine<br \/>\nBielatal<br \/>\nHintere S\u00e4chsische Schweiz<br \/>\nRathen<br \/>\nSchmilka<br \/>\nSchrammsteine<br \/>\nTafelberge<\/p>\n<p>Dem F\u00fchrer liegt ein Downloadcode f\u00fcr eine kostenlose Anwendung f\u00fcr iOS und<br \/>\nAndroid bei. Ihr bekommt damit alle im Kletterf\u00fchrer enthaltenen Topos in Form<br \/>\neiner App f\u00fcr euer Smartphone gratis dazu.<\/p>\n<p>464 Seiten; 2. Auflage 2022<\/p>","protected":false},"excerpt":{"rendered":"<ul>\n<li><a href=\"https:\/\/pizbube.ch\/wp-content\/uploads\/attachments\/a_031\/F30EBBE4F7A79CEEEF202A624AC15BB7.pdf\" target=\"_blank\" rel=\"noopener\"><strong>PDF: Elbsandstein-Plaisir-Leseprobe.pdf<\/strong><\/a><\/li>\n<\/ul>","protected":false},"featured_media":161818,"template":"","meta":[],"product_brand":[],"product_cat":[21539],"product_tag":[],"class_list":{"0":"post-161817","1":"product","2":"type-product","3":"status-publish","4":"has-post-thumbnail","6":"product_cat-fuehrerliteratur-sportklettern-bouldern","7":"pa_autor-schulze-hoelker","8":"pa_erscheinungsjahr-27013","9":"pa_region-deutschland","10":"pa_sprache-de","12":"first","13":"instock","14":"taxable","15":"shipping-taxable","16":"purchasable","17":"product-type-simple"},"_links":{"self":[{"href":"https:\/\/pizbube.ch\/en\/wp-json\/wp\/v2\/product\/161817","targetHints":{"allow":["GET"]}}],"collection":[{"href":"https:\/\/pizbube.ch\/en\/wp-json\/wp\/v2\/product"}],"about":[{"href":"https:\/\/pizbube.ch\/en\/wp-json\/wp\/v2\/types\/product"}],"wp:featuredmedia":[{"embeddable":true,"href":"https:\/\/pizbube.ch\/en\/wp-json\/wp\/v2\/media\/161818"}],"wp:attachment":[{"href":"https:\/\/pizbube.ch\/en\/wp-json\/wp\/v2\/media?parent=161817"}],"wp:term":[{"taxonomy":"product_brand","embeddable":true,"href":"https:\/\/pizbube.ch\/en\/wp-json\/wp\/v2\/product_brand?post=161817"},{"taxonomy":"product_cat","embeddable":true,"href":"https:\/\/pizbube.ch\/en\/wp-json\/wp\/v2\/product_cat?post=161817"},{"taxonomy":"product_tag","embeddable":true,"href":"https:\/\/pizbube.ch\/en\/wp-json\/wp\/v2\/product_tag?post=161817"}],"curies":[{"name":"wp","href":"https:\/\/api.w.org\/{rel}","templated":true}]}}