{"id":161819,"date":"2022-05-04T17:02:17","date_gmt":"2022-05-04T15:02:17","guid":{"rendered":"https:\/\/pizbube.ch\/?post_type=product&#038;p=161819"},"modified":"2022-05-17T15:57:51","modified_gmt":"2022-05-17T13:57:51","slug":"kletterfuehrer-ammertal","status":"publish","type":"product","link":"https:\/\/pizbube.ch\/en\/shop\/kletterfuehrer-ammertal\/","title":{"rendered":"Kletterf\u00fchrer Ammertal"},"content":{"rendered":"<p>Zwischen den Allg\u00e4uer Alpen und dem Wetterstein liegt das Ammergebirge. W\u00e4hrend sich im Westen der kleinen Gebirgsgruppe auch l\u00e4ngere Alpinrouten finden, haben viele Klettereien im \u00f6stlichen Teil Sportklettercharakter.<\/p>\n<p>F\u00fcr Kletternde aus dem Augsburger Raum, aber auch f\u00fcr die Heerscharen aus M\u00fcnchen, sind die Kletterg\u00e4rten links und rechts der oberen Ammer schnell erreichbare Ziele. Entsprechend popul\u00e4r sind Kofel, Frauenwasserl oder die Falkenwand.<\/p>\n<p>Der Kletterf\u00fchrer Ammertal wurde gegen\u00fcber seinem Vorg\u00e4nger (\u2026 dem Kletterf\u00fchrer Oberammergau) stark erweitert. Auf 296 Seiten werden mittlerweile satte 34 Klettergebiete detailliert beschrieben, die \u00fcppige Bebilderung macht schon beim Schm\u00f6kern Lust aufs Klettern um O`Gau.<\/p>\n<p>2. Auflage 2022, 296 Seiten, 148 x 185 mm, Softcover, komplett 4 Farbig<\/p>\n<p>Dem F\u00fchrer liegt ein Downloadcode f\u00fcr eine kostenlose, drei Jahre g\u00fcltige Anwendung f\u00fcr iOS und Android bei.<\/p>","protected":false},"excerpt":{"rendered":"<p>Zwischen den Allg\u00e4uer Alpen und dem Wetterstein liegt das Ammergebirge. W\u00e4hrend sich im Westen der kleinen Gebirgsgruppe auch l\u00e4ngere Alpinrouten finden, haben viele Klettereien im \u00f6stlichen Teil Sportklettercharakter. F\u00fcr Kletternde aus dem Augsburger Raum, aber auch f\u00fcr die Heerscharen aus M\u00fcnchen, sind die Kletterg\u00e4rten links und rechts der oberen Ammer schnell erreichbare Ziele. Entsprechend popul\u00e4r [&#8230;]\n","protected":false},"featured_media":161821,"template":"","meta":[],"product_brand":[],"product_cat":[21539],"product_tag":[27092],"class_list":{"0":"post-161819","1":"product","2":"type-product","3":"status-publish","4":"has-post-thumbnail","6":"product_cat-fuehrerliteratur-sportklettern-bouldern","7":"product_tag-oberammergau","8":"pa_autor-heiland","9":"pa_erscheinungsjahr-27013","10":"pa_region-deutschland","11":"pa_sprache-de","13":"first","14":"instock","15":"taxable","16":"shipping-taxable","17":"purchasable","18":"product-type-simple"},"_links":{"self":[{"href":"https:\/\/pizbube.ch\/en\/wp-json\/wp\/v2\/product\/161819","targetHints":{"allow":["GET"]}}],"collection":[{"href":"https:\/\/pizbube.ch\/en\/wp-json\/wp\/v2\/product"}],"about":[{"href":"https:\/\/pizbube.ch\/en\/wp-json\/wp\/v2\/types\/product"}],"wp:featuredmedia":[{"embeddable":true,"href":"https:\/\/pizbube.ch\/en\/wp-json\/wp\/v2\/media\/161821"}],"wp:attachment":[{"href":"https:\/\/pizbube.ch\/en\/wp-json\/wp\/v2\/media?parent=161819"}],"wp:term":[{"taxonomy":"product_brand","embeddable":true,"href":"https:\/\/pizbube.ch\/en\/wp-json\/wp\/v2\/product_brand?post=161819"},{"taxonomy":"product_cat","embeddable":true,"href":"https:\/\/pizbube.ch\/en\/wp-json\/wp\/v2\/product_cat?post=161819"},{"taxonomy":"product_tag","embeddable":true,"href":"https:\/\/pizbube.ch\/en\/wp-json\/wp\/v2\/product_tag?post=161819"}],"curies":[{"name":"wp","href":"https:\/\/api.w.org\/{rel}","templated":true}]}}