{"id":161856,"date":"2022-05-06T10:12:23","date_gmt":"2022-05-06T08:12:23","guid":{"rendered":"https:\/\/pizbube.ch\/?post_type=product&#038;p=161856"},"modified":"2022-05-06T10:29:23","modified_gmt":"2022-05-06T08:29:23","slug":"larollaz-les-temps-anciens-livredemontagne","status":"publish","type":"product","link":"https:\/\/pizbube.ch\/en\/shop\/larollaz-les-temps-anciens-livredemontagne\/","title":{"rendered":"L&#8217;Arollaz &#8211; les temps anciens #livredemontagne"},"content":{"rendered":"<p>La Rolle, Rolla, l&#8217;Arola, Arrolla, Arrollaz, Arolla&#8230;<\/p>\n<p>Les amoureux de ce petit monde au charme particulier auront plaisir \u00e0 d\u00e9couvrir l&#8217;histoire de ce vallon haut perch\u00e9 qui d\u00e9buta il y a quatre mille ans sur le chemin du col Collon (3130m), cette ancienne voie reliant le Valais au val d&#8217;Aoste tomb\u00e9e dans l&#8217;oubli suite aux avanc\u00e9es glaciaires des XVII\u00e8me et XIX\u00e8me si\u00e8cles.<\/p>\n<p>Les plus curieux se r\u00e9jouiront de parcourir les traces et t\u00e9moignages glan\u00e9s \u00e7a et l\u00e0, \u00e9crits dont les plus anciens remontent au XIII\u00e8me si\u00e8cle et font mention d&#8217;une ancienne zone d&#8217;alpage appartenant aux nobles de Rarogne, alpage qui tombera peu \u00e0 peu entre les mains de la mense \u00e9piscopale qui le conservera en grande partie jusqu&#8217;en 1875.<\/p>\n<p align=\"Justify\">Nous nous souviendrons \u00e9galement qu\u2019Arolla fut, avant l\u2019arriv\u00e9e des tous premiers conqu\u00e9rants avides de gravir et de dominer les Alpes, un lieu de rencontre de botanistes et de g\u00e9ologues qui, pour atteindre l&#8217;antichambre du paradis, devaient s&#8217;armer de courage et d&#8217;audace: avant la deuxi\u00e8me partie du XIXe si\u00e8cle, voyager n&#8217;\u00e9tait de loin pas une sin\u00e9cure. Si s\u2019aventurer dans le val d\u2019H\u00e9rens tenait de la gageure, explorer le vallon d\u2019Arolla relevait de l\u2019exploit&#8230;<\/p>\n<p>Paperback; 420 pages<span id=\"productTitle\" class=\"a-size-extra-large\"><\/span><\/p>","protected":false},"excerpt":{"rendered":"<p>La Rolle, Rolla, l&#8217;Arola, Arrolla, Arrollaz, Arolla&#8230; Les amoureux de ce petit monde au charme particulier auront plaisir \u00e0 d\u00e9couvrir l&#8217;histoire de ce vallon haut perch\u00e9 qui d\u00e9buta il y a quatre mille ans sur le chemin du col Collon (3130m), cette ancienne voie reliant le Valais au val d&#8217;Aoste tomb\u00e9e dans l&#8217;oubli suite aux [&#8230;]\n","protected":false},"featured_media":161857,"template":"","meta":[],"product_brand":[],"product_cat":[21542],"product_tag":[],"class_list":{"0":"post-161856","1":"product","2":"type-product","3":"status-publish","4":"has-post-thumbnail","6":"product_cat-sachbuecher-dokumentationen","7":"pa_autor-clivaz","8":"pa_erscheinungsjahr-25440","9":"pa_region-schweiz","10":"pa_sprache-fr","12":"first","13":"instock","14":"taxable","15":"shipping-taxable","16":"purchasable","17":"product-type-simple"},"_links":{"self":[{"href":"https:\/\/pizbube.ch\/en\/wp-json\/wp\/v2\/product\/161856","targetHints":{"allow":["GET"]}}],"collection":[{"href":"https:\/\/pizbube.ch\/en\/wp-json\/wp\/v2\/product"}],"about":[{"href":"https:\/\/pizbube.ch\/en\/wp-json\/wp\/v2\/types\/product"}],"wp:featuredmedia":[{"embeddable":true,"href":"https:\/\/pizbube.ch\/en\/wp-json\/wp\/v2\/media\/161857"}],"wp:attachment":[{"href":"https:\/\/pizbube.ch\/en\/wp-json\/wp\/v2\/media?parent=161856"}],"wp:term":[{"taxonomy":"product_brand","embeddable":true,"href":"https:\/\/pizbube.ch\/en\/wp-json\/wp\/v2\/product_brand?post=161856"},{"taxonomy":"product_cat","embeddable":true,"href":"https:\/\/pizbube.ch\/en\/wp-json\/wp\/v2\/product_cat?post=161856"},{"taxonomy":"product_tag","embeddable":true,"href":"https:\/\/pizbube.ch\/en\/wp-json\/wp\/v2\/product_tag?post=161856"}],"curies":[{"name":"wp","href":"https:\/\/api.w.org\/{rel}","templated":true}]}}