{"id":161923,"date":"2022-05-11T09:17:15","date_gmt":"2022-05-11T07:17:15","guid":{"rendered":"https:\/\/pizbube.ch\/?post_type=product&#038;p=161923"},"modified":"2023-09-15T11:49:59","modified_gmt":"2023-09-15T09:49:59","slug":"toulon-et-ses-environs-tome-2","status":"publish","type":"product","link":"https:\/\/pizbube.ch\/en\/shop\/toulon-et-ses-environs-tome-2\/","title":{"rendered":"TOULON et ses environs (Tome 2)"},"content":{"rendered":"<p>Un climat des plus favorables, une grande proximit\u00e9 de sites, dont certains historiques, leur grand nombre, un calcaire souvent exemplaire, des expositions aux quatre vents, la qualit\u00e9 de l&#8217;\u00e9quipement contribue peut \u00eatre \u00e0 faire de Toulon un des lieux les plus propices \u00e0 l&#8217;escalade !<\/p>\n<p>Ce topo comporte plus de 35% de nouveaut\u00e9 sur 358 pages, a \u00e9t\u00e9 enti\u00e8rement repens\u00e9 avec un souci d\u2019ergonomie pour les utilisateurs!<\/p>\n<p>D\u00e9crits sont 16 spots:<\/p>\n<p>Baou de 4 ouro, Le Castellet, Cimai, Coudon Sud et Nord-Est, Croupatier,<br \/>\nDestel Couennes, Destel Grandes Voies,<br \/>\nFaron Sud, Faron Nord, Fenouillet, Gros Cerveau, Jaume, Ragas, La Touravelle et Tourris.<\/p>\n<p class=\"product-title product_title entry-title\">Le volume 1 ce trouve ici:<br \/>\n<strong><a href=\"https:\/\/pizbube.ch\/en\/shop\/sites-naturels-descalade-des-territoires-du-var-tome-1\/\" target=\"_blank\" rel=\"noopener\">Sites naturels d\u2019escalade des territoires du Var (tome 1)<\/a><\/strong><\/p>\n<p>&nbsp;<\/p>\n<p>Topoguidebook of the Touilon Region, southern France with some engl. Text:<br \/>\n16 spots described:<br \/>\nBaou de 4 ouro, Le Castellet, Cimai, Coudon Sud et Nord-Est, Croupatier,<br \/>\nDestel Couennes, Destel Grandes Voies,<br \/>\nFaron Sud, Faron Nord, Fenouillet, Gros Cerveau, Jaume, Ragas, La Touravelle &amp; Tourris.<\/p>","protected":false},"excerpt":{"rendered":"<p>Un climat des plus favorables, une grande proximit\u00e9 de sites, dont certains historiques, leur grand nombre, un calcaire souvent exemplaire, des expositions aux quatre vents, la qualit\u00e9 de l&#8217;\u00e9quipement contribue peut \u00eatre \u00e0 faire de Toulon un des lieux les plus propices \u00e0 l&#8217;escalade ! Ce topo comporte plus de 35% de nouveaut\u00e9 sur 358 [&#8230;]\n","protected":false},"featured_media":161924,"template":"","meta":[],"product_brand":[],"product_cat":[21539],"product_tag":[],"class_list":{"0":"post-161923","1":"product","2":"type-product","3":"status-publish","4":"has-post-thumbnail","6":"product_cat-fuehrerliteratur-sportklettern-bouldern","7":"pa_autor-boutonne","8":"pa_autor-ffme","9":"pa_erscheinungsjahr-27013","10":"pa_region-frankreich","11":"pa_sprache-fr-en","13":"first","14":"instock","15":"taxable","16":"shipping-taxable","17":"purchasable","18":"product-type-simple"},"_links":{"self":[{"href":"https:\/\/pizbube.ch\/en\/wp-json\/wp\/v2\/product\/161923","targetHints":{"allow":["GET"]}}],"collection":[{"href":"https:\/\/pizbube.ch\/en\/wp-json\/wp\/v2\/product"}],"about":[{"href":"https:\/\/pizbube.ch\/en\/wp-json\/wp\/v2\/types\/product"}],"wp:featuredmedia":[{"embeddable":true,"href":"https:\/\/pizbube.ch\/en\/wp-json\/wp\/v2\/media\/161924"}],"wp:attachment":[{"href":"https:\/\/pizbube.ch\/en\/wp-json\/wp\/v2\/media?parent=161923"}],"wp:term":[{"taxonomy":"product_brand","embeddable":true,"href":"https:\/\/pizbube.ch\/en\/wp-json\/wp\/v2\/product_brand?post=161923"},{"taxonomy":"product_cat","embeddable":true,"href":"https:\/\/pizbube.ch\/en\/wp-json\/wp\/v2\/product_cat?post=161923"},{"taxonomy":"product_tag","embeddable":true,"href":"https:\/\/pizbube.ch\/en\/wp-json\/wp\/v2\/product_tag?post=161923"}],"curies":[{"name":"wp","href":"https:\/\/api.w.org\/{rel}","templated":true}]}}