{"id":161928,"date":"2022-05-11T10:00:53","date_gmt":"2022-05-11T08:00:53","guid":{"rendered":"https:\/\/pizbube.ch\/?post_type=product&#038;p=161928"},"modified":"2026-02-25T11:09:54","modified_gmt":"2026-02-25T10:09:54","slug":"berhault-virtuose-de-laltitude","status":"publish","type":"product","link":"https:\/\/pizbube.ch\/en\/shop\/berhault-virtuose-de-laltitude\/","title":{"rendered":"Berhault &#8211; Virtuose de l&#8217;altitude"},"content":{"rendered":"<p>Danseur de roc et de glace, Patrick Berhault \u00e9tait un prodige, un alpiniste hors norme. Son parcours, \u00e9blouissant, se joue au fil d&#8217;un r\u00e9cit o\u00f9 l&#8217;exploit et l&#8217;\u00e9motion ne cessent de se croiser. Parue \u00e0 l\u2019origine dans la collection Texte&amp;Images, sa biographie est r\u00e9\u00e9dit\u00e9e et enrichie en Terra Nova \u00e0 l\u2019occasion du 15e anniversaire de sa mort.<\/p>\n<p>Pendant plus de deux d\u00e9cennies, Patrick Berhault a \u00e9t\u00e9 l\u2019un des alpinistes les plus inventifs de sa g\u00e9n\u00e9ration. Virtuose, esth\u00e8te, dansant sur le rocher au soleil du Midi comme dans la glace des faces nord, \u00ab le Brun \u00bb a poursuivi en montagne la carri\u00e8re \u00e9blouissante commenc\u00e9e au c\u00f4t\u00e9 de son ami Patrick Edlinger, \u00ab le Blond \u00bb. Le 28 avril 2004, Patrick Berhault chutait sous les yeux de son ami Philippe Magnin lors d\u2019une chevauch\u00e9e dantesque sur les 4000 des Alpes.<\/p>\n<p>15 x 21 cm 218 pages<\/p>","protected":false},"excerpt":{"rendered":"<p>Danseur de roc et de glace, Patrick Berhault \u00e9tait un prodige, un alpiniste hors norme. Son parcours, \u00e9blouissant, se joue au fil d&#8217;un r\u00e9cit o\u00f9 l&#8217;exploit et l&#8217;\u00e9motion ne cessent de se croiser. Parue \u00e0 l\u2019origine dans la collection Texte&amp;Images, sa biographie est r\u00e9\u00e9dit\u00e9e et enrichie en Terra Nova \u00e0 l\u2019occasion du 15e anniversaire de [&#8230;]\n","protected":false},"featured_media":161929,"template":"","meta":[],"product_brand":[],"product_cat":[21542],"product_tag":[],"class_list":{"0":"post-161928","1":"product","2":"type-product","3":"status-publish","4":"has-post-thumbnail","6":"product_cat-sachbuecher-dokumentationen","7":"pa_autor-bricola-potard","8":"pa_erscheinungsjahr-21586","9":"pa_region-frankreich","10":"pa_sprache-fr","12":"first","13":"instock","14":"taxable","15":"shipping-taxable","16":"purchasable","17":"product-type-simple"},"_links":{"self":[{"href":"https:\/\/pizbube.ch\/en\/wp-json\/wp\/v2\/product\/161928","targetHints":{"allow":["GET"]}}],"collection":[{"href":"https:\/\/pizbube.ch\/en\/wp-json\/wp\/v2\/product"}],"about":[{"href":"https:\/\/pizbube.ch\/en\/wp-json\/wp\/v2\/types\/product"}],"wp:featuredmedia":[{"embeddable":true,"href":"https:\/\/pizbube.ch\/en\/wp-json\/wp\/v2\/media\/161929"}],"wp:attachment":[{"href":"https:\/\/pizbube.ch\/en\/wp-json\/wp\/v2\/media?parent=161928"}],"wp:term":[{"taxonomy":"product_brand","embeddable":true,"href":"https:\/\/pizbube.ch\/en\/wp-json\/wp\/v2\/product_brand?post=161928"},{"taxonomy":"product_cat","embeddable":true,"href":"https:\/\/pizbube.ch\/en\/wp-json\/wp\/v2\/product_cat?post=161928"},{"taxonomy":"product_tag","embeddable":true,"href":"https:\/\/pizbube.ch\/en\/wp-json\/wp\/v2\/product_tag?post=161928"}],"curies":[{"name":"wp","href":"https:\/\/api.w.org\/{rel}","templated":true}]}}