{"id":162034,"date":"2022-05-19T18:02:24","date_gmt":"2022-05-19T16:02:24","guid":{"rendered":"https:\/\/pizbube.ch\/?post_type=product&#038;p=162034"},"modified":"2022-05-19T18:07:53","modified_gmt":"2022-05-19T16:07:53","slug":"spit-in-dolomiti-40-anni-di-battaglie","status":"publish","type":"product","link":"https:\/\/pizbube.ch\/en\/shop\/spit-in-dolomiti-40-anni-di-battaglie\/","title":{"rendered":"SPIT IN DOLOMITI &#8211; 40 anni di battaglie"},"content":{"rendered":"<p><strong>Gli spit<\/strong> sono comparsi in Dolomiti nei primi anni \u201980, in contemporanea all\u2019<strong>esplosione dell\u2019arrampicata sportiva<\/strong>. Una <strong>rivoluzione tecnica e culturale<\/strong> che ha iniziato a trasformare il mondo dell\u2019arrampicata segnandone il futuro in modo indelebile.<\/p>\n<p>Sono passati 40 anni da allora; dalla comparsa delle falesie, dei primi miti della arrampicata sportiva, delle prime vie sportive sulle grandi pareti.\u00a0<strong>Oggi le vie sportive si contano a centinaia<\/strong> e nelle pareti di fondovalle lo spit \u00e8 universalmente accettato, ma non lo \u00e8 sempre altrettanto sulle Dolomiti, e in molte zone rimane tab\u00f9.<\/p>\n<p>Questo libro <strong>ripercorre la storia dell\u2019arrampicata con i punti salienti di un diverso atteggiamento nei confronti delle salite<\/strong>, dai proclami puristi di <strong>Preuss<\/strong> e <strong>Messner<\/strong>alle <strong>direttissime<\/strong>, dalla visione romantica e coraggiosa di generazioni di alpinisti all\u2019<strong>arrampicata sportiva di alta difficolt\u00e0<\/strong>, attraversando un percorso durante il quale il mondo dello scalatore \u00e8 completamente mutato.<\/p>\n<p>Un romanzo decisamente avvincente dal quale nessuno dei protagonisti potrebbe essere escluso senza alterare il senso profondo della trama.<\/p>\n<p><strong>Alessio Conz<\/strong> ha iniziato ad arrampicare nei primi anni \u201980 frequentando la Valle del Sarca e le Dolomiti. Ha lavorato come Geometra, disgaggiatore, gestore di rifugi, e infine come Guida Alpina.\u00a0Ha pubblicato diverse Guide alpinistiche ed escursionistiche, vari articoli e racconti.<\/p>\n<p>200 pagine; 15.50 \u00d7 23.00 cm<\/p>","protected":false},"excerpt":{"rendered":"<p>Gli spit sono comparsi in Dolomiti nei primi anni \u201980, in contemporanea all\u2019esplosione dell\u2019arrampicata sportiva. Una rivoluzione tecnica e culturale che ha iniziato a trasformare il mondo dell\u2019arrampicata segnandone il futuro in modo indelebile. Sono passati 40 anni da allora; dalla comparsa delle falesie, dei primi miti della arrampicata sportiva, delle prime vie sportive sulle [&#8230;]\n","protected":false},"featured_media":162035,"template":"","meta":[],"product_brand":[],"product_cat":[21542],"product_tag":[],"class_list":{"0":"post-162034","1":"product","2":"type-product","3":"status-publish","4":"has-post-thumbnail","6":"product_cat-sachbuecher-dokumentationen","7":"pa_autor-conz","8":"pa_erscheinungsjahr-27013","9":"pa_region-italien","10":"pa_sprache-it","12":"first","13":"instock","14":"taxable","15":"shipping-taxable","16":"purchasable","17":"product-type-simple"},"_links":{"self":[{"href":"https:\/\/pizbube.ch\/en\/wp-json\/wp\/v2\/product\/162034","targetHints":{"allow":["GET"]}}],"collection":[{"href":"https:\/\/pizbube.ch\/en\/wp-json\/wp\/v2\/product"}],"about":[{"href":"https:\/\/pizbube.ch\/en\/wp-json\/wp\/v2\/types\/product"}],"wp:featuredmedia":[{"embeddable":true,"href":"https:\/\/pizbube.ch\/en\/wp-json\/wp\/v2\/media\/162035"}],"wp:attachment":[{"href":"https:\/\/pizbube.ch\/en\/wp-json\/wp\/v2\/media?parent=162034"}],"wp:term":[{"taxonomy":"product_brand","embeddable":true,"href":"https:\/\/pizbube.ch\/en\/wp-json\/wp\/v2\/product_brand?post=162034"},{"taxonomy":"product_cat","embeddable":true,"href":"https:\/\/pizbube.ch\/en\/wp-json\/wp\/v2\/product_cat?post=162034"},{"taxonomy":"product_tag","embeddable":true,"href":"https:\/\/pizbube.ch\/en\/wp-json\/wp\/v2\/product_tag?post=162034"}],"curies":[{"name":"wp","href":"https:\/\/api.w.org\/{rel}","templated":true}]}}