{"id":162048,"date":"2022-05-20T09:27:00","date_gmt":"2022-05-20T07:27:00","guid":{"rendered":"https:\/\/pizbube.ch\/?post_type=product&#038;p=162048"},"modified":"2022-05-20T09:32:50","modified_gmt":"2022-05-20T07:32:50","slug":"jurapark-aargau","status":"publish","type":"product","link":"https:\/\/pizbube.ch\/en\/shop\/jurapark-aargau\/","title":{"rendered":"Jurapark Aargau"},"content":{"rendered":"<p>Unterwegs im Naherholungsgebiet zwischen Aare und Rhein<\/p>\n<p>Aargau? Jurapark? \u2013 Basel im Westen, Z\u00fcrich im Osten, im Norden der Rhein, im S\u00fcden das betriebsame Mittelland \u2013 und mittendrin liegt ein Regionaler Naturpark. Kein abgehobenes Paradies, kein stilles Niemandsland, sondern eine Landschaft mit Weite, mit vielf\u00e4ltigen D\u00f6rfern und Menschen, die hier zu Hause sind und ihr Auskommen finden. Hier wird gelebt und get\u00fcftelt, hier wird gebaut, gepflegt und produziert. Der Jurapark Aargau ist l\u00e4ndlich, mit Obstg\u00e4rten, Weiden und Four-wheel drive, mit ausgedehnten W\u00e4ldern, innovativer Landwirtschaft und \u00dcberlandleitungen. Aber \u00bbJurapark Aargau\u00ab ist auch ein Label f\u00fcr regionale Produkte und Naturn\u00e4he. Und der Jurapark ist ein Erholungsgebiet.<\/p>\n<p>14 Wandervorschl\u00e4ge f\u00fchren durch diesen Park. Sie reichen von zweist\u00fcndigen Spazierg\u00e4ngen bis zu tagesf\u00fcllenden Unternehmungen. Hinzu kommen drei Tagesausfl\u00fcge mit Kindern und drei Tipps, den Jurapark und seine weitere Umgebung mit dem Velo zu entdecken. Die H\u00f6henunterschiede halten sich in Grenzen, die Weitsicht reicht trotzdem zum Alpenkranz oder in den Schwarzwald hinein. Und dann sind da noch der Heimatlosenplatz, der Plateosaurier und das besondere Bienenhotel. Und die Chriesi! Aargau? Jurapark? \u2013 Aber sicher!<\/p>\n<p>1. Auflage<br \/>\n256 Seiten, 19.0 \u00d7 12.0 cm, Klappenbroschur<\/p>\n<p>Mit Farbfotos, Routenskizzen und Serviceteil<br \/>\nMit GPS-Daten<\/p>","protected":false},"excerpt":{"rendered":"<p>Unterwegs im Naherholungsgebiet zwischen Aare und Rhein Aargau? Jurapark? \u2013 Basel im Westen, Z\u00fcrich im Osten, im Norden der Rhein, im S\u00fcden das betriebsame Mittelland \u2013 und mittendrin liegt ein Regionaler Naturpark. Kein abgehobenes Paradies, kein stilles Niemandsland, sondern eine Landschaft mit Weite, mit vielf\u00e4ltigen D\u00f6rfern und Menschen, die hier zu Hause sind und ihr [&#8230;]\n","protected":false},"featured_media":162049,"template":"","meta":[],"product_brand":[],"product_cat":[21605],"product_tag":[],"class_list":{"0":"post-162048","1":"product","2":"type-product","3":"status-publish","4":"has-post-thumbnail","6":"product_cat-wanderfuehrer-trekking","7":"pa_autor-bachmann","8":"pa_erscheinungsjahr-27013","9":"pa_region-schweiz","10":"pa_sprache-de","12":"first","13":"instock","14":"taxable","15":"shipping-taxable","16":"purchasable","17":"product-type-simple"},"_links":{"self":[{"href":"https:\/\/pizbube.ch\/en\/wp-json\/wp\/v2\/product\/162048","targetHints":{"allow":["GET"]}}],"collection":[{"href":"https:\/\/pizbube.ch\/en\/wp-json\/wp\/v2\/product"}],"about":[{"href":"https:\/\/pizbube.ch\/en\/wp-json\/wp\/v2\/types\/product"}],"wp:featuredmedia":[{"embeddable":true,"href":"https:\/\/pizbube.ch\/en\/wp-json\/wp\/v2\/media\/162049"}],"wp:attachment":[{"href":"https:\/\/pizbube.ch\/en\/wp-json\/wp\/v2\/media?parent=162048"}],"wp:term":[{"taxonomy":"product_brand","embeddable":true,"href":"https:\/\/pizbube.ch\/en\/wp-json\/wp\/v2\/product_brand?post=162048"},{"taxonomy":"product_cat","embeddable":true,"href":"https:\/\/pizbube.ch\/en\/wp-json\/wp\/v2\/product_cat?post=162048"},{"taxonomy":"product_tag","embeddable":true,"href":"https:\/\/pizbube.ch\/en\/wp-json\/wp\/v2\/product_tag?post=162048"}],"curies":[{"name":"wp","href":"https:\/\/api.w.org\/{rel}","templated":true}]}}