{"id":162201,"date":"2022-06-06T13:14:05","date_gmt":"2022-06-06T11:14:05","guid":{"rendered":"https:\/\/pizbube.ch\/?post_type=product&#038;p=162201"},"modified":"2026-03-25T12:02:13","modified_gmt":"2026-03-25T11:02:13","slug":"entremont-escalades-kopie","status":"publish","type":"product","link":"https:\/\/pizbube.ch\/en\/shop\/entremont-escalades-kopie\/","title":{"rendered":"Entremont Escalades"},"content":{"rendered":"<p>La r\u00e9gion d\u00e9crite est le district d\u2019Entremont dans le Bas-Valais (Suisse),<br \/>\nqui couvre les trois vall\u00e9es des Dranses: Ferret, Entremont et Bagnes.<\/p>\n<p>Les 75 sites se r\u00e9partissent en 7 zones:<\/p>\n<ul>\n<li>Grand St-Bernard<\/li>\n<li>Orny \/ Trient<\/li>\n<li>Sembrancher<\/li>\n<li>Verbier<\/li>\n<li>Val de Bagnes<\/li>\n<li>Val d\u2019Entremont<\/li>\n<li>Val Ferret<\/li>\n<\/ul>\n<p>Ce sont ainsi 1150 voies de 10 \u00e0 600 m de d\u00e9veloppement qui y sont r\u00e9pertori\u00e9es.<\/p>\n<div>\n<ul>\n<li>Textes en fran\u00e7ais<\/li>\n<li>456 pages illustr\u00e9es en couleurs<\/li>\n<li>7 cartes d&#8217;acc\u00e8s Swisstopo 1:50&#8217;000<\/li>\n<\/ul>\n<\/div>\n<p>Grace \u00e0 ce guide, partez \u00e0 la d\u00e9couverte de plus de 1000 voies d&#8217;escalade. Du<br \/>\nsecteur des trapistes en fond de vall\u00e9e au sommet des Aiguilles Dor\u00e9es \u00e0 3519<br \/>\nm\u00e8tres d&#8217;altitude, une multitude de falaises et de parois vous attendent. Il<br \/>\nest m\u00eame possible de grimper l&#8217;hiver dans plusieurs secteurs.<\/p>\n<p>Sites d\u00e9crits:<\/p>\n<table border=\"0\" cellspacing=\"1\" cellpadding=\"1\">\n<tbody>\n<tr>\n<td>\u00a01. Mur de Tschin<\/td>\n<td>26. Ts\u00e8 des Barmes<\/td>\n<td>51. Pilier des Essettes<\/td>\n<\/tr>\n<tr>\n<td>\u00a02. La Dyure<\/td>\n<td>27. Madzeiria<\/td>\n<td>52. Cabane de l&#8217;A Neuve<\/td>\n<\/tr>\n<tr>\n<td>\u00a03. Le Cr\u00eatet<\/td>\n<td>28. Le Gi\u00e9troz<\/td>\n<td>53. Grand Darrey<\/td>\n<\/tr>\n<tr>\n<td>\u00a04. Bovernier<\/td>\n<td>29. Les Arbaleys<\/td>\n<td>54. Col de la Breya<\/td>\n<\/tr>\n<tr>\n<td>\u00a05. Le Clou<\/td>\n<td>30. Li Blanche<\/td>\n<td>55. Plan de l&#8217;Arche<\/td>\n<\/tr>\n<tr>\n<td>\u00a06. La Fory<\/td>\n<td>31. Le Bonhomme<\/td>\n<td>56. Ancienne Cabane<\/td>\n<\/tr>\n<tr>\n<td>\u00a07. Les Trappistes<\/td>\n<td>32. Ch\u00e2teau Roc<\/td>\n<td>57. Pinacle du Portalet<\/td>\n<\/tr>\n<tr>\n<td>\u00a08. Etiez<\/td>\n<td>33. Tour de Bavon<\/td>\n<td>58. Sattelite du Portalet<\/td>\n<\/tr>\n<tr>\n<td>\u00a09. Contreforts de la Crevasse<\/td>\n<td>34. Toules<\/td>\n<td>59. Petit Clocher du Portalet<\/td>\n<\/tr>\n<tr>\n<td>10. La M\u00e9dille<\/td>\n<td>35. Cabane du V\u00e9lan<\/td>\n<td>60. Grand Clocher du Portalet<\/td>\n<\/tr>\n<tr>\n<td>11. Tara Club<\/td>\n<td>36. Cabane de Valsorey<\/td>\n<td>61. Cabane d&#8217;Orny<\/td>\n<\/tr>\n<tr>\n<td>12. Le Troubayet<\/td>\n<td>37. Les Botseresses<\/td>\n<td>62. Aig. Cabane \/ Glacier Rond<\/td>\n<\/tr>\n<tr>\n<td>13. Chemin<\/td>\n<td>38. Becs Noirs<\/td>\n<td>63. Gendarme d&#8217;Orny<\/td>\n<\/tr>\n<tr>\n<td>14. Sommet de la Crevasse<\/td>\n<td>39. Grande Chenalette<\/td>\n<td>64. Aiguille d&#8217;Orny \/ Tourelle<\/td>\n<\/tr>\n<tr>\n<td>15. Col du Tronc<\/td>\n<td>40. Petit Cervin<\/td>\n<td>65. Cabane du Trient<\/td>\n<\/tr>\n<tr>\n<td>16. Le Levron<\/td>\n<td>41. Tour des Fous<\/td>\n<td>66. Le Trident<\/td>\n<\/tr>\n<tr>\n<td>17. Grand Lui<\/td>\n<td>42. Pain de Sucre<\/td>\n<td>67. Aiguille Purstscheller<\/td>\n<\/tr>\n<tr>\n<td>18. La Barme<\/td>\n<td>43. Le Vrieux<\/td>\n<td>68. Aiguille de la Varappe<\/td>\n<\/tr>\n<tr>\n<td>19. Pierre Avoi<\/td>\n<td>44. Prise d&#8217;eau de Saleina<\/td>\n<td>69. Promontoire Aig. Sans Nom<\/td>\n<\/tr>\n<tr>\n<td>20. Sarreyer<\/td>\n<td>45. Bloc de Saleina<\/td>\n<td>70. Aiguille Sans Nom<\/td>\n<\/tr>\n<tr>\n<td>21. Plamproz<\/td>\n<td>46. Glacier de Saleina<\/td>\n<td>71. Bivaouac des Dor\u00e9es<\/td>\n<\/tr>\n<tr>\n<td>22. Fionnay<\/td>\n<td>47. Clochers des Planereuses<\/td>\n<td>72. Les Ecandies<\/td>\n<\/tr>\n<tr>\n<td>23. Becca de Corbassi\u00e8re<\/td>\n<td>48. Cabane de Saleina<\/td>\n<td>73. Six Carro<\/td>\n<\/tr>\n<tr>\n<td>24. Madzeiria Beach<\/td>\n<td>49. Dalle de l&#8217;Am\u00f4ne<\/td>\n<td>74. Clocher d&#8217;Arpette<\/td>\n<\/tr>\n<tr>\n<td>25. Boutzes du Pleureur<\/td>\n<td>50. Pilier de la Maye<\/td>\n<td>75. Bloc d&#8217;Arpette<\/td>\n<\/tr>\n<\/tbody>\n<\/table>","protected":false},"excerpt":{"rendered":"<p>La r\u00e9gion d\u00e9crite est le district d\u2019Entremont dans le Bas-Valais (Suisse), qui couvre les trois vall\u00e9es des Dranses: Ferret, Entremont et Bagnes. Les 75 sites se r\u00e9partissent en 7 zones: Grand St-Bernard Orny \/ Trient Sembrancher Verbier Val de Bagnes Val d\u2019Entremont Val Ferret Ce sont ainsi 1150 voies de 10 \u00e0 600 m de [&#8230;]\n","protected":false},"featured_media":161585,"template":"","meta":[],"product_brand":[],"product_cat":[21539],"product_tag":[],"class_list":{"0":"post-162201","1":"product","2":"type-product","3":"status-publish","4":"has-post-thumbnail","6":"product_cat-fuehrerliteratur-sportklettern-bouldern","7":"pa_autor-roduit","8":"pa_erscheinungsjahr-27013","9":"pa_region-schweiz","10":"pa_sprache-fr","12":"first","13":"onbackorder","14":"taxable","15":"shipping-taxable","16":"purchasable","17":"product-type-simple"},"_links":{"self":[{"href":"https:\/\/pizbube.ch\/en\/wp-json\/wp\/v2\/product\/162201","targetHints":{"allow":["GET"]}}],"collection":[{"href":"https:\/\/pizbube.ch\/en\/wp-json\/wp\/v2\/product"}],"about":[{"href":"https:\/\/pizbube.ch\/en\/wp-json\/wp\/v2\/types\/product"}],"wp:featuredmedia":[{"embeddable":true,"href":"https:\/\/pizbube.ch\/en\/wp-json\/wp\/v2\/media\/161585"}],"wp:attachment":[{"href":"https:\/\/pizbube.ch\/en\/wp-json\/wp\/v2\/media?parent=162201"}],"wp:term":[{"taxonomy":"product_brand","embeddable":true,"href":"https:\/\/pizbube.ch\/en\/wp-json\/wp\/v2\/product_brand?post=162201"},{"taxonomy":"product_cat","embeddable":true,"href":"https:\/\/pizbube.ch\/en\/wp-json\/wp\/v2\/product_cat?post=162201"},{"taxonomy":"product_tag","embeddable":true,"href":"https:\/\/pizbube.ch\/en\/wp-json\/wp\/v2\/product_tag?post=162201"}],"curies":[{"name":"wp","href":"https:\/\/api.w.org\/{rel}","templated":true}]}}