{"id":162227,"date":"2022-06-08T11:07:05","date_gmt":"2022-06-08T09:07:05","guid":{"rendered":"https:\/\/pizbube.ch\/?post_type=product&#038;p=162227"},"modified":"2025-08-06T15:33:09","modified_gmt":"2025-08-06T13:33:09","slug":"escalades-autour-dannecy-kopie","status":"publish","type":"product","link":"https:\/\/pizbube.ch\/en\/shop\/escalades-autour-dannecy-kopie\/","title":{"rendered":"Escalades autour d&#8217;Annecy"},"content":{"rendered":"<p>Grandes voies et couennes &#8211; Mehrseill\u00e4ngenrouten rund um Annecy<\/p>\n<p>Le topo d\u2019escalade \u00ab Escalades autour d\u2019Annecy S\u00e9lection de grandes voies en<br \/>\n7a max \u00bb recense toutes les voies de plusieurs longueurs accessibles pour 80%<br \/>\ndes grimpeurs. Ce topo int\u00e8gre pour la premi\u00e8re fois en France des lignes<br \/>\nhorizontales, type highlines. Il couvre un secteur triangulaire allant de Aix-<br \/>\nles-bains \u00e0 Gen\u00e8ve et Faverges.<\/p>\n<p>Ce topo a pour objectif de recenser les grandes voies (3 longueurs minimum et<br \/>\n7a max) autour d&#8217;Annecy ( 1 heure de voiture maximum), en plaine ou en moyenne<br \/>\nmontagne. 25 sites, 195 voies et plus de 1000 longueurs\u2026!<\/p>\n<p>La plupart des voies sont \u00e9quip\u00e9es moderne, mais des voies en terrain<br \/>\nd&#8217;aventure sont \u00e9galement d\u00e9crites. Le topo contient de nombreuses voies<br \/>\nnouvelles ou non d\u00e9crites dans des topos existants.<br \/>\nTrac\u00e9s sur photos, description d\u00e9taill\u00e9e des acc\u00e8s (GPS parking), des marches<br \/>\nd&#8217;approche, du mat\u00e9riel n\u00e9cessaire et des difficult\u00e9s techniques.<br \/>\nPr\u00e9face de Yann Borgnet, ainsi qu&#8217;une multitude d&#8217;interviews de grimpeurs et<br \/>\nd&#8217;anecdotes sur l&#8217;escalade sur la r\u00e9gion d&#8217;Annecy, notamment avec C. Dumarest,<br \/>\nV. Sprungli, D. Chauchefoin\u2026et d&#8217;autres !<\/p>\n<p>On y trouve \u00e9galement pour la premi\u00e8re fois une description pr\u00e9cise de lignes<br \/>\nde highlines existantes sur les sites d&#8217;escalade d\u00e9crits. (acc\u00e8s, mat\u00e9riel,<br \/>\ndifficult\u00e9\u2026) Une traduction en anglais des pages-cl\u00e9 a \u00e9t\u00e9 assur\u00e9e (mode<br \/>\nd&#8217;emploi, pictos, description des sites et acc\u00e8s)<\/p>\n<p>&nbsp;<\/p>\n<p>Multipitch climbing around Annecy<br \/>\ngreat new A5 full colour, topo-style guide to climbing around Annecy &#8211; the guide features 25 sites and describes, mainly, multi-pitch routes on the magnificent limestone cliffs in the area.<\/p>\n<p>The guide is packed with great action shots which give a &#8218;flavour&#8216; of the area, there&#8217;s easy-to-follow directions to get you to the bottom of your chosen route and each climb featured in the book has a full-colour photo-topo to accompany it&#8230; gerneral infoimation about staying in the area is also provided &#8211; French and English language throughout<\/p>","protected":false},"excerpt":{"rendered":"<p>Grandes voies et couennes &#8211; Mehrseill\u00e4ngenrouten rund um Annecy Le topo d\u2019escalade \u00ab Escalades autour d\u2019Annecy S\u00e9lection de grandes voies en 7a max \u00bb recense toutes les voies de plusieurs longueurs accessibles pour 80% des grimpeurs. Ce topo int\u00e8gre pour la premi\u00e8re fois en France des lignes horizontales, type highlines. Il couvre un secteur triangulaire [&#8230;]\n","protected":false},"featured_media":162123,"template":"","meta":[],"product_brand":[],"product_cat":[21539],"product_tag":[],"class_list":{"0":"post-162227","1":"product","2":"type-product","3":"status-publish","4":"has-post-thumbnail","6":"product_cat-fuehrerliteratur-sportklettern-bouldern","7":"pa_autor-mesnage","8":"pa_erscheinungsjahr-27013","9":"pa_region-frankreich","10":"pa_sprache-fr-en","12":"first","13":"instock","14":"taxable","15":"shipping-taxable","16":"purchasable","17":"product-type-simple"},"_links":{"self":[{"href":"https:\/\/pizbube.ch\/en\/wp-json\/wp\/v2\/product\/162227","targetHints":{"allow":["GET"]}}],"collection":[{"href":"https:\/\/pizbube.ch\/en\/wp-json\/wp\/v2\/product"}],"about":[{"href":"https:\/\/pizbube.ch\/en\/wp-json\/wp\/v2\/types\/product"}],"wp:featuredmedia":[{"embeddable":true,"href":"https:\/\/pizbube.ch\/en\/wp-json\/wp\/v2\/media\/162123"}],"wp:attachment":[{"href":"https:\/\/pizbube.ch\/en\/wp-json\/wp\/v2\/media?parent=162227"}],"wp:term":[{"taxonomy":"product_brand","embeddable":true,"href":"https:\/\/pizbube.ch\/en\/wp-json\/wp\/v2\/product_brand?post=162227"},{"taxonomy":"product_cat","embeddable":true,"href":"https:\/\/pizbube.ch\/en\/wp-json\/wp\/v2\/product_cat?post=162227"},{"taxonomy":"product_tag","embeddable":true,"href":"https:\/\/pizbube.ch\/en\/wp-json\/wp\/v2\/product_tag?post=162227"}],"curies":[{"name":"wp","href":"https:\/\/api.w.org\/{rel}","templated":true}]}}