{"id":162253,"date":"2022-06-10T09:42:54","date_gmt":"2022-06-10T07:42:54","guid":{"rendered":"https:\/\/pizbube.ch\/?post_type=product&#038;p=162253"},"modified":"2022-06-10T09:54:21","modified_gmt":"2022-06-10T07:54:21","slug":"yosemite","status":"publish","type":"product","link":"https:\/\/pizbube.ch\/en\/shop\/yosemite\/","title":{"rendered":"Yosemite"},"content":{"rendered":"<div class=\"description\">\n<p>Der Klassiker des Gr\u00fcnders der amerikanischen Nationalparks in erster deutscher \u00dcbersetzung<\/p>\n<p>1868 erreicht John Muir zum ersten Mal nach einem Fu\u00dfmarsch von San Francisco aus das Gebiet des Yosemite, dessen Wildheit und Sch\u00f6nheit ihn \u00fcberw\u00e4ltigen und zeitlebens nicht mehr loslassen sollten. In Yosemite schildert er die sch\u00e4umenden B\u00e4che, die wechselhaften Herbsttage und die tiefe Finsternis der Sturmn\u00e4chte, aber auch das glei\u00dfende Sonnenlicht auf schneebedeckten P\u00e4ssen der High Sierra. Die mit dem Yosemite verbundenen Menschen sind in diesem Klassiker des Nature Writing ebenso Protagonisten wie die vielf\u00e4ltige Tier- und Pflanzenwelt. Muir nimmt den mit ihm Reisenden nicht nur pers\u00f6nlich an die Hand, er f\u00fchrt ihn auf seinen Wegen durch das atemberaubende Tal und l\u00e4sst ihn das Wunderwerk der Natur durch die Augen des Entdeckers sehen.<\/p>\n<p>In seinem Nachwort geht der kenianische Essayist, \u00d6kologe und Natursch\u00fctzer Mordecai Ogada Fragen der politischen, rassistischen und kolonialen Verstrickungen John Muirs und dessen heutiger Bedeutung nach und beleuchtet die Strukturen des gegenw\u00e4rtigen Naturschutzes und der Nationalparks in Amerika und Afrika.<\/p>\n<p>255 Seiten, Mit flexiblem Leinenband<\/p>\n<\/div>","protected":false},"excerpt":{"rendered":"<p>Der Klassiker des Gr\u00fcnders der amerikanischen Nationalparks in erster deutscher \u00dcbersetzung 1868 erreicht John Muir zum ersten Mal nach einem Fu\u00dfmarsch von San Francisco aus das Gebiet des Yosemite, dessen Wildheit und Sch\u00f6nheit ihn \u00fcberw\u00e4ltigen und zeitlebens nicht mehr loslassen sollten. In Yosemite schildert er die sch\u00e4umenden B\u00e4che, die wechselhaften Herbsttage und die tiefe Finsternis [&#8230;]\n","protected":false},"featured_media":162254,"template":"","meta":[],"product_brand":[],"product_cat":[21629,21542],"product_tag":[],"class_list":{"0":"post-162253","1":"product","2":"type-product","3":"status-publish","4":"has-post-thumbnail","6":"product_cat-belletristik","7":"product_cat-sachbuecher-dokumentationen","8":"pa_autor-john-muir-judith-schalansky-hg","9":"pa_erscheinungsjahr-25440","10":"pa_region-amerika-nord","11":"pa_sprache-de","13":"first","14":"instock","15":"taxable","16":"shipping-taxable","17":"purchasable","18":"product-type-simple"},"_links":{"self":[{"href":"https:\/\/pizbube.ch\/en\/wp-json\/wp\/v2\/product\/162253","targetHints":{"allow":["GET"]}}],"collection":[{"href":"https:\/\/pizbube.ch\/en\/wp-json\/wp\/v2\/product"}],"about":[{"href":"https:\/\/pizbube.ch\/en\/wp-json\/wp\/v2\/types\/product"}],"wp:featuredmedia":[{"embeddable":true,"href":"https:\/\/pizbube.ch\/en\/wp-json\/wp\/v2\/media\/162254"}],"wp:attachment":[{"href":"https:\/\/pizbube.ch\/en\/wp-json\/wp\/v2\/media?parent=162253"}],"wp:term":[{"taxonomy":"product_brand","embeddable":true,"href":"https:\/\/pizbube.ch\/en\/wp-json\/wp\/v2\/product_brand?post=162253"},{"taxonomy":"product_cat","embeddable":true,"href":"https:\/\/pizbube.ch\/en\/wp-json\/wp\/v2\/product_cat?post=162253"},{"taxonomy":"product_tag","embeddable":true,"href":"https:\/\/pizbube.ch\/en\/wp-json\/wp\/v2\/product_tag?post=162253"}],"curies":[{"name":"wp","href":"https:\/\/api.w.org\/{rel}","templated":true}]}}