{"id":162263,"date":"2022-06-10T11:07:57","date_gmt":"2022-06-10T09:07:57","guid":{"rendered":"https:\/\/pizbube.ch\/?post_type=product&#038;p=162263"},"modified":"2022-06-10T11:11:38","modified_gmt":"2022-06-10T09:11:38","slug":"alpenueberquerung-bodensee-gardasee","status":"publish","type":"product","link":"https:\/\/pizbube.ch\/en\/shop\/alpenueberquerung-bodensee-gardasee\/","title":{"rendered":"Alpen\u00fcberquerung Bodensee \u2013 Gardasee"},"content":{"rendered":"<p><span class=\"value\">Eine Alpen\u00fcberquerung ohne Massenandrang! Diese neue Route vom Bodensee zum Gardasee bietet ambitionierten, aber auch Genusswanderern Natur pur, Bergidylle und unvergessliche Erlebnisse.<\/span><\/p>\n<p>Der Rother Wanderf\u00fchrer \u00bbAlpen\u00fcberquerung Bodensee \u2013 Gardasee\u00ab f\u00fchrt auf vorwiegend stillen Wegen von Lindau bis nach Riva del Garda. Es geht \u00fcber den Bregenzerwald, das Lechquellengebirge, die Verwall- und die Sesvennagruppe durch \u00d6sterreich. Nach einem Abstecher ins schweizerische Unterengadin kreuzt die Route in S\u00fcdtirol und im Trentino einige atemberaubende \u00dcberg\u00e4nge im Ortlergebirge sowie im Nationalpark Stilfserjoch. Nach der \u00dcberschreitung der Brenta-Dolomiten, die mit ihren senkrechten Steilw\u00e4nden und Felst\u00fcrmen zum Weltnaturerbe der UNESCO z\u00e4hlen, findet diese Fernwanderung ihren kr\u00f6nenden Abschluss im malerischen Ort Riva am Gardasee.<\/p>\n<p>Mit 410 Kilometern L\u00e4nge und 24.000 H\u00f6henmeter im Auf- und Abstieg ist diese neu erschlossene Alpen\u00fcberquerung genau das Richtige f\u00fcr ambitionierte Fernwanderer. Nat\u00fcrlich kann die Tour auch in Teilabschnitten begangen werden. Die vorgestellten Varianten erm\u00f6glichen es, die Tagesetappen individuell f\u00fcr Genuss- oder Schnellwanderer anzupassen. \u00dcbernachtet wird in urigen Bergh\u00fctten oder in kleinen, ruhigen Ortschaften im Tal, die meist abseits der bekannten Routen liegen.<\/p>\n<p>Alle 28 Etappen werden mit zuverl\u00e4ssigen Wegbeschreibungen, Tourenk\u00e4rtchen mit eingezeichnetem Routenverlauf und aussagekr\u00e4ftigen H\u00f6henprofilen vorgestellt. Zudem gibt es Informationen zu m\u00f6glichen Varianten, zu \u00dcbernachtungen und zur Infrastruktur sowie allerlei Wissenswertes zu Geschichte und Kultur entlang der Route. GPS-Tracks stehen zum Download bereit.<\/p>\n<p>192 Seiten;<br \/>\n33 Wanderk\u00e4rtchen im Ma\u00dfstab 1:75.000, 31 H\u00f6henprofile, zwei \u00dcbersichtskarten, GPS-Tracks zum Download<br \/>\n1. Auflage 2022<\/p>","protected":false},"excerpt":{"rendered":"<p>Eine Alpen\u00fcberquerung ohne Massenandrang! Diese neue Route vom Bodensee zum Gardasee bietet ambitionierten, aber auch Genusswanderern Natur pur, Bergidylle und unvergessliche Erlebnisse. Der Rother Wanderf\u00fchrer \u00bbAlpen\u00fcberquerung Bodensee \u2013 Gardasee\u00ab f\u00fchrt auf vorwiegend stillen Wegen von Lindau bis nach Riva del Garda. Es geht \u00fcber den Bregenzerwald, das Lechquellengebirge, die Verwall- und die Sesvennagruppe durch \u00d6sterreich. [&#8230;]\n","protected":false},"featured_media":162264,"template":"","meta":[],"product_brand":[],"product_cat":[21605],"product_tag":[],"class_list":{"0":"post-162263","1":"product","2":"type-product","3":"status-publish","4":"has-post-thumbnail","6":"product_cat-wanderfuehrer-trekking","7":"pa_autor-forst","8":"pa_erscheinungsjahr-27013","9":"pa_region-italien","10":"pa_region-oesterreich","11":"pa_sprache-de","13":"first","14":"onbackorder","15":"taxable","16":"shipping-taxable","17":"purchasable","18":"product-type-simple"},"_links":{"self":[{"href":"https:\/\/pizbube.ch\/en\/wp-json\/wp\/v2\/product\/162263","targetHints":{"allow":["GET"]}}],"collection":[{"href":"https:\/\/pizbube.ch\/en\/wp-json\/wp\/v2\/product"}],"about":[{"href":"https:\/\/pizbube.ch\/en\/wp-json\/wp\/v2\/types\/product"}],"wp:featuredmedia":[{"embeddable":true,"href":"https:\/\/pizbube.ch\/en\/wp-json\/wp\/v2\/media\/162264"}],"wp:attachment":[{"href":"https:\/\/pizbube.ch\/en\/wp-json\/wp\/v2\/media?parent=162263"}],"wp:term":[{"taxonomy":"product_brand","embeddable":true,"href":"https:\/\/pizbube.ch\/en\/wp-json\/wp\/v2\/product_brand?post=162263"},{"taxonomy":"product_cat","embeddable":true,"href":"https:\/\/pizbube.ch\/en\/wp-json\/wp\/v2\/product_cat?post=162263"},{"taxonomy":"product_tag","embeddable":true,"href":"https:\/\/pizbube.ch\/en\/wp-json\/wp\/v2\/product_tag?post=162263"}],"curies":[{"name":"wp","href":"https:\/\/api.w.org\/{rel}","templated":true}]}}