{"id":162268,"date":"2022-06-10T11:15:59","date_gmt":"2022-06-10T09:15:59","guid":{"rendered":"https:\/\/pizbube.ch\/?post_type=product&#038;p=162268"},"modified":"2022-06-10T11:26:30","modified_gmt":"2022-06-10T09:26:30","slug":"mountainbiken-schweiz-ost","status":"publish","type":"product","link":"https:\/\/pizbube.ch\/en\/shop\/mountainbiken-schweiz-ost\/","title":{"rendered":"Mountainbiken Schweiz Ost"},"content":{"rendered":"<div class=\"product--sub-title\">Traumtouren zwischen Z\u00fcrich und Tessin, Bodensee und Lago Maggiore<\/div>\n<div><\/div>\n<div>\n<div class=\"product--description\">\n<div class=\"description--col\">\n<p>Der ultimative MTB-Guide: Mountainbiken im Schweizer Osten<\/p>\n<p>Zwischen Z\u00fcrich und Locarno locken so einige herausfordernde Biketouren. Die 30 besten und sch\u00f6nsten Eintages- und zwei grandiose Mehrtagestouren zwischen Bodensee und Lago Maggiore finden Sie in diesem MTB-F\u00fchrer. Egal ob 800 H\u00f6henmeter auf die Alpe Gueteregg bei Einsiedeln oder 60 Kilometer durchs Heidiland: Der Autor und Mountainbike-Guide Klaus Honer beschreibt jede Tour fachkundig und detailliert mit allen n\u00f6tigen GPS-Tracks, Roadbooks, H\u00f6henprofilen und Kartenmaterialien.<\/p>\n<p>Hier noch ein kurzer Auszug aus dem Inhaltsverzeichnis:<\/p>\n<ul>\n<li>Tagestouren im Kanton St. Gallen<\/li>\n<li>Tagestouren im Kanton Graub\u00fcnden<\/li>\n<li>Tagestouren im Kanton Thurgau<\/li>\n<li>Tagestour im Kanton Z\u00fcrich<\/li>\n<li>Tagestouren im Kanton Schwyz<\/li>\n<li>Tagestouren im Kanton Glarus<\/li>\n<li>Tagestour im Kanton Zug<\/li>\n<li>Tagestour im Kanton Appenzell<\/li>\n<li>Tagestour im Kanton Uri<\/li>\n<li>Tagestouren im Kanton Tessin<\/li>\n<li>Zweitagestouren: Pf\u00e4lzerh\u00fctte und Durannapass und Strelapass<\/li>\n<\/ul>\n<ul>\n<li>Einzigartiges Mountainbike-Revier: 32 Bike-Highlights im Osten der Schweiz<\/li>\n<li>MTB-Touren: \u00dcber 45.000 H\u00f6henmeter und mehr als 200 Trailkilometer<\/li>\n<li>Download mit Karten, Roadbooks, H\u00f6henprofilen und GPS-Tracks<\/li>\n<\/ul>\n<\/div>\n<\/div>\n<\/div>\n<div>\n<ul>\n<li class=\"base-info--entry\">288 Seiten<\/li>\n<li class=\"base-info--entry\">ca. 100 Abbildungen<\/li>\n<li class=\"base-info--entry\">Format 16,5 x 23,5 cm<\/li>\n<li class=\"base-info--entry\">Klappenbroschur mit Fadenheftung<\/li>\n<\/ul>\n<\/div>","protected":false},"excerpt":{"rendered":"<p>Traumtouren zwischen Z\u00fcrich und Tessin, Bodensee und Lago Maggiore Der ultimative MTB-Guide: Mountainbiken im Schweizer Osten Zwischen Z\u00fcrich und Locarno locken so einige herausfordernde Biketouren. Die 30 besten und sch\u00f6nsten Eintages- und zwei grandiose Mehrtagestouren zwischen Bodensee und Lago Maggiore finden Sie in diesem MTB-F\u00fchrer. Egal ob 800 H\u00f6henmeter auf die Alpe Gueteregg bei Einsiedeln [&#8230;]\n","protected":false},"featured_media":162269,"template":"","meta":[],"product_brand":[],"product_cat":[21606],"product_tag":[],"class_list":{"0":"post-162268","1":"product","2":"type-product","3":"status-publish","4":"has-post-thumbnail","6":"product_cat-mountainbikefuehrer","7":"pa_autor-honer","8":"pa_erscheinungsjahr-27013","9":"pa_region-schweiz","10":"pa_sprache-de","12":"first","13":"instock","14":"taxable","15":"shipping-taxable","16":"purchasable","17":"product-type-simple"},"_links":{"self":[{"href":"https:\/\/pizbube.ch\/en\/wp-json\/wp\/v2\/product\/162268","targetHints":{"allow":["GET"]}}],"collection":[{"href":"https:\/\/pizbube.ch\/en\/wp-json\/wp\/v2\/product"}],"about":[{"href":"https:\/\/pizbube.ch\/en\/wp-json\/wp\/v2\/types\/product"}],"wp:featuredmedia":[{"embeddable":true,"href":"https:\/\/pizbube.ch\/en\/wp-json\/wp\/v2\/media\/162269"}],"wp:attachment":[{"href":"https:\/\/pizbube.ch\/en\/wp-json\/wp\/v2\/media?parent=162268"}],"wp:term":[{"taxonomy":"product_brand","embeddable":true,"href":"https:\/\/pizbube.ch\/en\/wp-json\/wp\/v2\/product_brand?post=162268"},{"taxonomy":"product_cat","embeddable":true,"href":"https:\/\/pizbube.ch\/en\/wp-json\/wp\/v2\/product_cat?post=162268"},{"taxonomy":"product_tag","embeddable":true,"href":"https:\/\/pizbube.ch\/en\/wp-json\/wp\/v2\/product_tag?post=162268"}],"curies":[{"name":"wp","href":"https:\/\/api.w.org\/{rel}","templated":true}]}}