{"id":162290,"date":"2022-06-14T15:52:20","date_gmt":"2022-06-14T13:52:20","guid":{"rendered":"https:\/\/pizbube.ch\/?post_type=product&#038;p=162290"},"modified":"2022-10-04T16:18:00","modified_gmt":"2022-10-04T14:18:00","slug":"massenbewegungen","status":"publish","type":"product","link":"https:\/\/pizbube.ch\/en\/shop\/massenbewegungen\/","title":{"rendered":"Massenbewegungen"},"content":{"rendered":"<p>Die bislang umfassendste Monografie zum Werk des Schweizer K\u00fcnstlers Patrick Rohner versammelt alle wichtigen Werkgruppen der letzten zwanzig Jahre und zeigt erstmals die gesamte Medienpalette, in der sich der K\u00fcnstler ausdr\u00fcckt: Neben Malerei, Zeichnung, Fotografie und Film kamen in den letzten Jahren neu auch Installationen, \u00f6ffentlicher Raum, Aktion, Video und neue Medien hinzu.<\/p>\n<p>Die Publikation gew\u00e4hrt Einblicke in Rohners Methodik, Forschungswerkzeuge und Ordnungsversuche: seine umfangreichen Materialsammlungen und Archivsysteme, seine detaillierten Werknotationen und konstanten Selbstverortungen. Die Breite seines Werks spiegelt sich auch in den Katalogtexten wider: Viele der Beitr\u00e4ge stammen von Expertinnen und Experten ausserhalb des Kunstkontexts und zeugen von Rohners breitem Interessenhorizont wie auch von seinem zunehmend transdisziplin\u00e4r angelegten Werkverst\u00e4ndnis.<\/p>\n<p><span class=\"s1\">Mit 14 Texten (Konrad Bitterli, Katja Blomberg, David N. Bresch, Annette Gigon, Johannes M. Hedinger, Invar-Torre Hollaus, Peter Hubacher, Patrick Rohner, Hans-Jakob Schindler, Yael Schindler Wildhaber, Ruben Alexander Schuster, Cornelia Schwierz, Lucie Tuma, Helmut Weissert, Roland W\u00e4spe).<\/span><\/p>\n<p>336 Seiten, 29,4 \u00d7 22 cm, Fadenheftung, Broschur<br \/>\nFadenbindung mit Hohlr\u00fcckenbroschur<\/p>","protected":false},"excerpt":{"rendered":"<p>Die bislang umfassendste Monografie zum Werk des Schweizer K\u00fcnstlers Patrick Rohner versammelt alle wichtigen Werkgruppen der letzten zwanzig Jahre und zeigt erstmals die gesamte Medienpalette, in der sich der K\u00fcnstler ausdr\u00fcckt: Neben Malerei, Zeichnung, Fotografie und Film kamen in den letzten Jahren neu auch Installationen, \u00f6ffentlicher Raum, Aktion, Video und neue Medien hinzu. Die Publikation [&#8230;]\n","protected":false},"featured_media":162291,"template":"","meta":[],"product_brand":[],"product_cat":[21580,21542],"product_tag":[],"class_list":{"0":"post-162290","1":"product","2":"type-product","3":"status-publish","4":"has-post-thumbnail","6":"product_cat-kunst-kultur","7":"product_cat-sachbuecher-dokumentationen","8":"pa_autor-ilea-institute-for-land-and-environmental-art-johannes-m-hedinger","9":"pa_erscheinungsjahr-25440","10":"pa_region-schweiz","11":"pa_sprache-de","13":"first","14":"onbackorder","15":"taxable","16":"shipping-taxable","17":"purchasable","18":"product-type-simple"},"_links":{"self":[{"href":"https:\/\/pizbube.ch\/en\/wp-json\/wp\/v2\/product\/162290","targetHints":{"allow":["GET"]}}],"collection":[{"href":"https:\/\/pizbube.ch\/en\/wp-json\/wp\/v2\/product"}],"about":[{"href":"https:\/\/pizbube.ch\/en\/wp-json\/wp\/v2\/types\/product"}],"wp:featuredmedia":[{"embeddable":true,"href":"https:\/\/pizbube.ch\/en\/wp-json\/wp\/v2\/media\/162291"}],"wp:attachment":[{"href":"https:\/\/pizbube.ch\/en\/wp-json\/wp\/v2\/media?parent=162290"}],"wp:term":[{"taxonomy":"product_brand","embeddable":true,"href":"https:\/\/pizbube.ch\/en\/wp-json\/wp\/v2\/product_brand?post=162290"},{"taxonomy":"product_cat","embeddable":true,"href":"https:\/\/pizbube.ch\/en\/wp-json\/wp\/v2\/product_cat?post=162290"},{"taxonomy":"product_tag","embeddable":true,"href":"https:\/\/pizbube.ch\/en\/wp-json\/wp\/v2\/product_tag?post=162290"}],"curies":[{"name":"wp","href":"https:\/\/api.w.org\/{rel}","templated":true}]}}