{"id":162301,"date":"2022-06-15T11:49:39","date_gmt":"2022-06-15T09:49:39","guid":{"rendered":"https:\/\/pizbube.ch\/?post_type=product&#038;p=162301"},"modified":"2022-06-15T11:49:58","modified_gmt":"2022-06-15T09:49:58","slug":"naturwanderungen-im-tessin","status":"publish","type":"product","link":"https:\/\/pizbube.ch\/en\/shop\/naturwanderungen-im-tessin\/","title":{"rendered":"Naturwanderungen im Tessin"},"content":{"rendered":"<p>Auf den Spuren der Biodiversit\u00e4t<\/p>\n<p>Die 27 Routen in diesem Wanderbuch f\u00fchren durch spektakul\u00e4re Naturlandschaften von nationaler Bedeutung und au\u00dferordentlicher Artenvielfalt. Die Naturwanderungen reichen von anspruchsvollen Gebirgstouren bis hin zu gem\u00fctlichen Familienspazierg\u00e4ngen in der Ebene.<\/p>\n<p>Das Tessiner Autorenteam zeigt die Besonderheiten der Natur und der Landschaft entlang der einzelnen Routen, f\u00fchrt notwendige Schutzma\u00dfnahmen vor Augen und liefert spannende und manchmal \u00fcberraschende Informationen zu Flora, Fauna und menschlichen T\u00e4tigkeiten. Der verst\u00e4ndliche und mit rund 500 Fotos illustrierte Text erl\u00e4utert die Biodiversit\u00e4t zu jeder Jahreszeit. Im Anhang fasst ein fotografisches Verzeichnis alle 400 erw\u00e4hnten Pflanzen-, Tier- und Pilzarten zusammen.<\/p>\n<p>1. Auflage 2022<br \/>\n280 Seiten, zahlreiche Fotos und Karten<br \/>\nFlexobroschur, 15,5 x 22,5 cm, 718 g<\/p>","protected":false},"excerpt":{"rendered":"<p>Auf den Spuren der Biodiversit\u00e4t Die 27 Routen in diesem Wanderbuch f\u00fchren durch spektakul\u00e4re Naturlandschaften von nationaler Bedeutung und au\u00dferordentlicher Artenvielfalt. Die Naturwanderungen reichen von anspruchsvollen Gebirgstouren bis hin zu gem\u00fctlichen Familienspazierg\u00e4ngen in der Ebene. Das Tessiner Autorenteam zeigt die Besonderheiten der Natur und der Landschaft entlang der einzelnen Routen, f\u00fchrt notwendige Schutzma\u00dfnahmen vor Augen [&#8230;]\n","protected":false},"featured_media":162302,"template":"","meta":[],"product_brand":[],"product_cat":[21542,21605],"product_tag":[],"class_list":{"0":"post-162301","1":"product","2":"type-product","3":"status-publish","4":"has-post-thumbnail","6":"product_cat-sachbuecher-dokumentationen","7":"product_cat-wanderfuehrer-trekking","8":"pa_autor-sasu-vimercati-martinoni-sartoris","9":"pa_erscheinungsjahr-27013","10":"pa_region-schweiz","11":"pa_sprache-de","13":"first","14":"instock","15":"taxable","16":"shipping-taxable","17":"purchasable","18":"product-type-simple"},"_links":{"self":[{"href":"https:\/\/pizbube.ch\/en\/wp-json\/wp\/v2\/product\/162301","targetHints":{"allow":["GET"]}}],"collection":[{"href":"https:\/\/pizbube.ch\/en\/wp-json\/wp\/v2\/product"}],"about":[{"href":"https:\/\/pizbube.ch\/en\/wp-json\/wp\/v2\/types\/product"}],"wp:featuredmedia":[{"embeddable":true,"href":"https:\/\/pizbube.ch\/en\/wp-json\/wp\/v2\/media\/162302"}],"wp:attachment":[{"href":"https:\/\/pizbube.ch\/en\/wp-json\/wp\/v2\/media?parent=162301"}],"wp:term":[{"taxonomy":"product_brand","embeddable":true,"href":"https:\/\/pizbube.ch\/en\/wp-json\/wp\/v2\/product_brand?post=162301"},{"taxonomy":"product_cat","embeddable":true,"href":"https:\/\/pizbube.ch\/en\/wp-json\/wp\/v2\/product_cat?post=162301"},{"taxonomy":"product_tag","embeddable":true,"href":"https:\/\/pizbube.ch\/en\/wp-json\/wp\/v2\/product_tag?post=162301"}],"curies":[{"name":"wp","href":"https:\/\/api.w.org\/{rel}","templated":true}]}}