{"id":162330,"date":"2022-06-16T16:50:22","date_gmt":"2022-06-16T14:50:22","guid":{"rendered":"https:\/\/pizbube.ch\/?post_type=product&#038;p=162330"},"modified":"2022-06-16T16:50:22","modified_gmt":"2022-06-16T14:50:22","slug":"up-climbing-18","status":"publish","type":"product","link":"https:\/\/pizbube.ch\/en\/shop\/up-climbing-18\/","title":{"rendered":"UP CLIMBING #18"},"content":{"rendered":"<p>UP CLIMBING No. 18<\/p>\n<p>Bimestrale di arrampicata e alpinismo<\/p>\n<p>IL RISCHIO<\/p>\n<p>Montagna, arrampicata: rischio, pericolo, riflessione.<\/p>\n<p>Una tematica che ha, e ha avuto, una grande rilevanza concettuale,\u00a0etica, e storica; una tematica che \u00e8 stata spesso al centro di feroci discussioni, ma che, al contempo, \u00e8 stata spesso evitata e volutamente ignorata, poich\u00e9 \u00e8 intellettualmente scomoda e poco redditizia.<\/p>\n<p>Questo numero di Up Climbing si presenta come un tentativo di aprire un dibattito su questi argomenti delicati, attraverso i contributi di personaggi di primo piano dell\u2019alpinismo internazionale. Alpinisti e arrampicatori che sono o sono stati, nella loro attivit\u00e0 verticale, a strettissimo contatto con esperienze di rischio e pericolo molto forti e continuative.\u00a0Per certi versi alpinisti e uomini che, per bravura e fortuna, sono sopravvissuti a imprese di altissimo livello.<\/p>\n<p>Personaggi, dunque, in grado di parlare di questo tema fondamentale con piena cognizione di causa e autorit\u00e0: da Igor Koller, a Paul Pritchard, da Andy Kirkpatrick\u00a0a Maurizio Giordani e Matteo Della Bordella, da Ermanno Salvaterra a Patrick Gabarrou, fino a protagonisti di imprese recenti ed estreme come Philip Babicz, Marcin Tomaszewski, Dario Eynard.<\/p>\n<p>Senza, per\u00f2, dimenticare gli aspetti pi\u00f9 tecnici e oggettivi del rischio in montagna, che sono stati trattati in maniera professionale da Arno Ilgner, Paolo Tombini, Filippo Gamba, Emanuele Avolio.<\/p>\n<p>Tutt\u2019altro che secondaria infine \u2013 e ormai legata alla rivista \u2013 la riflessione di un\u2019alpinista giovane e attenta a ci\u00f2 che accade nel mondo verticale, come Federica Mingolla.<\/p>\n<p>Dunque un numero totalmente monografico, quasi un libro, concepito e realizzato proprio per dare al pubblico dei lettori interessati, e soprattutto a chi<br \/>\nsi avvicina per la prima volta al mondo del verticale, una panoramica non superficiale inerente gli aspetti cruciali di quanto e come si rischi nell\u2019alpinismo e nell\u2019arrampicata.<\/p>\n<p>Un numero di Up Climbing che vorrebbe lasciare un segno tangibile e stimolare la coscienza che si dovrebbe avere verso rischio e pericolo quando si pratica l\u2019alpinismo in tutte le sue forme.\u00a0In modo che \u2013 come scrive qui Andy Kirkpatrick \u2013 l\u2019alpinismo stesso si leghi al massimo grado alla vita e non, soprattutto, all\u2019opposto di quest\u2019ultima.<\/p>","protected":false},"excerpt":{"rendered":"<p>UP CLIMBING No. 18 Bimestrale di arrampicata e alpinismo IL RISCHIO Montagna, arrampicata: rischio, pericolo, riflessione. Una tematica che ha, e ha avuto, una grande rilevanza concettuale,\u00a0etica, e storica; una tematica che \u00e8 stata spesso al centro di feroci discussioni, ma che, al contempo, \u00e8 stata spesso evitata e volutamente ignorata, poich\u00e9 \u00e8 intellettualmente scomoda [&#8230;]\n","protected":false},"featured_media":162331,"template":"","meta":[],"product_brand":[],"product_cat":[21541],"product_tag":[],"class_list":{"0":"post-162330","1":"product","2":"type-product","3":"status-publish","4":"has-post-thumbnail","6":"product_cat-zeitschriften","7":"pa_autor-felderer-larcher-pesci","8":"pa_erscheinungsjahr-27013","9":"pa_region-italien","10":"pa_sprache-it","12":"first","13":"instock","14":"taxable","15":"shipping-taxable","16":"purchasable","17":"product-type-simple"},"_links":{"self":[{"href":"https:\/\/pizbube.ch\/en\/wp-json\/wp\/v2\/product\/162330","targetHints":{"allow":["GET"]}}],"collection":[{"href":"https:\/\/pizbube.ch\/en\/wp-json\/wp\/v2\/product"}],"about":[{"href":"https:\/\/pizbube.ch\/en\/wp-json\/wp\/v2\/types\/product"}],"wp:featuredmedia":[{"embeddable":true,"href":"https:\/\/pizbube.ch\/en\/wp-json\/wp\/v2\/media\/162331"}],"wp:attachment":[{"href":"https:\/\/pizbube.ch\/en\/wp-json\/wp\/v2\/media?parent=162330"}],"wp:term":[{"taxonomy":"product_brand","embeddable":true,"href":"https:\/\/pizbube.ch\/en\/wp-json\/wp\/v2\/product_brand?post=162330"},{"taxonomy":"product_cat","embeddable":true,"href":"https:\/\/pizbube.ch\/en\/wp-json\/wp\/v2\/product_cat?post=162330"},{"taxonomy":"product_tag","embeddable":true,"href":"https:\/\/pizbube.ch\/en\/wp-json\/wp\/v2\/product_tag?post=162330"}],"curies":[{"name":"wp","href":"https:\/\/api.w.org\/{rel}","templated":true}]}}