{"id":162338,"date":"2022-06-17T10:52:49","date_gmt":"2022-06-17T08:52:49","guid":{"rendered":"https:\/\/pizbube.ch\/?post_type=product&#038;p=162338"},"modified":"2026-04-10T11:01:53","modified_gmt":"2026-04-10T09:01:53","slug":"lechtaler-alpen-alpine-ziele-und-klettergaerten","status":"publish","type":"product","link":"https:\/\/pizbube.ch\/en\/shop\/lechtaler-alpen-alpine-ziele-und-klettergaerten\/","title":{"rendered":"Lechtaler Alpen &#8211; Alpine Ziele und Kletterg\u00e4rten"},"content":{"rendered":"<p class=\"page-title\"><span class=\"base\" data-ui-id=\"page-title-wrapper\">Kletterf\u00fchrer Alpin &#8211; Lechtaler Alpen plus Wolfebnerspitze &amp; Sportklettern um Imst<br \/>\nKletterf\u00fchrer Lechtaler Alpen \u2013 im Land der gro\u00dfen Gegens\u00e4tze.<br \/>\n<\/span><\/p>\n<p>Was die Lechtaler Alpen vor allem auszeichnet, ist ihr grandioser Abwechslungsreichtum. Was das Gestein angeht, ist es ein Gebiet der krassen Gegens\u00e4tze, und was die Kletterei betrifft erst recht. Ob weite Runouts in alpiner Abgeschiedenheit (Freispitze, Heelzapfen, Bocksgarten \u2026) oder perfekte Sportkletterabsicherung in Taln\u00e4he (Burschlwand, Starkenbach, Gurgltal \u2026) \u2013 alles wird geboten, und das an Kalkgestein in jeder erdenklichen Spielart.<\/p>\n<p>Bei den klassischen H\u00fcttenst\u00fctzpunkten f\u00fcr Kletternde hat sich zu Steinsee- und Muttekopfh\u00fctte jetzt noch die Hermann-von-Barth-H\u00fctte mit der Wolfebnerspitze gesellt, nachdem die Neuauflage des Kletterf\u00fchrers nun auch alle Ziele auf der Allg\u00e4u-S\u00fcdseite beinhaltet, die vom Lechtal aus erreicht werden. Und ebenfalls frisch dazugekommen ist auf der Inntalseite der Tschirgant. Mehr NEU geht nicht.<\/p>\n<p>Ziele:<\/p>\n<p>Arlberg<br \/>\nLechtal<br \/>\nAugsburger H\u00fctte<br \/>\nSteinseeh\u00fctte<br \/>\nParzinn \/ Hanauer H\u00fctte<br \/>\nOberes Inntal<br \/>\nMuttekopfh\u00fctte<br \/>\nHahntennjoch<br \/>\nGurgltal<\/p>\n<p>5. Auflage 2022, 504 Seiten, 115 x 185 mm, Softcover, komplett 4 Farbig, Schutzh\u00fclle<\/p>","protected":false},"excerpt":{"rendered":"<p>Kletterf\u00fchrer Alpin &#8211; Lechtaler Alpen plus Wolfebnerspitze &amp; Sportklettern um Imst Kletterf\u00fchrer Lechtaler Alpen \u2013 im Land der gro\u00dfen Gegens\u00e4tze. Was die Lechtaler Alpen vor allem auszeichnet, ist ihr grandioser Abwechslungsreichtum. Was das Gestein angeht, ist es ein Gebiet der krassen Gegens\u00e4tze, und was die Kletterei betrifft erst recht. Ob weite Runouts in alpiner Abgeschiedenheit [&#8230;]\n","protected":false},"featured_media":163037,"template":"","meta":[],"product_brand":[],"product_cat":[21539],"product_tag":[27108],"class_list":{"0":"post-162338","1":"product","2":"type-product","3":"status-publish","4":"has-post-thumbnail","6":"product_cat-fuehrerliteratur-sportklettern-bouldern","7":"product_tag-alpinkletterfuehrer-lechtaler-alpen-und-lechtal","8":"pa_autor-elsner-fluer-hofer-et-alt","9":"pa_erscheinungsjahr-27013","10":"pa_region-deutschland","11":"pa_region-oesterreich","12":"pa_sprache-de","14":"first","15":"instock","16":"taxable","17":"shipping-taxable","18":"purchasable","19":"product-type-simple"},"_links":{"self":[{"href":"https:\/\/pizbube.ch\/en\/wp-json\/wp\/v2\/product\/162338","targetHints":{"allow":["GET"]}}],"collection":[{"href":"https:\/\/pizbube.ch\/en\/wp-json\/wp\/v2\/product"}],"about":[{"href":"https:\/\/pizbube.ch\/en\/wp-json\/wp\/v2\/types\/product"}],"wp:featuredmedia":[{"embeddable":true,"href":"https:\/\/pizbube.ch\/en\/wp-json\/wp\/v2\/media\/163037"}],"wp:attachment":[{"href":"https:\/\/pizbube.ch\/en\/wp-json\/wp\/v2\/media?parent=162338"}],"wp:term":[{"taxonomy":"product_brand","embeddable":true,"href":"https:\/\/pizbube.ch\/en\/wp-json\/wp\/v2\/product_brand?post=162338"},{"taxonomy":"product_cat","embeddable":true,"href":"https:\/\/pizbube.ch\/en\/wp-json\/wp\/v2\/product_cat?post=162338"},{"taxonomy":"product_tag","embeddable":true,"href":"https:\/\/pizbube.ch\/en\/wp-json\/wp\/v2\/product_tag?post=162338"}],"curies":[{"name":"wp","href":"https:\/\/api.w.org\/{rel}","templated":true}]}}