{"id":162387,"date":"2022-06-22T09:53:17","date_gmt":"2022-06-22T07:53:17","guid":{"rendered":"https:\/\/pizbube.ch\/?post_type=product&#038;p=162387"},"modified":"2022-06-22T09:53:54","modified_gmt":"2022-06-22T07:53:54","slug":"von-bergen-und-anderen-taelern","status":"publish","type":"product","link":"https:\/\/pizbube.ch\/en\/shop\/von-bergen-und-anderen-taelern\/","title":{"rendered":"Von Bergen und anderen T\u00e4lern"},"content":{"rendered":"<section class=\"bdf-e bdf-e-yruvpdc bdf-s-boxed bdf-s-h-default bdf-s-h-default bdf-s bdf-top-s\" data-id=\"yruvpdc\" data-el=\"section\">\n<div class=\"bdf-ctr bdf-c-gap-default\">\n<div class=\"bdf-r\">\n<div class=\"bdf-e bdf-e-ococnpx bdf-c bdf-c-s-100 bdf-top-c\" data-id=\"ococnpx\" data-el=\"column\">\n<div class=\"bdf-c-wrp bdf-e-ppl\">\n<div class=\"bdf-w-wrp\">\n<div class=\"bdf-e bdf-e-mezafln bdf-w bdf-w-text-editor\" data-id=\"mezafln\" data-el=\"text-editor.default\">\n<div class=\"bdf-w-ctr\">\n<div class=\"bdf-txt-edt bdf-clr\">\n<div class=\"bdftmpwrapper\">\n<p>Diese alpinistischen Kurzgeschichten, erlebt und gelebt als ehemaliger H\u00fcttenwart und erfahrener Alpinist, sind keine konventionellen Heldenepen, sondern dichte und authen\u00adtische Erz\u00e4hlungen in und um die einzigartige Welt der Berge. Humorvolle Worte, die ansprechen, die nach mehr verlangen, die verwundern und stets eine \u00fcberraschende Wendung nehmen.<\/p>\n<p>Erfrischende Beschreibungen, die f\u00fcr Laien wie auch f\u00fcr Alpinistinnen und H\u00fcttenliebhaber verst\u00e4ndlich, witzig und anregend sind. Berichte, die ein ungl\u00e4ubiges Staunen hervorrufen und ein verschmitztes \u00adL\u00e4cheln auf die Lippen zaubern.<\/p>\n<p>92 Seiten, 14\u2009\u00d7\u200921\u2009cm, gebunden, Hardcover<br \/>\nMit\u00a019 Abbildungen.<\/p>\n<\/div>\n<\/div>\n<\/div>\n<\/div>\n<\/div>\n<\/div>\n<\/div>\n<\/div>\n<\/div>\n<\/section>","protected":false},"excerpt":{"rendered":"<p>Diese alpinistischen Kurzgeschichten, erlebt und gelebt als ehemaliger H\u00fcttenwart und erfahrener Alpinist, sind keine konventionellen Heldenepen, sondern dichte und authen\u00adtische Erz\u00e4hlungen in und um die einzigartige Welt der Berge. Humorvolle Worte, die ansprechen, die nach mehr verlangen, die verwundern und stets eine \u00fcberraschende Wendung nehmen. Erfrischende Beschreibungen, die f\u00fcr Laien wie auch f\u00fcr Alpinistinnen und [&#8230;]\n","protected":false},"featured_media":162388,"template":"","meta":[],"product_brand":[],"product_cat":[21629,21542],"product_tag":[],"class_list":{"0":"post-162387","1":"product","2":"type-product","3":"status-publish","4":"has-post-thumbnail","6":"product_cat-belletristik","7":"product_cat-sachbuecher-dokumentationen","8":"pa_autor-caviezel","9":"pa_erscheinungsjahr-27013","10":"pa_region-schweiz","11":"pa_sprache-de","13":"first","14":"instock","15":"taxable","16":"shipping-taxable","17":"purchasable","18":"product-type-simple"},"_links":{"self":[{"href":"https:\/\/pizbube.ch\/en\/wp-json\/wp\/v2\/product\/162387","targetHints":{"allow":["GET"]}}],"collection":[{"href":"https:\/\/pizbube.ch\/en\/wp-json\/wp\/v2\/product"}],"about":[{"href":"https:\/\/pizbube.ch\/en\/wp-json\/wp\/v2\/types\/product"}],"wp:featuredmedia":[{"embeddable":true,"href":"https:\/\/pizbube.ch\/en\/wp-json\/wp\/v2\/media\/162388"}],"wp:attachment":[{"href":"https:\/\/pizbube.ch\/en\/wp-json\/wp\/v2\/media?parent=162387"}],"wp:term":[{"taxonomy":"product_brand","embeddable":true,"href":"https:\/\/pizbube.ch\/en\/wp-json\/wp\/v2\/product_brand?post=162387"},{"taxonomy":"product_cat","embeddable":true,"href":"https:\/\/pizbube.ch\/en\/wp-json\/wp\/v2\/product_cat?post=162387"},{"taxonomy":"product_tag","embeddable":true,"href":"https:\/\/pizbube.ch\/en\/wp-json\/wp\/v2\/product_tag?post=162387"}],"curies":[{"name":"wp","href":"https:\/\/api.w.org\/{rel}","templated":true}]}}