{"id":162436,"date":"2022-06-23T15:07:38","date_gmt":"2022-06-23T13:07:38","guid":{"rendered":"https:\/\/pizbube.ch\/?post_type=product&#038;p=162436"},"modified":"2025-10-02T10:41:58","modified_gmt":"2025-10-02T08:41:58","slug":"tuerme-50-exponierte-klettertouren","status":"publish","type":"product","link":"https:\/\/pizbube.ch\/en\/shop\/tuerme-50-exponierte-klettertouren\/","title":{"rendered":"T\u00fcrme &#8211; 50 exponierte Klettertouren"},"content":{"rendered":"<p>Ein famoser Bildband f\u00fcr alle, die auf richtigen Gipfeln stehen wollen!<\/p>\n<p>Wer auf Ausgesetzheit steht, findet in Stefan Stadlers opulentem Bild\/Text\/Topo-Band genau die richtigen Unternehmungen. Ganz zwangsl\u00e4ufig exponierte Kletterrouten auf 50 felsige T\u00fcrme \u2013 vom s\u00e4chsischen Sandstein bis zum Meteora-Konglomerat, vom Granit am Mont Blanc bis zum Gneis vor den Toren Wiens. Darunter bekannte Pflichtziele wie in der Brenta die Guglia di Brenta oder die Fiamma im Bergell. Dazu Gipfel, von denen man mal geh\u00f6rt, oder die man zumindest schon einmal gesehen hat. Aber auch etliche bizarre Zacken, die sogar den Kenner aufhorchen lassen. Nadelspitzen? H\u00f6llengebirge?<\/p>\n<p>Besonders fein: Der Gro\u00dfteil der Touren bewegt sich im Niveau 4 und 5. Diese Routen-Sammlung ist also nicht nur zum Schm\u00f6kern, ehrf\u00fcrchtigem Staunen und wehm\u00fctigem Zur\u00fcckstellen ins Regal, sondern zum Nachvollziehen und Selbermachen. Auf die T\u00fcrme \u2013 fertig \u2013 los!<\/p>\n<div class=\"vc_row wpb_row vc_row-fluid dt-default\">\n<div class=\"wpb_column vc_column_container vc_col-sm-12\">\n<div class=\"vc_column-inner\">\n<div class=\"wpb_wrapper\">\n<div class=\"wpb_text_column wpb_content_element vc_custom_1653976428829\">\n<div class=\"wpb_wrapper\">\n<p>Die Auswahl der T\u00fcrme im Buch reicht von bekannten Exemplaren wie dem Schijenzan im R\u00e4tikon \u00fcber die verr\u00fcckten Nadelspitzen im H\u00f6llengebirge bis zu den Plaisirrouten an den Cinque Torri in den Dolomiten. Alle Touren haben jedoch eines gemeinsam: Die sehr markante Form des jeweiligen Turms und eine au\u00dfergew\u00f6hnliche Exponiertheit. Der gr\u00f6\u00dfte Anteil der Routen liegen im Bereich UIAA IV und V. Alle T\u00fcrme wurden von mir selbst erklettert und penibel recherchiert. Im Buch enthalten sind verl\u00e4ssliche Informationen f\u00fcr die Besteigung; jede Tour ist mit einem detaillierten Topo illustriert und meine GPS-Tracks stehen zum Download bereit. Viele aussagekr\u00e4ftige Bilder regen an zum St\u00f6bern, Tr\u00e4umen und Planen.<\/p>\n<p>T\u00fcrme im Buch:<\/p>\n<p>01 Tre Frati (260 m) Frate Maggiore<br \/>\n02 Teufelstisch (298 m) Teufelsdach<br \/>\n03 Napoleon (430 m) Westriss<br \/>\n04 Kleine Herkuless\u00e4ule (420 m) Alter Weg<br \/>\n05 Tante (395 m) Perrykante (S\u00fcdostkante)<br \/>\n06 Grail (475 m) Eggdance<br \/>\n07 Adrachti (450 m) Gordian Knot<br \/>\n08 Dent du G\u00e9ant (4013 m) S\u00fcdwestwand<br \/>\n09 Mont Blanc du Tacul (4248 m) Ar\u00eate du Diable<br \/>\n10 Aiguillette d\u00b4Argenti\u00e8re (1893 m) Klettergarten<\/p>\n<p>11 La Fiamma (2487 m) Dente Normalweg<br \/>\n12 Hannibal (2882 m) Conquest of Paradise<br \/>\n13 Kleines Kamel (2930 m) Normalweg<br \/>\n14 Salbitschijen (2981 m) S\u00fcdgrat<br \/>\n15 3. Chr\u00fczberg (2019 m) Schmales S\u00fcdrippli<br \/>\n16 Kleiner Drusenturm (2755 m) S\u00fcdostwand<br \/>\n17 Schijenzan (2372 m) S\u00fcdostwand<br \/>\n18 Totennadeln (2987 m) \u00dcberschreitung<br \/>\n19 Paulcketurm (3072 m) S\u00fcdwestwand<br \/>\n20 Spiehlerturm (2550 m) Westwand<br \/>\n21 Gipfelst\u00fcrmernadel (2360 m) Normalweg oder Buhl<br \/>\n22 Rumer Nadel (1374 m) Normalweg<br \/>\n23 Gigalitzturm (2978 m) S\u00fcdostkante<br \/>\n24 Kreuzt\u00f6rlturm (2184 m) Akademikerkante<br \/>\n25 F\u00fchrernadeln (1760 m) Nordwestkante<\/p>\n<p>26 Ro\u00dfsteinnadel (1698 m) Westgrat<br \/>\n27 Blankensteinnadel (1730 m) Klettergarten<br \/>\n28 Kundl &amp; Backofen (1140 m) Klettergarten<br \/>\n29 Gro\u00dfer Turm (1120 m) Normalweg<br \/>\n30 Pflugh\u00f6rndl (1920 m) Normalweg oder Jubelriss<br \/>\n31 Bischofsm\u00fctze (2454 m) Jahnweg<br \/>\n32 Niederes Gro\u00dfwandeck (2369 m) Goldfinger &amp; S\u00fcdostgrat<br \/>\n33 Seeturm-Adlerspitz (1241 m) \u00dcberschreitung<br \/>\n34 Nadelspitzen (1165 m) Normalwege<br \/>\n35 Gro\u00dfer Festbeilstein (1847 m) Westkante<br \/>\n36 D\u00e4umling &amp; Dickkopf (330 m) Klettergarten<br \/>\n37 Smaragdlerweg (400 m) Grat\u00fcberschreitung<br \/>\n38 Campanile Basso (2883 m) Ampferer oder Preu\u00df<br \/>\n39 Fensterlturm (2657 m) S\u00fcdkante<\/p>\n<p>40 Torre Piaz (2670 m) S\u00fcdwestkante<br \/>\n41 Delagoturm (2790 m) Delagokante<br \/>\n42 Stabelerturm (2805 m) Fehrmann<br \/>\n43 Winklerturm (2800 m) Winklerriss<br \/>\n44 F\u00fcnffingerspitze (2996 m) Daumenkante &amp; Mittelfinger<br \/>\n45 Sellat\u00fcrme 1 &amp; 2 (2598 m) \u00dcberschreitung<br \/>\n46 Torre Grande (2361 m) S\u00fcd- &amp; Westgipfel<br \/>\n47 Cinque Torri (2300 m) T\u00fcrme sammeln<br \/>\n48 Torre del Diavolo (2598 m) 3 T\u00fcrme \u00dcberschreitung<br \/>\n49 Torre Wund (2517 m) S\u00fcdwand<br \/>\n50 Preu\u00dfturm (2700 m) Preu\u00dfriss<\/p>\n<p>1. Auflage 2022;<br \/>\n292 Seiten, 280 x 210<\/p>\n<\/div>\n<\/div>\n<\/div>\n<\/div>\n<\/div>\n<\/div>","protected":false},"excerpt":{"rendered":"<p><strong><a href=\"https:\/\/pizbube.ch\/wp-content\/uploads\/2022\/06\/Tuerme_50Klettertouren_Leseprobe.pdf\" target=\"_blank\" rel=\"noopener\">Tuerme_50Klettertouren_Leseprobe<\/a><\/strong><\/p>","protected":false},"featured_media":162437,"template":"","meta":[],"product_brand":[],"product_cat":[21539,21542],"product_tag":[27113],"class_list":{"0":"post-162436","1":"product","2":"type-product","3":"status-publish","4":"has-post-thumbnail","6":"product_cat-fuehrerliteratur-sportklettern-bouldern","7":"product_cat-sachbuecher-dokumentationen","8":"product_tag-50-tuerme","9":"pa_autor-stadler","10":"pa_erscheinungsjahr-27013","11":"pa_region-deutschland","12":"pa_region-italien","13":"pa_region-oesterreich","14":"pa_region-schweiz","15":"pa_sprache-de","17":"first","18":"instock","19":"taxable","20":"shipping-taxable","21":"purchasable","22":"product-type-simple"},"_links":{"self":[{"href":"https:\/\/pizbube.ch\/en\/wp-json\/wp\/v2\/product\/162436","targetHints":{"allow":["GET"]}}],"collection":[{"href":"https:\/\/pizbube.ch\/en\/wp-json\/wp\/v2\/product"}],"about":[{"href":"https:\/\/pizbube.ch\/en\/wp-json\/wp\/v2\/types\/product"}],"wp:featuredmedia":[{"embeddable":true,"href":"https:\/\/pizbube.ch\/en\/wp-json\/wp\/v2\/media\/162437"}],"wp:attachment":[{"href":"https:\/\/pizbube.ch\/en\/wp-json\/wp\/v2\/media?parent=162436"}],"wp:term":[{"taxonomy":"product_brand","embeddable":true,"href":"https:\/\/pizbube.ch\/en\/wp-json\/wp\/v2\/product_brand?post=162436"},{"taxonomy":"product_cat","embeddable":true,"href":"https:\/\/pizbube.ch\/en\/wp-json\/wp\/v2\/product_cat?post=162436"},{"taxonomy":"product_tag","embeddable":true,"href":"https:\/\/pizbube.ch\/en\/wp-json\/wp\/v2\/product_tag?post=162436"}],"curies":[{"name":"wp","href":"https:\/\/api.w.org\/{rel}","templated":true}]}}