{"id":162449,"date":"2022-06-24T11:15:55","date_gmt":"2022-06-24T09:15:55","guid":{"rendered":"https:\/\/pizbube.ch\/?post_type=product&#038;p=162449"},"modified":"2024-08-14T09:53:45","modified_gmt":"2024-08-14T07:53:45","slug":"bergsport-sommer","status":"publish","type":"product","link":"https:\/\/pizbube.ch\/en\/shop\/bergsport-sommer\/","title":{"rendered":"Bergsport Sommer"},"content":{"rendered":"<p>Das kompakte Ausbildungsbuch enth\u00e4lt alles, was man f\u00fcr den sicheren Sommer-Bergsport wissen muss.<\/p>\n<p>Bergsport Sommer ist klein, handlich und enth\u00e4lt trotzdem alles, was man zum<br \/>\nBergsteigen wissen muss, vom Anf\u00e4nger bis zum Bergf\u00fchrer, von der<br \/>\nBergwanderung \u00fcber das Sportklettern bis hin zur Spaltenrettung und den<br \/>\npsychologischen Gruppeneffekten. An Bergsport Sommer haben alle<br \/>\nBergsportverb\u00e4nde und Institutionen mitgearbeitet. Das Schweizer Standard-Werk<br \/>\ndient als Lehrunterlage u.a. beim SAC, in den J+S Leiterkursen, der Alpinen<br \/>\nRettung, dem Milit\u00e4r und diversen Bergschulen.<\/p>\n<p>Die \u00fcberarbeitete 6. Auflage 2022 des SAC-Ausbildungsbuchs \u00abBergsport Sommer\u00bb vereint die wichtigsten Techniken und Taktiken f\u00fcr den Sommer-Bergsport. Vom Basiswissen f\u00fcr Einsteiger bis zu didaktischen Tipps zur Ausbildung, vom Bergwandern \u00fcbers Klettern bis zu Gletschertouren \u2013 \u00abBergsport Sommer\u00bb vermittelt das wertvolle Wissen reich illustriert und gut verst\u00e4ndlich.<\/p>\n<p>Die Planung sowie die Sicherungs- und Fortbewegungstechniken bilden den Kerninhalt von \u00abBergsport Sommer\u00bb. Spezifisch erweitert wurden die Kapitel zum Klettern.<br \/>\nDas SAC-Standardwerk dient als Lehrunterlage u.a. beim Schweizer Alpen-Club SAC, in den J+S Leiterkursen, der Alpinen Rettung, der Schweizer Armee und diversen Bergschulen.<br \/>\nSommerbergsteigen.<\/p>\n<p>6. komplett \u00fcberarbeitete Auflg. 2022<\/p>","protected":false},"excerpt":{"rendered":"<p>Das kompakte Ausbildungsbuch enth\u00e4lt alles, was man f\u00fcr den sicheren Sommer-Bergsport wissen muss. Bergsport Sommer ist klein, handlich und enth\u00e4lt trotzdem alles, was man zum Bergsteigen wissen muss, vom Anf\u00e4nger bis zum Bergf\u00fchrer, von der Bergwanderung \u00fcber das Sportklettern bis hin zur Spaltenrettung und den psychologischen Gruppeneffekten. An Bergsport Sommer haben alle Bergsportverb\u00e4nde und Institutionen [&#8230;]\n","protected":false},"featured_media":162450,"template":"","meta":[],"product_brand":[],"product_cat":[21538],"product_tag":[],"class_list":{"0":"post-162449","1":"product","2":"type-product","3":"status-publish","4":"has-post-thumbnail","6":"product_cat-lehrbuecher","7":"pa_autor-winkler-brehm-haltmeier","8":"pa_erscheinungsjahr-27013","9":"pa_region-alpin-sommer","10":"pa_sprache-de","12":"first","13":"instock","14":"taxable","15":"shipping-taxable","16":"purchasable","17":"product-type-simple"},"_links":{"self":[{"href":"https:\/\/pizbube.ch\/en\/wp-json\/wp\/v2\/product\/162449","targetHints":{"allow":["GET"]}}],"collection":[{"href":"https:\/\/pizbube.ch\/en\/wp-json\/wp\/v2\/product"}],"about":[{"href":"https:\/\/pizbube.ch\/en\/wp-json\/wp\/v2\/types\/product"}],"wp:featuredmedia":[{"embeddable":true,"href":"https:\/\/pizbube.ch\/en\/wp-json\/wp\/v2\/media\/162450"}],"wp:attachment":[{"href":"https:\/\/pizbube.ch\/en\/wp-json\/wp\/v2\/media?parent=162449"}],"wp:term":[{"taxonomy":"product_brand","embeddable":true,"href":"https:\/\/pizbube.ch\/en\/wp-json\/wp\/v2\/product_brand?post=162449"},{"taxonomy":"product_cat","embeddable":true,"href":"https:\/\/pizbube.ch\/en\/wp-json\/wp\/v2\/product_cat?post=162449"},{"taxonomy":"product_tag","embeddable":true,"href":"https:\/\/pizbube.ch\/en\/wp-json\/wp\/v2\/product_tag?post=162449"}],"curies":[{"name":"wp","href":"https:\/\/api.w.org\/{rel}","templated":true}]}}