{"id":162457,"date":"2022-06-25T09:57:46","date_gmt":"2022-06-25T07:57:46","guid":{"rendered":"https:\/\/pizbube.ch\/?post_type=product&#038;p=162457"},"modified":"2025-06-17T12:45:02","modified_gmt":"2025-06-17T10:45:02","slug":"best-of-dolomiten","status":"publish","type":"product","link":"https:\/\/pizbube.ch\/en\/shop\/best-of-dolomiten\/","title":{"rendered":"Best of Dolomiten"},"content":{"rendered":"<p>Auswahlf\u00fchrer mit den besten Klettereien in den Dolomiten: von den Sextner<br \/>\nDolomiten \u00fcber die Marmolada und Sella bis zur Brenta.<\/p>\n<p>Das beste Klettergebiet der Alpen? Die Dolomiten \u2013 gar keine Frage. Nicht nur f\u00fcr Ivo Rabanser, den Gr\u00f6dner Bergf\u00fchrer, Erschlie\u00dfer und F\u00fchrerautor. Um die 200 Klettereien (darunter 29 in die 2. Auflage neu aufgenommene Routen) sind detailliert beschrieben und mit superexakten Topos dargestellt, jeder Kletterweg ist in einem aussagekr\u00e4ftigen Wandbild eingezeichnet.<\/p>\n<p>Der Schwerpunkt liegt auf den klassischen, g\u00e4ngigen Klettereien, die sich \u00fcber Jahrzehnte als die Top-Touren in den Dolomiten herauskristallisiert haben \u2013 zwischen Pustertal und Pala, zwischen Karerpass und Cortina d`Ampezzo. Die gebotenen Schwierigkeiten verteilen sich dabei zu gleichen Teilen auf die Schwierigkeitsgrade 4 bis 7, eine Handvoll Dreier und Achter schlie\u00dfen das Spektrum nach unten und oben ab. Kurzum: Die unentbehrliche Planungsgrundlage f\u00fcr Jeden und f\u00fcr jeden Dolomiten-Trip.<\/p>\n<div id=\"product_destinations_tab\" class=\"data item content\" role=\"tabpanel\" data-role=\"content\" aria-labelledby=\"tab-label-product_destinations_tab\" aria-hidden=\"false\">\n<p>Rosengarten<br \/>\nMarmolada-Vallaccia<br \/>\nLangkofel-Sella<br \/>\nGeisler-P\u00f9ez<br \/>\nFanes-Tofana<br \/>\nAmpezzaner Dolomiten<br \/>\nPala<br \/>\nCivetta-Moiazza-Bosconero<br \/>\nBrenta<\/p>\n<p>2. Auflage 2022, 528 Seiten, 115 x 185 mm, Softcover, komplett 4 Farbig<\/p>\n<\/div>","protected":false},"excerpt":{"rendered":"<p><a href=\"https:\/\/pizbube.ch\/wp-content\/uploads\/2021\/01\/Leseprobe_BestOfDolomiten-2022.pdf\" target=\"_blank\" rel=\"noopener\"><strong>Leseprobe_BestOfDolomiten-2022<\/strong><\/a><\/p>\n<p><strong>Neuauflage geplant; laut Verlag Sommer \/ Herbst 2026<\/strong><\/p>","protected":false},"featured_media":162065,"template":"","meta":[],"product_brand":[],"product_cat":[21539],"product_tag":[],"class_list":{"0":"post-162457","1":"product","2":"type-product","3":"status-publish","4":"has-post-thumbnail","6":"product_cat-fuehrerliteratur-sportklettern-bouldern","7":"pa_autor-rabanser","8":"pa_erscheinungsjahr-27013","9":"pa_region-italien","10":"pa_sprache-de","12":"first","13":"outofstock","14":"taxable","15":"shipping-taxable","16":"purchasable","17":"product-type-simple"},"_links":{"self":[{"href":"https:\/\/pizbube.ch\/en\/wp-json\/wp\/v2\/product\/162457","targetHints":{"allow":["GET"]}}],"collection":[{"href":"https:\/\/pizbube.ch\/en\/wp-json\/wp\/v2\/product"}],"about":[{"href":"https:\/\/pizbube.ch\/en\/wp-json\/wp\/v2\/types\/product"}],"wp:featuredmedia":[{"embeddable":true,"href":"https:\/\/pizbube.ch\/en\/wp-json\/wp\/v2\/media\/162065"}],"wp:attachment":[{"href":"https:\/\/pizbube.ch\/en\/wp-json\/wp\/v2\/media?parent=162457"}],"wp:term":[{"taxonomy":"product_brand","embeddable":true,"href":"https:\/\/pizbube.ch\/en\/wp-json\/wp\/v2\/product_brand?post=162457"},{"taxonomy":"product_cat","embeddable":true,"href":"https:\/\/pizbube.ch\/en\/wp-json\/wp\/v2\/product_cat?post=162457"},{"taxonomy":"product_tag","embeddable":true,"href":"https:\/\/pizbube.ch\/en\/wp-json\/wp\/v2\/product_tag?post=162457"}],"curies":[{"name":"wp","href":"https:\/\/api.w.org\/{rel}","templated":true}]}}