{"id":162510,"date":"2022-06-29T11:10:06","date_gmt":"2022-06-29T09:10:06","guid":{"rendered":"https:\/\/pizbube.ch\/?post_type=product&#038;p=162510"},"modified":"2024-04-05T09:23:25","modified_gmt":"2024-04-05T07:23:25","slug":"klettern-neuenburg-und-waadt-nord-escalade-neuchatel-et-nord-vaudois","status":"publish","type":"product","link":"https:\/\/pizbube.ch\/en\/shop\/klettern-neuenburg-und-waadt-nord-escalade-neuchatel-et-nord-vaudois\/","title":{"rendered":"Klettern Neuenburg und Waadt Nord &#8211; Escalade Neuch\u00e2tel et Nord vaudois"},"content":{"rendered":"<p>Nord vaudois \/ Val-de-Travers \/ Boudry et Rochefort \/ La Chaux-de-Fonds et Le<br \/>\nLocle \/ Neuch\u00e2tel et Val-de-Ruz<\/p>\n<p>Der Kletterf\u00fchrer Waadtland \/ Neuenburg f\u00fcllt die L\u00fccke der aktualisierten Kletterf\u00fchrer f\u00fcr die Jurakette zwischen la Neuveille und les Aguilles de Baulmes.<\/p>\n<p>Bekannte und unbekannte Gebiete des Waadtl\u00e4nders Nordens komplettieren diesen F\u00fchrer und somit ihre Bibliothek.Ein unverzichtbarer Begleiter f\u00fcr diese Gebiete und die Regionen des Neuenburger und Genfersee sowie des Lac du Joux.<\/p>\n<p>Der Teil des Juras von La D\u00f4le zum Chasseral umfasst gut 30 Klettergebiete und ein paar Boulderspots. Dieser mit phantastischen Bildern illustrierte F\u00fchrer begleitet euch auf eurer Entdeckungsreise in der Senkrechten. Vom perfekt eingerichteten Klettergarten zum Abenteuergel\u00e4nde, von der gutm\u00fctigen Platte \u00fcber Grate, Boulder, Dry Tooling bis zum extremsten Dach: Geniesst die sch\u00f6ne Kletterei<\/p>\n<p>Une trentaine de sites d\u2019escalade et quelques blocs sont r\u00e9pertori\u00e9s dans cette partie de la chaine jurassienne allant de La D\u00f4le au Chasseral. Ce guide illustr\u00e9 de belles photos vous y accompagnera lors de vos d\u00e9couvertes verticales ou de vos exploits sportifs. De la falaise \u00e9cole bien \u00e9quip\u00e9e au terrain d\u2019aventure, de la dalle d\u00e9bonnaire au toit le plus extr\u00eame, des ar\u00eates, des blocs, du dry, il y en a pour tous les go\u00fbts. De la belle escalade \u00e0 pratiquer avec attention\u2026 sans mod\u00e9ration.<\/p>\n<p>288 Seiten; Sprache: zweisprachig, Deutsch, Franz\u00f6sisch<br \/>\n2. Auflage 2022<\/p>","protected":false},"excerpt":{"rendered":"<p>Nord vaudois \/ Val-de-Travers \/ Boudry et Rochefort \/ La Chaux-de-Fonds et Le Locle \/ Neuch\u00e2tel et Val-de-Ruz Der Kletterf\u00fchrer Waadtland \/ Neuenburg f\u00fcllt die L\u00fccke der aktualisierten Kletterf\u00fchrer f\u00fcr die Jurakette zwischen la Neuveille und les Aguilles de Baulmes. Bekannte und unbekannte Gebiete des Waadtl\u00e4nders Nordens komplettieren diesen F\u00fchrer und somit ihre Bibliothek.Ein unverzichtbarer [&#8230;]\n","protected":false},"featured_media":162513,"template":"","meta":[],"product_brand":[],"product_cat":[21539],"product_tag":[27116],"class_list":{"0":"post-162510","1":"product","2":"type-product","3":"status-publish","4":"has-post-thumbnail","6":"product_cat-fuehrerliteratur-sportklettern-bouldern","7":"product_tag-kletterfuehrer-neuenburg-und-waadt-nord","8":"pa_autor-mironneau-stern-perrin-chevallier-girardin","9":"pa_erscheinungsjahr-27013","10":"pa_region-schweiz","11":"pa_sprache-de-fr","13":"first","14":"instock","15":"taxable","16":"shipping-taxable","17":"purchasable","18":"product-type-simple"},"_links":{"self":[{"href":"https:\/\/pizbube.ch\/en\/wp-json\/wp\/v2\/product\/162510","targetHints":{"allow":["GET"]}}],"collection":[{"href":"https:\/\/pizbube.ch\/en\/wp-json\/wp\/v2\/product"}],"about":[{"href":"https:\/\/pizbube.ch\/en\/wp-json\/wp\/v2\/types\/product"}],"wp:featuredmedia":[{"embeddable":true,"href":"https:\/\/pizbube.ch\/en\/wp-json\/wp\/v2\/media\/162513"}],"wp:attachment":[{"href":"https:\/\/pizbube.ch\/en\/wp-json\/wp\/v2\/media?parent=162510"}],"wp:term":[{"taxonomy":"product_brand","embeddable":true,"href":"https:\/\/pizbube.ch\/en\/wp-json\/wp\/v2\/product_brand?post=162510"},{"taxonomy":"product_cat","embeddable":true,"href":"https:\/\/pizbube.ch\/en\/wp-json\/wp\/v2\/product_cat?post=162510"},{"taxonomy":"product_tag","embeddable":true,"href":"https:\/\/pizbube.ch\/en\/wp-json\/wp\/v2\/product_tag?post=162510"}],"curies":[{"name":"wp","href":"https:\/\/api.w.org\/{rel}","templated":true}]}}