{"id":162518,"date":"2022-06-29T11:49:21","date_gmt":"2022-06-29T09:49:21","guid":{"rendered":"https:\/\/pizbube.ch\/?post_type=product&#038;p=162518"},"modified":"2022-06-29T12:02:07","modified_gmt":"2022-06-29T10:02:07","slug":"mein-naechster-berg","status":"publish","type":"product","link":"https:\/\/pizbube.ch\/en\/shop\/mein-naechster-berg\/","title":{"rendered":"Mein n\u00e4chster Berg"},"content":{"rendered":"<p>Die Mount-Everest-Erstbesteigung ohne Sauerstoff zusammen mit Reinhold Messner machte ihn endg\u00fcltig ber\u00fchmt. Doch sie war nur eine von vielen Stationen in seinem Leben f\u00fcr die Berge. Peter Habeler feiert seinen 80. Geburtstag \u2013 und kann nach wie vor nicht im Tal bleiben.<\/p>\n<p>Gemeinsam mit Marlies Czerny erz\u00e4hlt er von seiner Liebe f\u00fcr den Bergsport, den zahlreichen Herausforderungen, Erfolgen, aber auch R\u00fcckschl\u00e4gen.<\/p>\n<p>&#8211; Von den ersten Touren bis zu den Achttausendern: eine Bergsteiger-Biografie<br \/>\n&#8211; Wegbegleiter und Seilpartner: Menschen, die Peter Habelers Leben pr\u00e4gten<br \/>\n&#8211; Heldentat oder Wahnsinn? Die Besteigung des Mount Everest \u00bbby fair means\u00ab<br \/>\n&#8211; Immer wieder gipfelw\u00e4rts: Wie die Aussicht auf den n\u00e4chsten Berg jung h\u00e4lt<\/p>\n<p>Mehr als ein halbes Jahrhundert Alpingeschichte: Weggef\u00e4hrten, Routen, Gipfel<b><\/b><\/p>\n<p>\u201eDie Quintessenz meines Lebens ist, dass ich immer die besten Leute kennenlernen durfte.\u201c Heimische Bergf\u00fchrer aus dem Zillertal legten den Grundstein f\u00fcr Peter Habelers Karriere. Sp\u00e4ter war er mit ber\u00fchmten Bergsteigern im Hochgebirge auf der ganzen Welt unterwegs. Stark gepr\u00e4gt haben ihn auch pers\u00f6nliche Beziehungen, die fernab von hohen Gipfeln eine bedeutende Rolle in seinem Leben spielten.<\/p>\n<p>Im Gespr\u00e4ch mit Marlies Czerny erinnert sich der Alpinist an zutiefst menschliche Momente auf seinem Weg. Sein Blick richtet sich aber nicht nur zur\u00fcck, denn seine Freude am Bergsteigen ist nach wie vor ungebrochen. Den n\u00e4chsten Gipfel, das n\u00e4chste Ziel hat er immer vor Augen. Mit einem Augenzwinkern verr\u00e4t er, wie ihn die Liebe zu den Bergen jung h\u00e4lt \u2013 und welche Berge er noch zu versetzen plant!<\/p>\n<p>216 Seiten \/ 145 mm x 210 mm<\/p>","protected":false},"excerpt":{"rendered":"<p>Die Mount-Everest-Erstbesteigung ohne Sauerstoff zusammen mit Reinhold Messner machte ihn endg\u00fcltig ber\u00fchmt. Doch sie war nur eine von vielen Stationen in seinem Leben f\u00fcr die Berge. Peter Habeler feiert seinen 80. Geburtstag \u2013 und kann nach wie vor nicht im Tal bleiben. Gemeinsam mit Marlies Czerny erz\u00e4hlt er von seiner Liebe f\u00fcr den Bergsport, den [&#8230;]\n","protected":false},"featured_media":162519,"template":"","meta":[],"product_brand":[],"product_cat":[21629,21542],"product_tag":[],"class_list":{"0":"post-162518","1":"product","2":"type-product","3":"status-publish","4":"has-post-thumbnail","6":"product_cat-belletristik","7":"product_cat-sachbuecher-dokumentationen","8":"pa_autor-czerny","9":"pa_autor-habeler","10":"pa_erscheinungsjahr-27013","11":"pa_region-oesterreich","12":"pa_sprache-de","14":"first","15":"instock","16":"taxable","17":"shipping-taxable","18":"purchasable","19":"product-type-simple"},"_links":{"self":[{"href":"https:\/\/pizbube.ch\/en\/wp-json\/wp\/v2\/product\/162518","targetHints":{"allow":["GET"]}}],"collection":[{"href":"https:\/\/pizbube.ch\/en\/wp-json\/wp\/v2\/product"}],"about":[{"href":"https:\/\/pizbube.ch\/en\/wp-json\/wp\/v2\/types\/product"}],"wp:featuredmedia":[{"embeddable":true,"href":"https:\/\/pizbube.ch\/en\/wp-json\/wp\/v2\/media\/162519"}],"wp:attachment":[{"href":"https:\/\/pizbube.ch\/en\/wp-json\/wp\/v2\/media?parent=162518"}],"wp:term":[{"taxonomy":"product_brand","embeddable":true,"href":"https:\/\/pizbube.ch\/en\/wp-json\/wp\/v2\/product_brand?post=162518"},{"taxonomy":"product_cat","embeddable":true,"href":"https:\/\/pizbube.ch\/en\/wp-json\/wp\/v2\/product_cat?post=162518"},{"taxonomy":"product_tag","embeddable":true,"href":"https:\/\/pizbube.ch\/en\/wp-json\/wp\/v2\/product_tag?post=162518"}],"curies":[{"name":"wp","href":"https:\/\/api.w.org\/{rel}","templated":true}]}}