{"id":162548,"date":"2022-07-01T08:47:09","date_gmt":"2022-07-01T06:47:09","guid":{"rendered":"https:\/\/pizbube.ch\/?post_type=product&#038;p=162548"},"modified":"2022-08-19T14:29:57","modified_gmt":"2022-08-19T12:29:57","slug":"berg-steil","status":"publish","type":"product","link":"https:\/\/pizbube.ch\/en\/shop\/berg-steil\/","title":{"rendered":"Berg steil!"},"content":{"rendered":"<p>Meine Erstbegehungen zum Nachklettern<br \/>\n<span class=\"value\">Dolomiten. Gro\u00dfe Alpenw\u00e4nde. Eis- und Sportkletterrouten<\/span>: VON MODERAT BIS EXTREM<\/p>\n<p>Christoph Hainz ist der Zinnen-Mann: Seine Erschlie\u00dfungen in den Dolomiten sind legend\u00e4r. \u00dcber 60 seiner Erstbegehungen fordern zum Nachklettern heraus.<\/p>\n<p>Die Leidenschaft des Extrembergsteigers Christoph Hainz ist das Klettern. Mit diesem Buch stellt er sein bisheriges bergsteigerisches Lebenswerk vor: seine zahlreichen Erstbegehungen in den Dolomiten, aber auch im \u00fcbrigen S\u00fcdtirol, den Alpen und weltweit. Mit genauen Informationen, Fotos und Topos jeder Route k\u00f6nnen Kletter- und Bergbegeisterte nun seinen Spuren in Fels und Eis folgen.<\/p>\n<p>\u00bb mehr als 60 Routen in allen Schwierigkeitsgraden\u00a0(Fels III\u2013IX, Eis WI3\u2013WI7-, Mixed M4\u2013M13)<br \/>\n\u00bb Eis- und Sportkletterrouten<br \/>\n\u00bb prominente Ziele wie Gro\u00dfe Zinne, Marmolada\u00a0Eiger u.v.m.<br \/>\n\u00bb Informationen und Erlebnisberichte<br \/>\n\u00bb kompakt auf 1 Seite: Detailinfos, \u00dcbersichtsfotos und Topos zu jeder Route<\/p>\n<p><span class=\"value\">Christoph Hainz blickt auf eine beeindruckende und best\u00e4ndige Karriere zur\u00fcck: Sport- und Felsklettereien bis 8b+, Eisklettereien bis WI7- und Mixed-Klettereien bis M13. Dazu kommen 9 Erstbegehungen und zahlreiche Extremklassiker an seinen Hausbergen, den Drei Zinnen, sowie rund 80 Neutouren in S\u00fcdtirol, den restlichen Alpen und weltweit. Nun ist bei Edition Raetia ein Kletterf\u00fchrer erschienen mit Routen von moderat bis extrem. Bekannt ist Christoph Hainz als der \u201eZinnen-Mann\u201c, unz\u00e4hlige Male stand er auf dem Gipfel der Gro-\u00dfen Zinne. Als Bergf\u00fchrer begleitete er gar den deutschen Bundespr\u00e4sidenten Franz-Walter Stein-mair bis zum Gipfel. Dabei war dem 1962 in M\u00fchlwald Geborenen das Bergsteigen und Klettern nicht wirklich in die Wiege gelegt. Erst sp\u00e4t im Alter von 20 Jahren begann er sich f\u00fcr die Berge zu interes-sieren. Bis heute hat er \u00fcber 2.000 Bergtouren bestanden. <\/span><\/p>\n<p><span class=\"value\">Zu seinen alpinistischen H\u00f6chstleistungen z\u00e4hlen die Eigernordwand free solo in 4,5 Stunden sowie die schnellste Solobegehung des Fitz Roy in Patagonien in 9 Stunden oder die Erstbegehung des Shivling Nordpfeilers zusammen mit Hans Kam-merlander in Indien. Die Superdirettissima an der Nordwand der Gro\u00dfen Zinne kletterte er im Winter solo in 8 Stunden. Zusammen mit dem Schweizer Roger Sch\u00e4li er\u00f6ffnete er im Oktober 2007 eine neue Route an der Eigernordwand, die \u201eMagic Mushroom\u201c mit 21 Seill\u00e4ngen, 600 Klettermetern und einer Bewertung von 7c+. \u201eMagic Mushroom\u201c ist zusammen mit weiteren 60 Routen Teil des bei Edition Raetia erschienen Klet-terf\u00fchrers \u201eBerg steil!\u201c. Jochen Hemmleb, Kletterpartner und Alpinautor, hat gemeinsam mit Hainz die Touren ausgew\u00e4hlt, mit knackigen Texten beschrieben und \u2013 auf eine Seite komprimiert \u2013mit Kurzbeschreibung, Topo und Routenbild dargestellt. Die Routen umfassen alle Schwierigkeitsgrade und richten sich zwar nicht an Beginner, aber an ver-sierte Kletterer*innen auf der Suche nach Genusstouren oder neuen Herausforderungen.<\/span><\/p>\n<p>208 Seiten, A5<\/p>","protected":false},"excerpt":{"rendered":"<p>Meine Erstbegehungen zum Nachklettern Dolomiten. Gro\u00dfe Alpenw\u00e4nde. Eis- und Sportkletterrouten: VON MODERAT BIS EXTREM Christoph Hainz ist der Zinnen-Mann: Seine Erschlie\u00dfungen in den Dolomiten sind legend\u00e4r. \u00dcber 60 seiner Erstbegehungen fordern zum Nachklettern heraus. Die Leidenschaft des Extrembergsteigers Christoph Hainz ist das Klettern. Mit diesem Buch stellt er sein bisheriges bergsteigerisches Lebenswerk vor: seine zahlreichen [&#8230;]\n","protected":false},"featured_media":162553,"template":"","meta":[],"product_brand":[],"product_cat":[21544,21540,21539],"product_tag":[27118,27119],"class_list":{"0":"post-162548","1":"product","2":"type-product","3":"status-publish","4":"has-post-thumbnail","6":"product_cat-fuehrerliteratur-alpin-sommer","7":"product_cat-fuehrerliteratur-alpin-winter","8":"product_cat-fuehrerliteratur-sportklettern-bouldern","9":"product_tag-berg-steil","10":"product_tag-bergsteil","11":"pa_autor-hainz","12":"pa_autor-hemmleb","13":"pa_erscheinungsjahr-27013","14":"pa_region-italien","15":"pa_sprache-de","17":"first","18":"instock","19":"taxable","20":"shipping-taxable","21":"purchasable","22":"product-type-simple"},"_links":{"self":[{"href":"https:\/\/pizbube.ch\/en\/wp-json\/wp\/v2\/product\/162548","targetHints":{"allow":["GET"]}}],"collection":[{"href":"https:\/\/pizbube.ch\/en\/wp-json\/wp\/v2\/product"}],"about":[{"href":"https:\/\/pizbube.ch\/en\/wp-json\/wp\/v2\/types\/product"}],"wp:featuredmedia":[{"embeddable":true,"href":"https:\/\/pizbube.ch\/en\/wp-json\/wp\/v2\/media\/162553"}],"wp:attachment":[{"href":"https:\/\/pizbube.ch\/en\/wp-json\/wp\/v2\/media?parent=162548"}],"wp:term":[{"taxonomy":"product_brand","embeddable":true,"href":"https:\/\/pizbube.ch\/en\/wp-json\/wp\/v2\/product_brand?post=162548"},{"taxonomy":"product_cat","embeddable":true,"href":"https:\/\/pizbube.ch\/en\/wp-json\/wp\/v2\/product_cat?post=162548"},{"taxonomy":"product_tag","embeddable":true,"href":"https:\/\/pizbube.ch\/en\/wp-json\/wp\/v2\/product_tag?post=162548"}],"curies":[{"name":"wp","href":"https:\/\/api.w.org\/{rel}","templated":true}]}}