{"id":162618,"date":"2022-07-06T11:07:25","date_gmt":"2022-07-06T09:07:25","guid":{"rendered":"https:\/\/pizbube.ch\/?post_type=product&#038;p=162618"},"modified":"2024-10-18T15:02:14","modified_gmt":"2024-10-18T13:02:14","slug":"rock-climbing-in-romania-a-climbing-guide-of-brasov-crags","status":"publish","type":"product","link":"https:\/\/pizbube.ch\/en\/shop\/rock-climbing-in-romania-a-climbing-guide-of-brasov-crags\/","title":{"rendered":"Rock Climbing in Romania &#8211; A Climbing Guide of Brasov Crags"},"content":{"rendered":"<p>This is the comprehensive guidebook for the rock climbing area around the city of Brosov in central Romania. All of the crags are located in 4 distinct areas, which are the; Postavaru Massif; Piatra Mare Massif; Piatra Craiului Massif; and Bucegi Massif. The guidebook covers 17 major rock climbing areas detailing nearly 700 sports climbing routes and 40 Alpine routes across all grades. For each rock climbing area there is a good location map, GPS coordinates, and a description giving a general overview of the area.<\/p>\n<p>Additional information includes; graphic symbols for route character, steepness and beauty; the quality of the bolting (which is generally very good); the best time of the year to climb at the crag; walking time to the crag from the car; and the minimum length of rope required. All the routes are shown on clear photo-topos with French grades. Published in February 2010 this guidebook is in English text only.<\/p>\n<p>&nbsp;<\/p>\n<p>Das ist der umfassende Kletterf\u00fchrer f\u00fcr das Klettergebiet um die Stadt Brosov in Zentralrum\u00e4nien. Alle Felsen befinden sich in 4 verschiedenen Gebieten, n\u00e4mlich im Postavaru-Massiv, im Piatra-Mare-Massiv, im Piatra-Craiului-Massiv und im Bucegi-Massiv. Der F\u00fchrer umfasst 17 Hauptfelsklettergebiete mit fast 700 Sportkletterrouten und 40 alpine Routen aller Schwierigkeitsgrade.<\/p>\n<p>F\u00fcr jedes Klettergebiet gibt es eine gute Standortkarte, GPS-Koordinaten und eine Beschreibung, die einen allgemeinen \u00dcberblick \u00fcber das Gebiet gibt. Zus\u00e4tzliche Informationen sind u.a. grafische Symbole f\u00fcr Routencharakter, Steilheit und Sch\u00f6nheit, die Qualit\u00e4t der Verschraubung (die im Allgemeinen sehr gut ist), die beste Jahreszeit zum Klettern am Klettergarten, die Gehzeit vom Auto zum Klettergarten und die erforderliche Mindestl\u00e4nge des Seils. Alle Routen sind auf \u00fcbersichtlichen Fototopos mit franz\u00f6sischen Graden dargestellt. Dieser Kletterf\u00fchrer wurde im Februar 2010 ver\u00f6ffentlicht und ist nur in englischer Sprache verf\u00fcgbar.<\/p>\n<p>240 Seiten<\/p>","protected":false},"excerpt":{"rendered":"<p>This is the comprehensive guidebook for the rock climbing area around the city of Brosov in central Romania. All of the crags are located in 4 distinct areas, which are the; Postavaru Massif; Piatra Mare Massif; Piatra Craiului Massif; and Bucegi Massif. The guidebook covers 17 major rock climbing areas detailing nearly 700 sports climbing [&#8230;]\n","protected":false},"featured_media":162619,"template":"","meta":[],"product_brand":[],"product_cat":[21539],"product_tag":[27124],"class_list":{"0":"post-162618","1":"product","2":"type-product","3":"status-publish","4":"has-post-thumbnail","6":"product_cat-fuehrerliteratur-sportklettern-bouldern","7":"product_tag-rumaenien","8":"pa_autor-draghici","9":"pa_erscheinungsjahr-21830","10":"pa_region-osteuropa","11":"pa_sprache-en","13":"first","14":"outofstock","15":"taxable","16":"shipping-taxable","17":"purchasable","18":"product-type-simple"},"_links":{"self":[{"href":"https:\/\/pizbube.ch\/en\/wp-json\/wp\/v2\/product\/162618","targetHints":{"allow":["GET"]}}],"collection":[{"href":"https:\/\/pizbube.ch\/en\/wp-json\/wp\/v2\/product"}],"about":[{"href":"https:\/\/pizbube.ch\/en\/wp-json\/wp\/v2\/types\/product"}],"wp:featuredmedia":[{"embeddable":true,"href":"https:\/\/pizbube.ch\/en\/wp-json\/wp\/v2\/media\/162619"}],"wp:attachment":[{"href":"https:\/\/pizbube.ch\/en\/wp-json\/wp\/v2\/media?parent=162618"}],"wp:term":[{"taxonomy":"product_brand","embeddable":true,"href":"https:\/\/pizbube.ch\/en\/wp-json\/wp\/v2\/product_brand?post=162618"},{"taxonomy":"product_cat","embeddable":true,"href":"https:\/\/pizbube.ch\/en\/wp-json\/wp\/v2\/product_cat?post=162618"},{"taxonomy":"product_tag","embeddable":true,"href":"https:\/\/pizbube.ch\/en\/wp-json\/wp\/v2\/product_tag?post=162618"}],"curies":[{"name":"wp","href":"https:\/\/api.w.org\/{rel}","templated":true}]}}