{"id":162627,"date":"2022-07-06T14:08:09","date_gmt":"2022-07-06T12:08:09","guid":{"rendered":"https:\/\/pizbube.ch\/?post_type=product&#038;p=162627"},"modified":"2022-08-18T16:09:28","modified_gmt":"2022-08-18T14:09:28","slug":"roc-arts-techniques-experiences","status":"publish","type":"product","link":"https:\/\/pizbube.ch\/en\/shop\/roc-arts-techniques-experiences\/","title":{"rendered":"roc: Arts &#8211; Techniques &#8211; exp\u00e9riences"},"content":{"rendered":"<p>Roc est l\u2019ouvrage de r\u00e9f\u00e9rence pour tous les passionn\u00e9s d\u2019escalade et d\u2019aventure, pratiquants amateurs comme professionnels. Unique en son genre, il aborde toutes les formes d\u2019ascensions rocheuses, depuis les grandes voies alpines jusqu\u2019aux lignes modernes de \u00ab Trad \u00bb, l\u00e0 o\u00f9 le grimpeur est seul acteur de sa s\u00e9curit\u00e9.<\/p>\n<p>\u00c0 travers diff\u00e9rents chapitres sur l\u2019histoire, les terrains de jeu, le mat\u00e9riel et les techniques, J\u00e9r\u00f4me Blanc-Gras et Manu Ibarra, tous deux guides de montagne, formateurs et d\u00e9veloppeurs de mat\u00e9riel de montagne, nous invitent \u00e0 explorer en profondeur l\u2019art et la mani\u00e8re d\u2019\u00e9voluer dans cet univers rocheux passionnant.<\/p>\n<p>Roc pr\u00e9sente aussi de nombreux t\u00e9moignages in\u00e9dits de grimpeurs internationaux.<\/p>\n<p>600\u00a0pages\u00a0<strong><br \/>\n<\/strong>Format broch\u00e9 19,3 x 25 cm<\/p>","protected":false},"excerpt":{"rendered":"<p>Roc est l\u2019ouvrage de r\u00e9f\u00e9rence pour tous les passionn\u00e9s d\u2019escalade et d\u2019aventure, pratiquants amateurs comme professionnels. Unique en son genre, il aborde toutes les formes d\u2019ascensions rocheuses, depuis les grandes voies alpines jusqu\u2019aux lignes modernes de \u00ab Trad \u00bb, l\u00e0 o\u00f9 le grimpeur est seul acteur de sa s\u00e9curit\u00e9. \u00c0 travers diff\u00e9rents chapitres sur l\u2019histoire, [&#8230;]\n","protected":false},"featured_media":162629,"template":"","meta":[],"product_brand":[],"product_cat":[21538,21542],"product_tag":[],"class_list":{"0":"post-162627","1":"product","2":"type-product","3":"status-publish","4":"has-post-thumbnail","6":"product_cat-lehrbuecher","7":"product_cat-sachbuecher-dokumentationen","8":"pa_autor-blanc-gars-ibarra","9":"pa_erscheinungsjahr-27013","10":"pa_region-frankreich","11":"pa_region-orientierung-wetter-ausbildung","12":"pa_sprache-fr","14":"first","15":"instock","16":"taxable","17":"shipping-taxable","18":"purchasable","19":"product-type-simple"},"_links":{"self":[{"href":"https:\/\/pizbube.ch\/en\/wp-json\/wp\/v2\/product\/162627","targetHints":{"allow":["GET"]}}],"collection":[{"href":"https:\/\/pizbube.ch\/en\/wp-json\/wp\/v2\/product"}],"about":[{"href":"https:\/\/pizbube.ch\/en\/wp-json\/wp\/v2\/types\/product"}],"wp:featuredmedia":[{"embeddable":true,"href":"https:\/\/pizbube.ch\/en\/wp-json\/wp\/v2\/media\/162629"}],"wp:attachment":[{"href":"https:\/\/pizbube.ch\/en\/wp-json\/wp\/v2\/media?parent=162627"}],"wp:term":[{"taxonomy":"product_brand","embeddable":true,"href":"https:\/\/pizbube.ch\/en\/wp-json\/wp\/v2\/product_brand?post=162627"},{"taxonomy":"product_cat","embeddable":true,"href":"https:\/\/pizbube.ch\/en\/wp-json\/wp\/v2\/product_cat?post=162627"},{"taxonomy":"product_tag","embeddable":true,"href":"https:\/\/pizbube.ch\/en\/wp-json\/wp\/v2\/product_tag?post=162627"}],"curies":[{"name":"wp","href":"https:\/\/api.w.org\/{rel}","templated":true}]}}