{"id":162660,"date":"2022-07-07T11:29:51","date_gmt":"2022-07-07T09:29:51","guid":{"rendered":"https:\/\/pizbube.ch\/?post_type=product&#038;p=162660"},"modified":"2025-05-02T12:43:28","modified_gmt":"2025-05-02T10:43:28","slug":"hochtouren-topofuehrer-berner-alpen-kopie","status":"publish","type":"product","link":"https:\/\/pizbube.ch\/en\/shop\/hochtouren-topofuehrer-berner-alpen-kopie\/","title":{"rendered":"Hochtouren Topof\u00fchrer Berner Alpen"},"content":{"rendered":"<p>80 Klassische Touren in Fels und Eis zwischen Les Diablerets und Grimsel.<br \/>\n160 Alternativrouten und Varianten<br \/>\nInfos zu Gletschertrekking<\/p>\n<p>Die 5. Auflage beschreibt 80 Touren in Fels und Eis zwischen Les Diablerets und Grimsel. Dazu 160 Alternativrouten<br \/>\nund Varianten sowie Infos zu Gletschertrekking.<\/p>\n<p>Landeskartenausschnitte 1:25 000 der swisstopo mit eingezeichneten Routen und Hinweisen, eine aktuelle<br \/>\nH\u00fcttenliste sowie Infos zu den Ausgangspunkten und Anreise sind integriert.<br \/>\nDazu geben detailgenaue Routentopos und aktuelle Bilder weitere Informationen \u00fcber den Routenverlauf, die<br \/>\nSchwierigkeiten und Schl\u00fcsselstellen.<br \/>\nMit knappen Texten wird der Charakter der Tour beschrieben und die vielen Fotos machen den F\u00fchrer auch zur Lekt\u00fcre der Vorfreude!<\/p>\n<p>Die Berge sind im st\u00e4ndigen Wandel. Felsausbr\u00fcche oder der R\u00fcckgang der Gletscher ver\u00e4ndern die Landschaft<br \/>\nund damit auch den Routenverlauf. Details wie z. B. die H\u00f6hen einer Abseilstelle oder die H\u00f6henangaben von Gipfeln und Gel\u00e4ndepunkten haben ge\u00e4ndert. Kurz: Es blieb kaum ein Stein<br \/>\nauf dem anderen.<\/p>\n<p>Was ist neu? Wir haben die 5. Auflage komplett \u00fcberarbeitet und mit weiteren Hochtouren, Alternativtouren und Varianten erweitert. Dazu die Kartengrundlagen erneuert und H\u00f6henangaben,<br \/>\nBerg- oder Flurnamen im Text und Topo angepasst. Damit bleibt dieser Topof\u00fchrer das Standardwerk \u00fcber Hochtouren der Berner Alpen.<\/p>\n<p>Anhang:<br \/>\nGletschertrekkings<br \/>\nRoutenverzeichnis, Verzeichnis Alternativtouren, Alphabetisches Verzeichnis,<br \/>\nVerzeichnis nach Ernsthaftigkeit<\/p>\n<p>Einleitung auf Franz\u00f6sich und Englisch<\/p>\n<p>5. Auflage 2022<br \/>\n80 Touren in Fels und Eis zwischen Les Diablerets und Grimsel.<br \/>\n404 Seiten, 13 x 18 cm, 4-farbig, Softcover, Deutsch<\/p>\n<p>&nbsp;<\/p>\n<p>A new topoguidebook for alpine climbs in the Bernese Alps (Les Diablerets to<br \/>\nGrimsel), 80 routes!<br \/>\nIntroduction, infos and explanation in english.<\/p>\n<p>Nouveau topo-guide des Alpes Bernoises: Introduction et infos en fran\u00e7ais, 80<br \/>\nvoies sont d\u00e9crites.<\/p>","protected":false},"excerpt":{"rendered":"<p><a href=\"https:\/\/pizbube.ch\/wp-content\/uploads\/2022\/07\/Leseprobe_Berner_Alpen_2022.pdf\" target=\"_blank\" rel=\"noopener\"><strong>Leseprobe_Berner_Alpen_2022<\/strong><\/a><\/p>","protected":false},"featured_media":162661,"template":"","meta":[],"product_brand":[],"product_cat":[21544],"product_tag":[],"class_list":{"0":"post-162660","1":"product","2":"type-product","3":"status-publish","4":"has-post-thumbnail","6":"product_cat-fuehrerliteratur-alpin-sommer","7":"pa_autor-silbernagel-wullschleger","8":"pa_erscheinungsjahr-27013","9":"pa_region-schweiz","10":"pa_sprache-de","12":"first","13":"instock","14":"taxable","15":"shipping-taxable","16":"purchasable","17":"product-type-simple"},"_links":{"self":[{"href":"https:\/\/pizbube.ch\/en\/wp-json\/wp\/v2\/product\/162660","targetHints":{"allow":["GET"]}}],"collection":[{"href":"https:\/\/pizbube.ch\/en\/wp-json\/wp\/v2\/product"}],"about":[{"href":"https:\/\/pizbube.ch\/en\/wp-json\/wp\/v2\/types\/product"}],"wp:featuredmedia":[{"embeddable":true,"href":"https:\/\/pizbube.ch\/en\/wp-json\/wp\/v2\/media\/162661"}],"wp:attachment":[{"href":"https:\/\/pizbube.ch\/en\/wp-json\/wp\/v2\/media?parent=162660"}],"wp:term":[{"taxonomy":"product_brand","embeddable":true,"href":"https:\/\/pizbube.ch\/en\/wp-json\/wp\/v2\/product_brand?post=162660"},{"taxonomy":"product_cat","embeddable":true,"href":"https:\/\/pizbube.ch\/en\/wp-json\/wp\/v2\/product_cat?post=162660"},{"taxonomy":"product_tag","embeddable":true,"href":"https:\/\/pizbube.ch\/en\/wp-json\/wp\/v2\/product_tag?post=162660"}],"curies":[{"name":"wp","href":"https:\/\/api.w.org\/{rel}","templated":true}]}}