{"id":162668,"date":"2022-07-07T15:29:31","date_gmt":"2022-07-07T13:29:31","guid":{"rendered":"https:\/\/pizbube.ch\/?post_type=product&#038;p=162668"},"modified":"2022-07-07T15:29:32","modified_gmt":"2022-07-07T13:29:32","slug":"bergfuehrer-berchtesgaden-chiemgau","status":"publish","type":"product","link":"https:\/\/pizbube.ch\/en\/shop\/bergfuehrer-berchtesgaden-chiemgau\/","title":{"rendered":"Bergf\u00fchrer Berchtesgaden &amp; Chiemgau"},"content":{"rendered":"<p>Gipfel &amp; Grate, Normalanstiege, Alpine Klettertouren &amp; \u00dcberschreitungen<\/p>\n<p>Die Gipfel um Watzmann, Hochkalter und Kampenwand bieten eine schier unersch\u00f6pfliche Spielwiese f\u00fcr Bergsteiger. Ihre Vielfalt ist ein Garant f\u00fcr gro\u00dfartige Tage am Berg. Sebastian Steude legt mit seinem F\u00fchrer eine fein austarierte Tourensammlung vor. Anspruchsvolle Wanderungen (T4 aufw\u00e4rts), Normalanstiege, Grat\u00fcberschreitungen, Gipfel und alpine Klettertouren \u2013 in dieser Art ein echtes Novum und meilensteinverd\u00e4chtig. Das Spektrum reicht vom Normalweg auf den Kleinen Watzmann und der Hagengebirgsdurchquerung \u00fcber die Kampenwand- und Watzmann\u00fcberschreitung bis zur Watzmann-Ostwand und dem Hohen G\u00f6ll-Westgrat. Und nat\u00fcrlich vielem vielem mehr!<\/p>\n<p>Wer Panico kennt, wei\u00df was ihn erwartet: exakte Beschreibungen, detaillierte Kartenskizzen und aussagekr\u00e4ftige Topos. Unser Sommer-Tipp f\u00fcr Oberbayern-Fans, egal ob Bergsteiger, Bergwanderer, Gipfelsammler oder Kletterer in den unteren Schwierigkeitsgraden \u2013 (nicht nur) der Watzmann ruft!<\/p>\n<p>1. Auflage 2022, 248 Seiten, 120 x 185 mm, Softcover mit Umschlagsklappen, komplett 4 Farbig<\/p>","protected":false},"excerpt":{"rendered":"<p>Gipfel &amp; Grate, Normalanstiege, Alpine Klettertouren &amp; \u00dcberschreitungen Die Gipfel um Watzmann, Hochkalter und Kampenwand bieten eine schier unersch\u00f6pfliche Spielwiese f\u00fcr Bergsteiger. Ihre Vielfalt ist ein Garant f\u00fcr gro\u00dfartige Tage am Berg. Sebastian Steude legt mit seinem F\u00fchrer eine fein austarierte Tourensammlung vor. Anspruchsvolle Wanderungen (T4 aufw\u00e4rts), Normalanstiege, Grat\u00fcberschreitungen, Gipfel und alpine Klettertouren \u2013 in [&#8230;]\n","protected":false},"featured_media":162669,"template":"","meta":[],"product_brand":[],"product_cat":[21544],"product_tag":[],"class_list":{"0":"post-162668","1":"product","2":"type-product","3":"status-publish","4":"has-post-thumbnail","6":"product_cat-fuehrerliteratur-alpin-sommer","7":"pa_autor-steude","8":"pa_erscheinungsjahr-27013","9":"pa_region-deutschland","10":"pa_region-oesterreich","11":"pa_sprache-de","13":"first","14":"instock","15":"taxable","16":"shipping-taxable","17":"purchasable","18":"product-type-simple"},"_links":{"self":[{"href":"https:\/\/pizbube.ch\/en\/wp-json\/wp\/v2\/product\/162668","targetHints":{"allow":["GET"]}}],"collection":[{"href":"https:\/\/pizbube.ch\/en\/wp-json\/wp\/v2\/product"}],"about":[{"href":"https:\/\/pizbube.ch\/en\/wp-json\/wp\/v2\/types\/product"}],"wp:featuredmedia":[{"embeddable":true,"href":"https:\/\/pizbube.ch\/en\/wp-json\/wp\/v2\/media\/162669"}],"wp:attachment":[{"href":"https:\/\/pizbube.ch\/en\/wp-json\/wp\/v2\/media?parent=162668"}],"wp:term":[{"taxonomy":"product_brand","embeddable":true,"href":"https:\/\/pizbube.ch\/en\/wp-json\/wp\/v2\/product_brand?post=162668"},{"taxonomy":"product_cat","embeddable":true,"href":"https:\/\/pizbube.ch\/en\/wp-json\/wp\/v2\/product_cat?post=162668"},{"taxonomy":"product_tag","embeddable":true,"href":"https:\/\/pizbube.ch\/en\/wp-json\/wp\/v2\/product_tag?post=162668"}],"curies":[{"name":"wp","href":"https:\/\/api.w.org\/{rel}","templated":true}]}}