{"id":162689,"date":"2022-07-09T09:30:30","date_gmt":"2022-07-09T07:30:30","guid":{"rendered":"https:\/\/pizbube.ch\/?post_type=product&#038;p=162689"},"modified":"2025-05-01T10:40:36","modified_gmt":"2025-05-01T08:40:36","slug":"meraner-hoehenweg","status":"publish","type":"product","link":"https:\/\/pizbube.ch\/en\/shop\/meraner-hoehenweg\/","title":{"rendered":"Meraner H\u00f6henweg"},"content":{"rendered":"<p class=\"mt-3\">Mit Varianten, Gipfelrouten und Tagestouren in der Texelgruppe<\/p>\n<p><span class=\"value\">Meran, die Perle S\u00fcdtirols, wird im Norden von einem grandiosen Gebirge \u2013 der Texelgruppe \u2013 dominiert, dessen Gipfel die Stadt bis zu 3000 Meter \u00fcberragen. Ein gewaltiger H\u00f6henunterschied! An den Flanken dieses Gebirges verl\u00e4uft der Meraner H\u00f6henweg. Er hat sich zu einer der beliebtesten mehrt\u00e4gigen Rundwanderungen der Alpen entwickelt \u2013 und das zu Recht!<\/span><\/p>\n<p>Der Rother Wanderf\u00fchrer \u00bbMeraner H\u00f6henweg\u00ab ist die perfekte Planungsgrundlage f\u00fcr die klassische, f\u00fcnf- bis sechst\u00e4gige Route \u2013 mit allen wichtigen Infos, Varianten und Gipfelabstechern.Auf dem Meraner H\u00f6henweg bewegt man sich hoch oben \u00fcber dem Passeiertal, \u00fcber dem Etschtal mit dem Meraner Becken und \u00fcber dem Schnalstal. Immer wieder kommt man zu malerisch gelegenen Bergbauernh\u00f6fen und Almen, von denen manche auch als Quartier genutzt werden. Die Etappen der Nordseite f\u00fchren durch die Hochgebirgst\u00e4ler unter dem Hauptkamm der \u00d6tztaler Alpen: das Pfossental und das Pfelderer Tal. Dazwischen bildet das fast 2.900 Meter hohe Eisj\u00f6chl den h\u00f6chsten Punkt des Meraner H\u00f6henwegs. Gleich daneben bietet die Stettiner H\u00fctte Unterkunft in d\u00fcnner Luft.Mehrere Varianten f\u00fchren an den Spronser Seen vorbei, die zu den reizvollsten Natursch\u00f6nheiten S\u00fcdtirols z\u00e4hlen. Dort finden auch Kinder gro\u00dfartige \u00bbAbenteuer-Spielpl\u00e4tze\u00ab. Der Nachwuchs f\u00fchlt sich auch mit den Kindern und Tieren der Bergbauernh\u00f6fe meist pudelwohl.<\/p>\n<p><span class=\"value\">Der Wanderf\u00fchrer \u00bbMeraner H\u00f6henweg\u00ab beschreibt:- die klassische Route (5 bis 6 Tage), beschrieben in zahlreichen Teiletappen zwischen den \u00dcbernachtungsm\u00f6glichkeiten- zahlreiche Varianten, auch Gebietsdurchquerungen, u. a. entlang der Spronser Seen- Gipfelabstecher in der Texelgruppe und am \u00d6tztaler Hauptkamm, darunter auch 3000er- Tagestouren auf Teiletappen f\u00fcr Urlauber, die im Tal wohnen (oft mit Seilbahnbenutzung)- alle n\u00f6tigen Informationen \u00fcber Ausgangspunkte, Parkpl\u00e4tze, Anbindung an Buslinien undSeilbahnen, \u00dcbernachtungsm\u00f6glichkeiten, individuelle Etappenplanung \u2013 kurz: die perfekte Planungsgrundlage.<\/span><\/p>\n<p>168 Seiten;<br \/>\n50 H\u00f6henprofile, 50 Wanderk\u00e4rtchen im Ma\u00dfstab 1:50.000 und 1:75.000, zwei \u00dcbersichtskarten, GPS-Tracks zum Download<br \/>\n<span class=\"value\">3., aktualisierte Auflage 2025<\/span><\/p>","protected":false},"excerpt":{"rendered":"<p>Mit Varianten, Gipfelrouten und Tagestouren in der Texelgruppe Meran, die Perle S\u00fcdtirols, wird im Norden von einem grandiosen Gebirge \u2013 der Texelgruppe \u2013 dominiert, dessen Gipfel die Stadt bis zu 3000 Meter \u00fcberragen. Ein gewaltiger H\u00f6henunterschied! An den Flanken dieses Gebirges verl\u00e4uft der Meraner H\u00f6henweg. Er hat sich zu einer der beliebtesten mehrt\u00e4gigen Rundwanderungen der [&#8230;]\n","protected":false},"featured_media":179541,"template":"","meta":[],"product_brand":[],"product_cat":[21605],"product_tag":[],"class_list":{"0":"post-162689","1":"product","2":"type-product","3":"status-publish","4":"has-post-thumbnail","6":"product_cat-wanderfuehrer-trekking","7":"pa_autor-hirleiter","8":"pa_erscheinungsjahr-27415","9":"pa_region-italien","10":"pa_sprache-de","12":"first","13":"instock","14":"taxable","15":"shipping-taxable","16":"purchasable","17":"product-type-simple"},"_links":{"self":[{"href":"https:\/\/pizbube.ch\/en\/wp-json\/wp\/v2\/product\/162689","targetHints":{"allow":["GET"]}}],"collection":[{"href":"https:\/\/pizbube.ch\/en\/wp-json\/wp\/v2\/product"}],"about":[{"href":"https:\/\/pizbube.ch\/en\/wp-json\/wp\/v2\/types\/product"}],"wp:featuredmedia":[{"embeddable":true,"href":"https:\/\/pizbube.ch\/en\/wp-json\/wp\/v2\/media\/179541"}],"wp:attachment":[{"href":"https:\/\/pizbube.ch\/en\/wp-json\/wp\/v2\/media?parent=162689"}],"wp:term":[{"taxonomy":"product_brand","embeddable":true,"href":"https:\/\/pizbube.ch\/en\/wp-json\/wp\/v2\/product_brand?post=162689"},{"taxonomy":"product_cat","embeddable":true,"href":"https:\/\/pizbube.ch\/en\/wp-json\/wp\/v2\/product_cat?post=162689"},{"taxonomy":"product_tag","embeddable":true,"href":"https:\/\/pizbube.ch\/en\/wp-json\/wp\/v2\/product_tag?post=162689"}],"curies":[{"name":"wp","href":"https:\/\/api.w.org\/{rel}","templated":true}]}}