{"id":162775,"date":"2022-07-16T12:32:24","date_gmt":"2022-07-16T10:32:24","guid":{"rendered":"https:\/\/pizbube.ch\/?post_type=product&#038;p=162775"},"modified":"2022-07-16T12:39:55","modified_gmt":"2022-07-16T10:39:55","slug":"mut-und-kraft","status":"publish","type":"product","link":"https:\/\/pizbube.ch\/en\/shop\/mut-und-kraft\/","title":{"rendered":"Mut und Kraft"},"content":{"rendered":"<p>Die Eroberung der Adersbacher Felsenwelt<\/p>\n<p>Das erste Buch \u00fcber Klettern in den Ostb\u00f6hmischen Sandsteingebieten (Adr\u0161pach, Teplice, Osta\u0161 und Braunauer W\u00e4nde) ab 1923 bis heute.<br \/>\nVon den ersten deutschen Kletterpionieren bis zu den nervenstarken Tschechischen Kamikazehelden.<\/p>\n<p>228 Seiten<\/p>\n<p>Fester Einband\/Hardcover, Format 20,5 mal 21,5 cm, Schwarz-Wei\u00df, viele Fotos<\/p>","protected":false},"excerpt":{"rendered":"<p>Die Eroberung der Adersbacher Felsenwelt Das erste Buch \u00fcber Klettern in den Ostb\u00f6hmischen Sandsteingebieten (Adr\u0161pach, Teplice, Osta\u0161 und Braunauer W\u00e4nde) ab 1923 bis heute. Von den ersten deutschen Kletterpionieren bis zu den nervenstarken Tschechischen Kamikazehelden. 228 Seiten Fester Einband\/Hardcover, Format 20,5 mal 21,5 cm, Schwarz-Wei\u00df, viele Fotos<\/p>","protected":false},"featured_media":162776,"template":"","meta":[],"product_brand":[],"product_cat":[21542],"product_tag":[],"class_list":{"0":"post-162775","1":"product","2":"type-product","3":"status-publish","4":"has-post-thumbnail","6":"product_cat-sachbuecher-dokumentationen","7":"pa_autor-sykora","8":"pa_erscheinungsjahr-27013","9":"pa_region-deutschland","10":"pa_region-osteuropa","11":"pa_sprache-de","13":"first","14":"instock","15":"taxable","16":"shipping-taxable","17":"purchasable","18":"product-type-simple"},"_links":{"self":[{"href":"https:\/\/pizbube.ch\/en\/wp-json\/wp\/v2\/product\/162775","targetHints":{"allow":["GET"]}}],"collection":[{"href":"https:\/\/pizbube.ch\/en\/wp-json\/wp\/v2\/product"}],"about":[{"href":"https:\/\/pizbube.ch\/en\/wp-json\/wp\/v2\/types\/product"}],"wp:featuredmedia":[{"embeddable":true,"href":"https:\/\/pizbube.ch\/en\/wp-json\/wp\/v2\/media\/162776"}],"wp:attachment":[{"href":"https:\/\/pizbube.ch\/en\/wp-json\/wp\/v2\/media?parent=162775"}],"wp:term":[{"taxonomy":"product_brand","embeddable":true,"href":"https:\/\/pizbube.ch\/en\/wp-json\/wp\/v2\/product_brand?post=162775"},{"taxonomy":"product_cat","embeddable":true,"href":"https:\/\/pizbube.ch\/en\/wp-json\/wp\/v2\/product_cat?post=162775"},{"taxonomy":"product_tag","embeddable":true,"href":"https:\/\/pizbube.ch\/en\/wp-json\/wp\/v2\/product_tag?post=162775"}],"curies":[{"name":"wp","href":"https:\/\/api.w.org\/{rel}","templated":true}]}}