{"id":162808,"date":"2022-07-20T10:25:37","date_gmt":"2022-07-20T08:25:37","guid":{"rendered":"https:\/\/pizbube.ch\/?post_type=product&#038;p=162808"},"modified":"2022-12-15T18:05:40","modified_gmt":"2022-12-15T17:05:40","slug":"alpi-di-leventina-e-val-bedretto","status":"publish","type":"product","link":"https:\/\/pizbube.ch\/en\/shop\/alpi-di-leventina-e-val-bedretto\/","title":{"rendered":"Alpi di Leventina e Val Bedretto"},"content":{"rendered":"<p>Questo libro \u00e8 dedicato all\u2019umanit\u00e0 contadina che, con vero ingegno, nel corso dei secoli passati ha creato sulle montagne della Valle Leventina e della Val Bedretto (un territorio vasto, con alcune sue parti assai impervie al pari di quelle della Val Bavona e di altri luoghi simili) sentieri, scalinate, case di pietra e di legno anche nei posti pi\u00f9 difficili e impensati allo scopo di trarre il nutrimento per la vita.<\/p>\n<p>Della grandiosa civilt\u00e0 contadina di un tempo noi utilizziamo i tanti sentieri che ci permettono di salire sulle montagne. Anche dove oggi arrivano le strade, un tempo gli alpigiani salivano a piedi dai paesi di fondovalle.<br \/>\nDella civilt\u00e0 rurale del passato restano tante tracce che ci parlano e ci invitano a una vita pi\u00f9 in sintonia con la natura e pi\u00f9 rispettosa del Creato. All\u2019et\u00e0 di settant\u2019anni, Giuseppe Brenna \u2013 l\u2019autore della Guida delle Alpi ticinesi e mesolcinesi \u2013 ci offre un\u2019opera affascinante sulle terre alte leventinesi e bedrettesi, frutto della loro recente rivisitazione con passione, emozione e rispetto.<\/p>\n<p>Il libro, arricchito con 622 fotografie e 64 immagini d\u2019epoca, \u00e8 pure una guida perch\u00e9 presenta 174 itinerari (taluni facili e altri pi\u00f9 difficili riservati ai pi\u00f9 esperti) per 290 tra alpi con i relativi corti e altri luoghi particolari.<br \/>\nChi si appassiona di \u201carcheologia alpestre\u201d riesce ad entrare nella terra di Leventina e Val Bedretto con tanto stupore e sa trovare nelle tantissime, ovunque visibili tracce del passato la bellezza delle menti e dei cuori delle persone all\u2019origine di tali tracce.<\/p>\n<p>Formato: 15 x 21 cm<br \/>\nPagine : 552<\/p>","protected":false},"excerpt":{"rendered":"<p><strong><a href=\"https:\/\/pizbube.ch\/wp-content\/uploads\/2022\/07\/Alpi_Leventina_Bedretto_Indice.pdf\" target=\"_blank\" rel=\"noopener\">Alpi_Leventina_Bedretto_Indice<\/a><\/strong><\/p>","protected":false},"featured_media":162810,"template":"","meta":[],"product_brand":[],"product_cat":[21542],"product_tag":[],"class_list":{"0":"post-162808","1":"product","2":"type-product","3":"status-publish","4":"has-post-thumbnail","6":"product_cat-sachbuecher-dokumentationen","7":"pa_autor-brenna","8":"pa_erscheinungsjahr-27013","9":"pa_region-schweiz","10":"pa_sprache-it","12":"first","13":"instock","14":"taxable","15":"shipping-taxable","16":"purchasable","17":"product-type-simple"},"_links":{"self":[{"href":"https:\/\/pizbube.ch\/en\/wp-json\/wp\/v2\/product\/162808","targetHints":{"allow":["GET"]}}],"collection":[{"href":"https:\/\/pizbube.ch\/en\/wp-json\/wp\/v2\/product"}],"about":[{"href":"https:\/\/pizbube.ch\/en\/wp-json\/wp\/v2\/types\/product"}],"wp:featuredmedia":[{"embeddable":true,"href":"https:\/\/pizbube.ch\/en\/wp-json\/wp\/v2\/media\/162810"}],"wp:attachment":[{"href":"https:\/\/pizbube.ch\/en\/wp-json\/wp\/v2\/media?parent=162808"}],"wp:term":[{"taxonomy":"product_brand","embeddable":true,"href":"https:\/\/pizbube.ch\/en\/wp-json\/wp\/v2\/product_brand?post=162808"},{"taxonomy":"product_cat","embeddable":true,"href":"https:\/\/pizbube.ch\/en\/wp-json\/wp\/v2\/product_cat?post=162808"},{"taxonomy":"product_tag","embeddable":true,"href":"https:\/\/pizbube.ch\/en\/wp-json\/wp\/v2\/product_tag?post=162808"}],"curies":[{"name":"wp","href":"https:\/\/api.w.org\/{rel}","templated":true}]}}