{"id":162826,"date":"2022-07-21T09:25:37","date_gmt":"2022-07-21T07:25:37","guid":{"rendered":"https:\/\/pizbube.ch\/?post_type=product&#038;p=162826"},"modified":"2026-01-21T18:15:29","modified_gmt":"2026-01-21T17:15:29","slug":"valli-bergamasche-falesie-klettergaerten","status":"publish","type":"product","link":"https:\/\/pizbube.ch\/en\/shop\/valli-bergamasche-falesie-klettergaerten\/","title":{"rendered":"VALLI BERGAMASCHE &#8211; Falesie\/Kletterg\u00e4rten"},"content":{"rendered":"<p class=\"product_title entry-title\">Val Seriana, Val Brembana, Val di Scalve, Lago d\u2019Iseo<\/p>\n<p>Dieser F\u00fchrer beschreibt die Kletterg\u00e4rten der Provinz von Bergamo.<br \/>\nEinige davon haben in Italien und dar\u00fcber hinaus Klettergeschichte geschrieben, andere sind noch jung und bieten Nachschub f\u00fcr neue und starke Generationen von Kletterern und Alpinisten.<\/p>\n<p>Die Gegend von Bergamo hat sehr interessante und unterschiedliche Kletterg\u00e4rten zu bieten, darunter senkrechte W\u00e4nde aus Kalkstein und Verrucano,<br \/>\n\u00dcberh\u00e4nge und D\u00e4cher aus Konglomerat, sowie ausgezeichneten Kalkstein mit Leisten und L\u00f6chern in verschiedensten\u00a0Neigungen.<\/p>\n<p>Kletterspa\u00df ist garantiert in den technischen W\u00e4nden und athletischen \u00dcberh\u00e4ngen, auf komplizierten und heiklen Platten, die Kraft und Koordination fordern. Abwechslungsreich sind auch die Schwierigkeiten, die Ausrichtung, sowie die H\u00f6henlage der einzelnen Kletterg\u00e4rten und Sektoren, die tolle Klettertage in egal welcher Jahreszeit versprechen.<\/p>\n<p>464 Seiten;<br \/>\n3. Auflage 2022 \/ Nachdruck 2025<\/p>\n<p>&nbsp;<\/p>\n<p>Questo lavoro raccoglie le falesie in provincia di Bergamo che per caratteristiche diverse rappresentano i luoghi arrampicatori pi\u00f9 fruibili. Alcuni sono luoghi\u00a0che hanno scritto la storia dell\u2019arrampicata italiana e mondiale, altri sono luoghi di pi\u00f9 recente attrezzatura che hanno permesso e permettono la crescita di nuove generazioni di fortissimi arrampicatori e alpinisti.<\/p>\n<p>La provincia di Bergamo ha sul suo territorio falesie molto interessanti e molto diverse tra loro, muri verticali di calcare e verrucano, strapiombi e soffitti di conglomerato a buchi, strutture di ottimo calcare a tacche e buchi con varie inclinazioni.<\/p>\n<p>Vi divertirete arrampicando muri tecnici o strapiombi atletici, placche complicate e delicate o placche fisiche e di movimento. Molto diverse sono anche le difficolt\u00e0 sulle quali potrete arrampicare mentre le varie esposizioni e quote di falesie e settori vi permetteranno di frequentare la provincia di Bergamo tutto l\u2019anno.<\/p>\n<p>464 pagine;<\/p>","protected":false},"excerpt":{"rendered":"<p>Val Seriana, Val Brembana, Val di Scalve, Lago d\u2019Iseo Dieser F\u00fchrer beschreibt die Kletterg\u00e4rten der Provinz von Bergamo. Einige davon haben in Italien und dar\u00fcber hinaus Klettergeschichte geschrieben, andere sind noch jung und bieten Nachschub f\u00fcr neue und starke Generationen von Kletterern und Alpinisten. Die Gegend von Bergamo hat sehr interessante und unterschiedliche Kletterg\u00e4rten zu [&#8230;]\n","protected":false},"featured_media":162827,"template":"","meta":[],"product_brand":[],"product_cat":[21539],"product_tag":[],"class_list":{"0":"post-162826","1":"product","2":"type-product","3":"status-publish","4":"has-post-thumbnail","6":"product_cat-fuehrerliteratur-sportklettern-bouldern","7":"pa_autor-parimbelli","8":"pa_erscheinungsjahr-27013","9":"pa_region-italien","10":"pa_sprache-it-de","12":"first","13":"instock","14":"taxable","15":"shipping-taxable","16":"purchasable","17":"product-type-simple"},"_links":{"self":[{"href":"https:\/\/pizbube.ch\/en\/wp-json\/wp\/v2\/product\/162826","targetHints":{"allow":["GET"]}}],"collection":[{"href":"https:\/\/pizbube.ch\/en\/wp-json\/wp\/v2\/product"}],"about":[{"href":"https:\/\/pizbube.ch\/en\/wp-json\/wp\/v2\/types\/product"}],"wp:featuredmedia":[{"embeddable":true,"href":"https:\/\/pizbube.ch\/en\/wp-json\/wp\/v2\/media\/162827"}],"wp:attachment":[{"href":"https:\/\/pizbube.ch\/en\/wp-json\/wp\/v2\/media?parent=162826"}],"wp:term":[{"taxonomy":"product_brand","embeddable":true,"href":"https:\/\/pizbube.ch\/en\/wp-json\/wp\/v2\/product_brand?post=162826"},{"taxonomy":"product_cat","embeddable":true,"href":"https:\/\/pizbube.ch\/en\/wp-json\/wp\/v2\/product_cat?post=162826"},{"taxonomy":"product_tag","embeddable":true,"href":"https:\/\/pizbube.ch\/en\/wp-json\/wp\/v2\/product_tag?post=162826"}],"curies":[{"name":"wp","href":"https:\/\/api.w.org\/{rel}","templated":true}]}}