{"id":162832,"date":"2022-07-21T10:02:29","date_gmt":"2022-07-21T08:02:29","guid":{"rendered":"https:\/\/pizbube.ch\/?post_type=product&#038;p=162832"},"modified":"2022-07-21T10:02:29","modified_gmt":"2022-07-21T08:02:29","slug":"huettenquartett-spezial-piccolo-e-bello","status":"publish","type":"product","link":"https:\/\/pizbube.ch\/en\/shop\/huettenquartett-spezial-piccolo-e-bello\/","title":{"rendered":"H\u00fcttenquartett Spezial: Piccolo e bello!"},"content":{"rendered":"<p>Mit 32 Kleinh\u00fctten aus dem ganzen Alpenraum.<\/p>\n<p>Architektonische Bijous treten gegen gelandete Raumkapseln, urige Klassiker und aber auch gegen die Mutter aller Biwaks an &#8211; spielerische Inspiration f\u00fcr Aktivit\u00e4ten jenseits der Grenze ist garantiert.<\/p>\n<p>Das H\u00fcttenquartett umfasst 33 Blatt, davon sind 32 Bildkarten, mit jeweils einem exklusiven Bildmotiv sowie den wesentlichen Kennzahlen der abgebildeten Objekte.<br \/>\nDie 33. Karte enth\u00e4lt vorder- und r\u00fcckseitig die Spielanleitung und eine kurze Legende zu den Kennzahlen. Der Kartenstapel ist eingefasst in eine schmuck gestaltete Spielkartonbox, die einen gut gesch\u00fctzten Transport erm\u00f6glicht.<\/p>\n<p>Karten aus Spielkartenkarton 300gr\/m2, beidseitig lackiert, Blattformat 62 mm x 100 mm.<\/p>","protected":false},"excerpt":{"rendered":"<p>Mit 32 Kleinh\u00fctten aus dem ganzen Alpenraum. Architektonische Bijous treten gegen gelandete Raumkapseln, urige Klassiker und aber auch gegen die Mutter aller Biwaks an &#8211; spielerische Inspiration f\u00fcr Aktivit\u00e4ten jenseits der Grenze ist garantiert. Das H\u00fcttenquartett umfasst 33 Blatt, davon sind 32 Bildkarten, mit jeweils einem exklusiven Bildmotiv sowie den wesentlichen Kennzahlen der abgebildeten Objekte. [&#8230;]\n","protected":false},"featured_media":162833,"template":"","meta":[],"product_brand":[],"product_cat":[21836,22143],"product_tag":[],"class_list":{"0":"post-162832","1":"product","2":"type-product","3":"status-publish","4":"has-post-thumbnail","6":"product_cat-geschenkideen","7":"product_cat-huettenverzeichnisse-hotelfuehrer","8":"pa_autor-michel","9":"pa_erscheinungsjahr-27013","10":"pa_region-deutschland","11":"pa_region-italien","12":"pa_region-oesterreich","13":"pa_region-schweiz","14":"pa_sprache-de","15":"pa_sprache-it","17":"first","18":"instock","19":"taxable","20":"shipping-taxable","21":"purchasable","22":"product-type-simple"},"_links":{"self":[{"href":"https:\/\/pizbube.ch\/en\/wp-json\/wp\/v2\/product\/162832","targetHints":{"allow":["GET"]}}],"collection":[{"href":"https:\/\/pizbube.ch\/en\/wp-json\/wp\/v2\/product"}],"about":[{"href":"https:\/\/pizbube.ch\/en\/wp-json\/wp\/v2\/types\/product"}],"wp:featuredmedia":[{"embeddable":true,"href":"https:\/\/pizbube.ch\/en\/wp-json\/wp\/v2\/media\/162833"}],"wp:attachment":[{"href":"https:\/\/pizbube.ch\/en\/wp-json\/wp\/v2\/media?parent=162832"}],"wp:term":[{"taxonomy":"product_brand","embeddable":true,"href":"https:\/\/pizbube.ch\/en\/wp-json\/wp\/v2\/product_brand?post=162832"},{"taxonomy":"product_cat","embeddable":true,"href":"https:\/\/pizbube.ch\/en\/wp-json\/wp\/v2\/product_cat?post=162832"},{"taxonomy":"product_tag","embeddable":true,"href":"https:\/\/pizbube.ch\/en\/wp-json\/wp\/v2\/product_tag?post=162832"}],"curies":[{"name":"wp","href":"https:\/\/api.w.org\/{rel}","templated":true}]}}