{"id":162854,"date":"2022-07-21T18:13:53","date_gmt":"2022-07-21T16:13:53","guid":{"rendered":"https:\/\/pizbube.ch\/?post_type=product&#038;p=162854"},"modified":"2022-08-27T11:41:50","modified_gmt":"2022-08-27T09:41:50","slug":"wandfussnoten-ein-kaleidoskop-des-kletterns","status":"publish","type":"product","link":"https:\/\/pizbube.ch\/en\/shop\/wandfussnoten-ein-kaleidoskop-des-kletterns\/","title":{"rendered":"Wandfussnoten &#8211; Ein Kaleidoskop des Kletterns"},"content":{"rendered":"<section class=\"page-section layout-engine-section background-width--full-bleed section-height--small content-width--medium horizontal-alignment--center vertical-alignment--bottom dark-bold\" data-test=\"page-section\" data-section-theme=\"dark-bold\" data-section-id=\"62850587de2ba63064d278d4\" data-controller=\"SectionWrapperController\" data-current-styles=\"{ &quot;imageOverlayOpacity&quot;: 0.15, &quot;backgroundWidth&quot;: &quot;background-width--full-bleed&quot;, &quot;sectionHeight&quot;: &quot;section-height--small&quot;, &quot;horizontalAlignment&quot;: &quot;horizontal-alignment--center&quot;, &quot;verticalAlignment&quot;: &quot;vertical-alignment--bottom&quot;, &quot;contentWidth&quot;: &quot;content-width--medium&quot;, &quot;sectionTheme&quot;: &quot;dark-bold&quot;, &quot;sectionAnimation&quot;: &quot;none&quot;, &quot;backgroundMode&quot;: &quot;image&quot; }\" data-current-context=\"{ &quot;video&quot;: { &quot;playbackSpeed&quot;: 0.5, &quot;filter&quot;: 1, &quot;filterStrength&quot;: 0, &quot;zoom&quot;: 0, &quot;videoSourceProvider&quot;: &quot;none&quot; }, &quot;backgroundImageId&quot;: null, &quot;typeName&quot;: &quot;page&quot; }\" data-animation=\"none\" data-controllers-bound=\"SectionWrapperController\" data-active=\"true\">\n<div class=\"content-wrapper\">\n<div class=\"content\">\n<div id=\"page-section-62850587de2ba63064d278d4\" class=\"sqs-layout sqs-grid-12 columns-12\" data-type=\"page-section\">\n<div class=\"row sqs-row\">\n<div class=\"col sqs-col-12 span-12\">\n<div id=\"block-9e9b0e8b1d3be9b55308\" class=\"sqs-block html-block sqs-block-html\" data-block-type=\"2\">\n<div class=\"sqs-block-content\">\n<div class=\"col sqs-col-5 span-5\">\n<div id=\"block-640669b9cded3b42dfa3\" class=\"sqs-block html-block sqs-block-html\" data-block-type=\"2\">\n<div class=\"sqs-block-content\">\n<p class=\"preFade fadeIn\">Die Finger schmerzen, die Freundin droht auszuziehen. Und die Polenta klebt wieder einmal pampig im Mund. Alles eine direkte Folge des Kletterns. Aber Grate und W\u00e4nde halten auch andere Erfahrungen bereit: Sonnenstrahlen, die Haut und Seele w\u00e4rmen. Seilschaften, die ohne Worte harmonieren. Wir lernen, mit Angst und Konkurrenz umzugehen, und uns nicht selbst unter Druck zu setzen. Was wir erleben, widerspiegelt, wer wir in diesem Moment sind.<\/p>\n<p class=\"preSlide slideIn\">\u00a0Durch dieses Kaleidoskop des Kletterns blickt Wandfussnoten in 22 Episoden. Erlebnisse, Reflexionen und historische Begebenheiten mischen sich zu einem lebendigen Gesamtbild. Von Durchhaltewillen, Geschick und innerem Kompass. Von br\u00fcchigen Rissen, nassen Platten und fehlenden Haken. Von Dogmatikern, Pfarrern und Champions. Von alter Liebe, jungem Ehrgeiz und ewiger Unverbesserlichkeit. Von gef\u00e4hrlichem Essen, entspannten Routen und Schl\u00fcsselstellen im Leben. Von Helden, Einfallspinseln und quengelnden Kindern.<\/p>\n<p>Inhalte \/ Kapitel:<\/p>\n<p>1. Muttermilch<br \/>\nWie stark sind unsere sportlichen (und anderen) F\u00e4higkeiten durch Genetik und Herkunft determiniert? Und in wie weit k\u00f6nnen wir unsere Entwicklung selber beeinflussen? Wie? Beispiele verschiedener Athleten und Familien, Rolle der Motivation.<\/p>\n<\/div>\n<\/div>\n<\/div>\n<\/div>\n<\/div>\n<\/div>\n<\/div>\n<\/div>\n<\/div>\n<\/div>\n<\/section>\n<section class=\"page-section user-items-list-section full-bleed-section dark-bold\" data-test=\"page-section\" data-section-theme=\"dark-bold\" data-section-id=\"628258ca94bec91da56bf4a1\" data-controller=\"SectionWrapperController\" data-current-styles=\"{ &quot;imageFocalPoint&quot;: { &quot;x&quot;: 0.5, &quot;y&quot;: 0.5 }, &quot;imageOverlayOpacity&quot;: 0.3, &quot;backgroundColor&quot;: &quot;white&quot;, &quot;sectionTheme&quot;: &quot;dark-bold&quot;, &quot;imageEffect&quot;: &quot;none&quot;, &quot;backgroundMode&quot;: &quot;generative&quot;, &quot;backgroundImage&quot;: null }\" data-current-context=\"{ &quot;video&quot;: { &quot;filter&quot;: 1, &quot;videoFallbackContentItem&quot;: null, &quot;nativeVideoContentItem&quot;: null, &quot;videoSourceProvider&quot;: &quot;none&quot; }, &quot;backgroundImageId&quot;: null, &quot;typeName&quot;: &quot;page&quot; }\" data-animation=\"\" data-json-schema-section=\"\" data-controllers-bound=\"SectionWrapperController\" data-active=\"true\">\n<div class=\"content-wrapper\">\n<div class=\"content\">\n<div class=\"user-items-list\" data-card-theme=\"\" data-section-id=\"user-items-list\" data-section-title-enabled=\"false\" data-space-below-section-title-value=\"40\" data-space-below-section-title-unit=\"px\" data-layout-width=\"inset\">\n<div class=\"list-item-content__text-wrapper\">\n<p class=\"list-item-content__title preSlide slideIn\">2. N\u00e4sse<br \/>\nStart in einen Klettertag unter schwierigen Bedingungen. Ein emotionales Erlebnis.<\/p>\n<\/div>\n<div class=\"list-item-content__text-wrapper\">\n<p class=\"list-item-content__title preSlide slideIn\">3. Teamwork<br \/>\nVerbunden in einer Seilschaft; der Wert eines guten Kletterpartners. Vertrauen und gemeinsame Ziele. Beispiele erfolgreicher Seilschaften. Mit wem klappt\u2019s, mit wem nicht?<\/p>\n<\/div>\n<div class=\"list-item-content__text-wrapper\">\n<p class=\"list-item-content__title preSlide slideIn\">4. Fan-Post<br \/>\nEine Hommage an Dani Arnold in Briefform.<\/p>\n<div class=\"list-item-content__description\">5. Herzschmerz<\/div>\n<\/div>\n<div class=\"list-item-content__text-wrapper\">\n<div class=\"list-item-content__description\">Beim Klettern kommt man sich nahe, durchlebt intensive Momente. Kitt oder Belastung f\u00fcr eine Beziehung? Beziehungsgestaltung als Aufgabe f\u00fcr beide Partner. Kletterliebe als Chance und Risiko f\u00fcr Profis, prim\u00e4r als Herausforderung f\u00fcr Breitensportler. Wann f\u00f6rdert eine Beziehung die sportliche Leistung, wann bremst sie?<\/div>\n<\/div>\n<div class=\"list-item-content__text-wrapper\">\n<p class=\"list-item-content__title preSlide slideIn\">6. Polenta<br \/>\nEine kurze, kulinarisch-alpine Leidensgeschichte.<\/p>\n<p class=\"list-item-content__title preSlide slideIn\">7. Training<br \/>\nBedeutung k\u00f6rperlicher Grundverfassung. Trainingswille. Kraft vs. Technik im Klettern. Fallbeispiele aus verschiedenen Sportarten. Musterbeispiel Hermann Maier. Pionierleistung Wolfgang G\u00fcllichs. Leistungsdichte an der Spitze. Durch Kreativit\u00e4t ein optimales Trainingsumfeld schaffen. Ziele und Trainingsarten.<\/p>\n<\/div>\n<div class=\"list-item-content__text-wrapper\">\n<p class=\"list-item-content__title preSlide slideIn\">8. Kindersicherung<br \/>\nBeschreibung erscheint hierVerblendung f\u00fchrt zu Selbstgef\u00e4hrdung. Eine \u00fcberspitzt widergegebene Beobachtung.<\/p>\n<\/div>\n<div class=\"list-item-content__text-wrapper\">\n<p class=\"list-item-content__title preSlide slideIn\">9. Sehen<br \/>\nAntizipieren und Erkennen von Gefahr. Entscheiden auf Basis des jeweiligen Wissensstands. Welche Schl\u00fcsse ziehen wir aus unserer Wahrnehmung? Wie pr\u00e4gt unser Verhalten unsere Beziehung zu anderen? Sehen, was f\u00fcr uns passt, was uns Freude bereitet. Die richtige Abzweigung nehmen.<\/p>\n<\/div>\n<div class=\"list-item-content__text-wrapper\">\n<p class=\"list-item-content__title preSlide slideIn\">10. Paartherapie<br \/>\nZeuge eines allt\u00e4glichen Dramas.<\/p>\n<\/div>\n<p class=\"list-item-content__title preSlide slideIn\">11. Absage an die Ethik<br \/>\nUmfassende Analyse der Kritik an Bohrhaken. Eine Replik an die Puristen.<\/p>\n<div class=\"list-item-content__text-wrapper\">\n<p class=\"list-item-content__title preSlide slideIn\">12. Busfahrt<br \/>\nPersiflage einer realen Kletterfamilie.<\/p>\n<\/div>\n<div class=\"list-item-content__text-wrapper\">\n<p class=\"list-item-content__title preSlide slideIn\">13. N\u00fcchterne Emotionen<br \/>\nKrise und \u00dcberwindung \u2013 das Beispiel Walter Bonatti. Der (fehlende) Nutzen des Kletterns. Motivation und Leidenschaft, ohne objektiven Sinn. Best\u00e4tigung vor uns selber. Auseinandersetzung mit unseren St\u00e4rken, Schw\u00e4chen und Einstellungen. \u00dcbung an uns selber.<\/p>\n<\/div>\n<div class=\"list-item-content__text-wrapper\">\n<p class=\"list-item-content__title preSlide slideIn\">14. Cordon Bleu<br \/>\nFalsch abgebissen, nochmal gut gegangen.<\/p>\n<\/div>\n<div class=\"list-item-content__text-wrapper\">\n<p class=\"list-item-content__title preSlide slideIn\">15. Wettbewerb<br \/>\nDer indirekte Vergleich der Kletterer. Packende Duelle \u2013 die wahre W\u00fcrze des Sports. Social Media. Buhlen um die Gunst der Sponsoren. Doping. Kletterer als Teil des Wettbewerbs der Unternehmen. Sieger im Sport, Sieger im Leben? Kantige Vorbilder, leider ein Ph\u00e4nomen der Vergangenheit. Wie viel Geld?<\/p>\n<\/div>\n<div class=\"list-item-content__text-wrapper\">\n<p class=\"list-item-content__title preSlide slideIn\">16. Beratung und andere L\u00fcgen<br \/>\nSieben Aussagen, die gut und freundlich klingen, aber dennoch oft nicht stimmen.<\/p>\n<\/div>\n<p class=\"list-item-content__title preSlide slideIn\">17. Licht<br \/>\nErfahren der Morgend\u00e4mmerung mit allen Sinnen.<\/p>\n<p class=\"list-item-content__title preSlide slideIn\">18. Vertigo<br \/>\nMechanismen der Angst, Sturzangst im Speziellen. Wenn die Angst fehlt. Einfluss unserer psychischen Verfassung auf die Kletterleistung. Sensibilit\u00e4t f\u00fcr den jeweiligen Zustand. Selbsterzeugter Druck. Zielverfolgung und Zufriedenheit.<\/p>\n<div class=\"list-item-content__text-wrapper\">\n<p class=\"list-item-content__title preSlide slideIn\">19. Lufttorpedo<br \/>\nNaivit\u00e4t und Risikobereitschaft bei engen Verh\u00e4ltnissen in der Halle.<\/p>\n<\/div>\n<div class=\"list-item-content__text-wrapper\">\n<p class=\"list-item-content__title preSlide slideIn\">20. Absturz<br \/>\nBericht eines schweren Unfalls. Erkenntnisse mangels m\u00f6glicher Erkenntnisse. Umgang mit dem Unfalltod \u2013 Wertesysteme der Gesellschaft als Basis der individuellen Reaktion. Religi\u00f6se, philosophische und historische Einfl\u00fcsse. Trend zur \u00c4chtung von Gefahr und Risiko.<\/p>\n<\/div>\n<div class=\"list-item-content__text-wrapper\">\n<p class=\"list-item-content__title preSlide slideIn\">21. Der H\u00fcttenwart<br \/>\nAuch wenn oft Schauergeschichten herumgereicht werden: Solche Typen gibt\u2019s wirklich.<\/p>\n<\/div>\n<div class=\"list-item-content\">\n<div class=\"list-item-content__text-wrapper\">\n<p>22. Was bleibt<br \/>\nAuch der beste Kletterer wird irgendwann alt und muss sterben. Das wirft zwei Fragen auf: Wie kann man m\u00f6glichst lange dabei bleiben? Und: Was muss man tun, um zufrieden zur\u00fcck blicken zu k\u00f6nnen, wenn die Kr\u00e4fte versagen, obwohl der Geist noch m\u00f6chte?<\/p>\n<\/div>\n<\/div>\n<p>1. Auflage 2022; 164 Seiten<\/p>\n<\/div>\n<\/div>\n<\/div>\n<\/section>","protected":false},"excerpt":{"rendered":"<p>Die Finger schmerzen, die Freundin droht auszuziehen. Und die Polenta klebt wieder einmal pampig im Mund. Alles eine direkte Folge des Kletterns. Aber Grate und W\u00e4nde halten auch andere Erfahrungen bereit: Sonnenstrahlen, die Haut und Seele w\u00e4rmen. Seilschaften, die ohne Worte harmonieren. Wir lernen, mit Angst und Konkurrenz umzugehen, und uns nicht selbst unter Druck [&#8230;]\n","protected":false},"featured_media":162855,"template":"","meta":[],"product_brand":[],"product_cat":[21629],"product_tag":[],"class_list":{"0":"post-162854","1":"product","2":"type-product","3":"status-publish","4":"has-post-thumbnail","6":"product_cat-belletristik","7":"pa_autor-blum","8":"pa_erscheinungsjahr-27013","9":"pa_region-schweiz","10":"pa_sprache-de","12":"first","13":"instock","14":"taxable","15":"shipping-taxable","16":"purchasable","17":"product-type-simple"},"_links":{"self":[{"href":"https:\/\/pizbube.ch\/en\/wp-json\/wp\/v2\/product\/162854","targetHints":{"allow":["GET"]}}],"collection":[{"href":"https:\/\/pizbube.ch\/en\/wp-json\/wp\/v2\/product"}],"about":[{"href":"https:\/\/pizbube.ch\/en\/wp-json\/wp\/v2\/types\/product"}],"wp:featuredmedia":[{"embeddable":true,"href":"https:\/\/pizbube.ch\/en\/wp-json\/wp\/v2\/media\/162855"}],"wp:attachment":[{"href":"https:\/\/pizbube.ch\/en\/wp-json\/wp\/v2\/media?parent=162854"}],"wp:term":[{"taxonomy":"product_brand","embeddable":true,"href":"https:\/\/pizbube.ch\/en\/wp-json\/wp\/v2\/product_brand?post=162854"},{"taxonomy":"product_cat","embeddable":true,"href":"https:\/\/pizbube.ch\/en\/wp-json\/wp\/v2\/product_cat?post=162854"},{"taxonomy":"product_tag","embeddable":true,"href":"https:\/\/pizbube.ch\/en\/wp-json\/wp\/v2\/product_tag?post=162854"}],"curies":[{"name":"wp","href":"https:\/\/api.w.org\/{rel}","templated":true}]}}