{"id":162960,"date":"2022-08-02T11:02:27","date_gmt":"2022-08-02T09:02:27","guid":{"rendered":"https:\/\/pizbube.ch\/?post_type=product&#038;p=162960"},"modified":"2022-08-02T11:07:48","modified_gmt":"2022-08-02T09:07:48","slug":"mtb-sulle-montagne-bresciane","status":"publish","type":"product","link":"https:\/\/pizbube.ch\/en\/shop\/mtb-sulle-montagne-bresciane\/","title":{"rendered":"MTB sulle MONTAGNE BRESCIANE"},"content":{"rendered":"<div class=\"page\" title=\"Page 1\">\n<div class=\"section\">\n<div class=\"layoutArea\">\n<div class=\"column\">\n<p>88 Itinerari tra la Valle Sabbia, Valle del Gaver, Valle del Garza, Val Trompia, Lago d\u2019Iseo, Val Palot e la Val Camonica<\/p>\n<\/div>\n<\/div>\n<\/div>\n<\/div>\n<p>La provincia di Brescia \u00e8 la pi\u00f9 estesa della Lombardia e con i suoi 4.786 km quadrati e 205 comuni \u00e8 tra le prime 20 in Italia. Gode di una tipologia di zone e territori che possono essere vissuti in tutte le stagioni dell\u2019anno.<\/p>\n<p>In questo volume troverete la seconda parte di un lungo percorso che vi porter\u00e0 a scoprire e percorrere circa 2.700 km per un totale di 188.000 metri di dislivello divisi in 88 itinerari. Sono sette le macro aree di questa guida e potrete scegliere di partire indipendentemente dall\u2019una o dall\u2019altra. Dalla Val Sabbia alla Valle del Gaver poi la Valle del Garza con la Val Trompia, il Lago d\u2019Iseo e la Val Palot fino alla stupenda Val Camonica. Partiremo dai 186m di altezza di Iseo e vi porteremo fino all\u2019anticima del passo Gavia a 3.030m dove dominerete il mondo.<\/p>\n<p>Gli itinerari presenti nella guida sono descritti dettagliatamente con planimetrie e tracce GPS arricchite da waypoints. Perdervi sar\u00e0 impossibile, anzi vi condurremo e spiegheremo tutto quello che vorrete scoprire. In base alle vostre capacit\u00e0, grado di allenamento e tempo vi saranno indicate delle legende con il grado di difficolt\u00e0 per iniziare gradualmente la visita dei nostri trails. Non abbiate fretta perch\u00e8 avrete modo di sfogarvi e le vostre aspettative, anche quelle pi\u00f9 esigenti, saranno soddisfatte. Sono presenti nella guida alcune parti tematiche che parlano della storia, delle leggende e dei punti pi\u00f9 caratteristici che visiterete ma anche consigli dove fermarvi a degustare le eccellenze dei nostri territori durante i vostri tour.<\/p>\n<p>528 pagine<\/p>","protected":false},"excerpt":{"rendered":"<p>88 Itinerari tra la Valle Sabbia, Valle del Gaver, Valle del Garza, Val Trompia, Lago d\u2019Iseo, Val Palot e la Val Camonica La provincia di Brescia \u00e8 la pi\u00f9 estesa della Lombardia e con i suoi 4.786 km quadrati e 205 comuni \u00e8 tra le prime 20 in Italia. Gode di una tipologia di zone [&#8230;]\n","protected":false},"featured_media":162961,"template":"","meta":[],"product_brand":[],"product_cat":[21606],"product_tag":[],"class_list":{"0":"post-162960","1":"product","2":"type-product","3":"status-publish","4":"has-post-thumbnail","6":"product_cat-mountainbikefuehrer","7":"pa_autor-artioli","8":"pa_erscheinungsjahr-27013","9":"pa_region-italien","10":"pa_sprache-it","12":"first","13":"instock","14":"taxable","15":"shipping-taxable","16":"purchasable","17":"product-type-simple"},"_links":{"self":[{"href":"https:\/\/pizbube.ch\/en\/wp-json\/wp\/v2\/product\/162960","targetHints":{"allow":["GET"]}}],"collection":[{"href":"https:\/\/pizbube.ch\/en\/wp-json\/wp\/v2\/product"}],"about":[{"href":"https:\/\/pizbube.ch\/en\/wp-json\/wp\/v2\/types\/product"}],"wp:featuredmedia":[{"embeddable":true,"href":"https:\/\/pizbube.ch\/en\/wp-json\/wp\/v2\/media\/162961"}],"wp:attachment":[{"href":"https:\/\/pizbube.ch\/en\/wp-json\/wp\/v2\/media?parent=162960"}],"wp:term":[{"taxonomy":"product_brand","embeddable":true,"href":"https:\/\/pizbube.ch\/en\/wp-json\/wp\/v2\/product_brand?post=162960"},{"taxonomy":"product_cat","embeddable":true,"href":"https:\/\/pizbube.ch\/en\/wp-json\/wp\/v2\/product_cat?post=162960"},{"taxonomy":"product_tag","embeddable":true,"href":"https:\/\/pizbube.ch\/en\/wp-json\/wp\/v2\/product_tag?post=162960"}],"curies":[{"name":"wp","href":"https:\/\/api.w.org\/{rel}","templated":true}]}}