{"id":162970,"date":"2022-08-02T11:32:42","date_gmt":"2022-08-02T09:32:42","guid":{"rendered":"https:\/\/pizbube.ch\/?post_type=product&#038;p=162970"},"modified":"2022-08-02T11:50:22","modified_gmt":"2022-08-02T09:50:22","slug":"zu-fuss-unterwegs-116-touren-im-primiero-und-der-palagruppe","status":"publish","type":"product","link":"https:\/\/pizbube.ch\/en\/shop\/zu-fuss-unterwegs-116-touren-im-primiero-und-der-palagruppe\/","title":{"rendered":"ZU FUSS UNTERWEGS &#8211; 116 Touren im Primiero und der Palagruppe"},"content":{"rendered":"<p>Egal ob Wanderneuling oder erfahrene(r) Bergwanderin\/Bergwanderer \u2013 dieser F\u00fchrer soll zu wundersch\u00f6nen, interessanten und genussreichen Touren in einer der gewaltigsten Berggruppen der Dolomiten inspirieren. In diesem Buch findet sich eine Vielzahl an Wanderungen in einem weitem Spektrum, das von einfachen Spazierwegen bis hin zu recht anstrengenden Bergtouren reicht.<\/p>\n<p>Im Mittelpunkt dieses F\u00fchrers steht die Palagruppe, wir haben uns aber nicht nur auf diese beschr\u00e4nkt, sondern beschreiben viele weitere, lohnende und faszinierende Wanderwege im und um das PrimieroTal herum. Das beschriebene Gebiet reicht von der Lagorai-Bergkette \u00fcber das Vanoi-Tal, San Martino di Castrozza, den Passo Rolle und den Passo Valles, das Val Canali und die Palagruppe bis hin zu den weniger bekannten, aber ebenso beeindruckenden Gebirgsgruppen der Vette Feltrine und Cimonega. Nicht nur die einzelnen Touren werden anschaulich und in Text und Bild genau beschrieben, es wird auch auf besonders sch\u00f6ne und reizvolle Orte und Ecken bei den verschiedenen Wanderungen verwiesen.<\/p>\n<p>Von den zahllosen M\u00f6glichkeiten, die sich hier anbieten, haben wir diejenigen Wanderungen ausgew\u00e4hlt, welche eine m\u00f6glichst logische und doch individuelle Wegf\u00fchrung beinhalten.<\/p>\n<p>Dieser F\u00fchrer l\u00e4dt dazu ein, eine vielleicht nicht ganz so bekannte, aber unglaublich faszinierende Region in den s\u00fcdlichen Dolomiten zu entdecken und n\u00e4her kennenzulernen \u2013 eine Region, welche auf eine langj\u00e4hrige touristische und alpine Tradition zur\u00fcckblickt.<\/p>\n<p>Primiero Hiking:\u00a0Hinter der Bezeichnung \u201ePrimiero Hiking\u201c verbirgt sich eine Gruppe von Freunden, die in dieser Ecke der Dolomiten \u2013 einem recht unbekannten Paradies zwischen S\u00fcdtirol und Venetien \u2013 geboren wurden und schon viele Jahrzehnte hier leben. Die Freunde verbindet eine gro\u00dfe Leidenschaft zum Wandern, zu jeder Jahreszeit und in jeglichem Schwierigkeitsbereich. Ihre Erfahrungen haben sie im Laufe der Jahre zusammengetragen, ihre Kenntnisse in Kartografie und Fotografie sind in diesen F\u00fchrer eingeflossen und bestimmen somit auch den Inhalt.<br \/>\nDie Gruppe hofft, einen reichhaltigen und qualit\u00e4tsvollen F\u00fchrer geschaffen zu haben, der wanderbegeisterte Besucherinnen und Besucher dieser Region zu vielen sch\u00f6nen Unternehmungen animiert.<\/p>\n<p>552 Seiten<\/p>","protected":false},"excerpt":{"rendered":"<p>Egal ob Wanderneuling oder erfahrene(r) Bergwanderin\/Bergwanderer \u2013 dieser F\u00fchrer soll zu wundersch\u00f6nen, interessanten und genussreichen Touren in einer der gewaltigsten Berggruppen der Dolomiten inspirieren. In diesem Buch findet sich eine Vielzahl an Wanderungen in einem weitem Spektrum, das von einfachen Spazierwegen bis hin zu recht anstrengenden Bergtouren reicht. Im Mittelpunkt dieses F\u00fchrers steht die Palagruppe, [&#8230;]\n","protected":false},"featured_media":162971,"template":"","meta":[],"product_brand":[],"product_cat":[21605],"product_tag":[],"class_list":{"0":"post-162970","1":"product","2":"type-product","3":"status-publish","4":"has-post-thumbnail","6":"product_cat-wanderfuehrer-trekking","7":"pa_autor-primiero-hiking","8":"pa_erscheinungsjahr-27013","9":"pa_region-italien","10":"pa_sprache-de","12":"first","13":"instock","14":"taxable","15":"shipping-taxable","16":"purchasable","17":"product-type-simple"},"_links":{"self":[{"href":"https:\/\/pizbube.ch\/en\/wp-json\/wp\/v2\/product\/162970","targetHints":{"allow":["GET"]}}],"collection":[{"href":"https:\/\/pizbube.ch\/en\/wp-json\/wp\/v2\/product"}],"about":[{"href":"https:\/\/pizbube.ch\/en\/wp-json\/wp\/v2\/types\/product"}],"wp:featuredmedia":[{"embeddable":true,"href":"https:\/\/pizbube.ch\/en\/wp-json\/wp\/v2\/media\/162971"}],"wp:attachment":[{"href":"https:\/\/pizbube.ch\/en\/wp-json\/wp\/v2\/media?parent=162970"}],"wp:term":[{"taxonomy":"product_brand","embeddable":true,"href":"https:\/\/pizbube.ch\/en\/wp-json\/wp\/v2\/product_brand?post=162970"},{"taxonomy":"product_cat","embeddable":true,"href":"https:\/\/pizbube.ch\/en\/wp-json\/wp\/v2\/product_cat?post=162970"},{"taxonomy":"product_tag","embeddable":true,"href":"https:\/\/pizbube.ch\/en\/wp-json\/wp\/v2\/product_tag?post=162970"}],"curies":[{"name":"wp","href":"https:\/\/api.w.org\/{rel}","templated":true}]}}