{"id":163057,"date":"2022-08-05T16:35:24","date_gmt":"2022-08-05T14:35:24","guid":{"rendered":"https:\/\/pizbube.ch\/?post_type=product&#038;p=163057"},"modified":"2024-08-15T08:49:12","modified_gmt":"2024-08-15T06:49:12","slug":"hochkoenig-kletterfuehrer-kopie","status":"publish","type":"product","link":"https:\/\/pizbube.ch\/en\/shop\/hochkoenig-kletterfuehrer-kopie\/","title":{"rendered":"Hochk\u00f6nig Kletterf\u00fchrer"},"content":{"rendered":"<p>Kletterf\u00fchrer Hochk\u00f6nig \u2013 Kalk im Kaiser-Format.<\/p>\n<p>Eigentlich ist das Hochk\u00f6nig-Gebiet lediglich der s\u00fcd\u00f6stliche Zipfel der Berchtesgadener Alpen. Ein Teilgebiet nur, aber was f\u00fcr eines! Alles ist hier au\u00dfergew\u00f6hnlich: Die Konzentration an Felsw\u00e4nden auf engstem Raum, die herausragende Qualit\u00e4t des Gesteins, die ganz besondere Erschlie\u00dfungsgeschichte.<\/p>\n<p>Seit dem Panico-Kletterf\u00fchrer von 2002 tauchten Hochk\u00f6nig-Routen allerdings nur noch sporadisch in Auswahlf\u00fchrern auf, ein eigener Kletterf\u00fchrer fehlte.<br \/>\nDaf\u00fcr liegt nun ein umfassender, mit wissenschaftlicher Akribie erstellter Gebietsf\u00fchrer vor, der endlich dem entspricht, was das Hochk\u00f6nig-Gebiet ist \u2013 eines der absoluten Top-Klettergebiet der gesamten Alpen.<\/p>\n<p>Mit langen, wilden Wegen, f\u00fcr die das Gebiet jahrzehntelang ber\u00fchmt-ber\u00fcchtigt war, aber mit einer ebensolchen F\u00fclle zeitgem\u00e4\u00dfer alpiner Sportklettereien der Extraklasse.<\/p>\n<p>Das Buch enth\u00e4lt einen Downloadcode f\u00fcr ein 248-seitiges eBook. Es erwarten euch fingerlochgenaue Verbalbeschreibungen zahlreicher Routen, Seill\u00e4nge f\u00fcr Seill\u00e4nge. Puristen aufgepasst: nach der Lekt\u00fcre dieser Informationen ist eine On-Sight-Begehung der vorgestellten Route de facto kaum mehr m\u00f6glich. ;))<\/p>\n<p>1. Auflage 2022, ca. 496 Seiten, 115 x 185 mm, Softcover, komplett 4 Farbig, Schutzh\u00fclle<\/p>\n<p>&nbsp;<\/p>","protected":false},"excerpt":{"rendered":"<p><a href=\"https:\/\/pizbube.ch\/wp-content\/uploads\/2022\/08\/Gratis-Topo_Hochkoenig.pdf\"><strong>Gratis-Topo_Hochk\u00f6nig<\/strong><\/a><\/p>","protected":false},"featured_media":163053,"template":"","meta":[],"product_brand":[],"product_cat":[21539],"product_tag":[],"class_list":{"0":"post-163057","1":"product","2":"type-product","3":"status-publish","4":"has-post-thumbnail","6":"product_cat-fuehrerliteratur-sportklettern-bouldern","7":"pa_autor-berger-dertnig-kuehberger","8":"pa_erscheinungsjahr-27013","9":"pa_region-oesterreich","10":"pa_sprache-de","12":"first","13":"instock","14":"taxable","15":"shipping-taxable","16":"purchasable","17":"product-type-simple"},"_links":{"self":[{"href":"https:\/\/pizbube.ch\/en\/wp-json\/wp\/v2\/product\/163057","targetHints":{"allow":["GET"]}}],"collection":[{"href":"https:\/\/pizbube.ch\/en\/wp-json\/wp\/v2\/product"}],"about":[{"href":"https:\/\/pizbube.ch\/en\/wp-json\/wp\/v2\/types\/product"}],"wp:featuredmedia":[{"embeddable":true,"href":"https:\/\/pizbube.ch\/en\/wp-json\/wp\/v2\/media\/163053"}],"wp:attachment":[{"href":"https:\/\/pizbube.ch\/en\/wp-json\/wp\/v2\/media?parent=163057"}],"wp:term":[{"taxonomy":"product_brand","embeddable":true,"href":"https:\/\/pizbube.ch\/en\/wp-json\/wp\/v2\/product_brand?post=163057"},{"taxonomy":"product_cat","embeddable":true,"href":"https:\/\/pizbube.ch\/en\/wp-json\/wp\/v2\/product_cat?post=163057"},{"taxonomy":"product_tag","embeddable":true,"href":"https:\/\/pizbube.ch\/en\/wp-json\/wp\/v2\/product_tag?post=163057"}],"curies":[{"name":"wp","href":"https:\/\/api.w.org\/{rel}","templated":true}]}}